{"id":26883,"date":"2018-08-22T05:51:22","date_gmt":"2018-08-22T03:51:22","guid":{"rendered":"https:\/\/www.claret.org\/24-de-fevereiro-nicolau-garci%c2%ada-superior-geral\/"},"modified":"2018-08-22T05:51:22","modified_gmt":"2018-08-22T03:51:22","slug":"24-de-fevereiro-nicolau-garci%c2%ada-superior-geral","status":"publish","type":"page","link":"https:\/\/www.claret.org\/pt-pt\/efemerides\/24-de-fevereiro-nicolau-garci%c2%ada-superior-geral\/","title":{"rendered":"24 de Fevereiro &#8211; Nicolau Garc\u00ed\u00ada, Superior Geral"},"content":{"rendered":"<p>Nasceu em Hormicedo (Burgos &#8211; Espanha) no dia 23 de dezembro 1869. Fez o postulantado em Seg\u00f3via e professou em Alag\u00f3n no dia 16 de dezembro de 1886. Foi ordenado sacerdote em Santo Domingo de la Calzada no dia 13 de maio de 1894 e foi enviado \u00e0 It\u00e1lia como Superior local da casa de San Felice. De volta \u00e0 Espanha foi professor de filosofia em Cervera e mais tarde superior da casa de Zamora.<\/p>\n<p><img data-recalc-dims=\"1\" loading=\"lazy\" decoding=\"async\" class=\"alignleft\" title=\"\" src=\"https:\/\/i0.wp.com\/www2.claret.org\/sites\/default\/files\/imagenes\/espiritualidad\/calendario\/07-nicolas_garca.jpg?resize=300%2C451\" alt=\"\" width=\"300\" height=\"451\"><\/p>\n<p>Em 1912 foi nomeado Superior Provincial da B\u00e9tica, cargo para o qual foi reeleito em 1918, para outro sex\u00eanio. Em 1922 foi eleito Superior Geral por doze anos (1922-1934) no XII Cap\u00edtulo Geral acontecido em Vic. Falecido repentinamente o Revmo. Padre Felipe Maroto em 1937, foi de novo eleito Superior Geral para o per\u00edodo de 1937-1949 no XIV Cap\u00edtulo Geral, feito em Albano. Apesar das dificuldades vocacionais e formativas que teve que enfrentar e suas consequ\u00eancias mission\u00e1rias, durante seu duplo mandato realizou um magn\u00edfico trabalho de governo dando um grande impuldo quantitativo e qualitativo \u00e0 Congrega\u00e7\u00e3o. Faleceu em Roma no dia 24 de fevereiro de 1950.<\/p>\n<p>Foi um religioso exemplar em todos os sentidos, fiel ao nosso projeto de vida expresso nas Constitui\u00e7\u00f5es e sempre movido por um grande amor \u00e0 Igreja e \u00e0 Congrega\u00e7\u00e3o.<\/p>\n<p>Fez quase uma centena de funda\u00e7\u00f5es, abriu a Congrega\u00e7\u00e3o \u00e0s miss\u00f5es de Dari\u00e9n (Panam\u00e1), S\u00e3o Jos\u00e9 de Tocantins (Brasil) e China e se preocupou de modo especial pela qualifica\u00e7\u00e3o cient\u00edfica e pastoral dos Mission\u00e1rios. Em v\u00e9speras do centen\u00e1rio da sua funda\u00e7\u00e3o (1949), a Congrega\u00e7\u00e3o contava com 2.638 professos e 160 novi\u00e7os. Tinha 240 casas, espalhadas pelos quatro Continentes: 97 na Europa, 8 na \u00c1sia, 11 na \u00c1frica e 124 na Am\u00e9rica. Todas elas configuradas em 10 Prov\u00edncias, 2 Vice-prov\u00edncias e 5 Visitadorias. Entre as dignidades hier\u00e1rquicas da Igreja, a Congrega\u00e7\u00e3o contava em seu primeiro s\u00e9culo de exist\u00eancia com 3 Arcebispos, 8 Bispos, 1 Vig\u00e1rio Apost\u00f3lico e 6 Prefeitos Apost\u00f3licos.<\/p>\n<p>Ele nos deixou um magist\u00e9rio riqu\u00edssimo em doutrina sobre a vida religiosa, a dimens\u00e3o carism\u00e1tica e a problem\u00e1tica vocacional e formativa. Depois dos acontecimentos martiriais que ceifaram a vida de tantos irm\u00e3os na Espanha, especialmente estudantes, escreveu as circulares sobre alguns acordos capitulares (1937) e a Voca\u00e7\u00e3o Mission\u00e1ria (1938). Sobre a forma\u00e7\u00e3o na Congrega\u00e7\u00e3o, escreveu as circulares entituladas &#8220;Forma\u00e7\u00e3o de nossos estudantes&#8221; (1932)  e Forma\u00e7\u00e3o religiosa, mission\u00e1ria e Claretiana (1947), pedindo sempre uma forma\u00e7\u00e3o de qualidade para poder responder aos desafios do momento presente.<\/p>\n<p>A todos os Claretianos pedia que cultivassem a pr\u00f3pria voca\u00e7\u00e3o de uma maneira constante. Lembrava-nos que era um erro de fatais consequ\u00eancias crer que, uma vez recebida a gra\u00e7a vocacional e ter sido incorporado na Congrega\u00e7\u00e3o, n\u00e3o haveria mais com que preocupar-se. Ao contr\u00e1rio, \u00e9 necess\u00e1rio cultivar a voca\u00e7\u00e3o, como se cultiva uma planta fraca e delicada, que se quer fazer crescer e desenvolver. A voca\u00e7\u00e3o, dizia ele, \u00e9 uma gra\u00e7a e gra\u00e7a singular\u00edssima; esta gra\u00e7a, se n\u00e3o \u00e9 correspondeida, se perde; por isso deve ser trabalho de todos o cultivo vocacional e sempre.<\/p>\n","protected":false},"excerpt":{"rendered":"<p>Nasceu em Hormicedo (Burgos &#8211; Espanha) no dia 23 de dezembro 1869. Fez o postulantado em Seg\u00f3via e professou em Alag\u00f3n no dia 16 de dezembro de 1886. Foi ordenado sacerdote em Santo Domingo de la Calzada no dia 13 de maio de 1894 e foi enviado \u00e0 It\u00e1lia como Superior local da casa de [&hellip;]<\/p>\n","protected":false},"author":69,"featured_media":26878,"parent":33284,"menu_order":0,"comment_status":"closed","ping_status":"closed","template":"","meta":{"_et_pb_use_builder":"","_et_pb_old_content":"","_et_gb_content_width":"","footnotes":""},"class_list":["post-26883","page","type-page","status-publish","has-post-thumbnail","hentry"],"jetpack_sharing_enabled":true,"jetpack_shortlink":"https:\/\/wp.me\/PdaBmi-6ZB","jetpack_likes_enabled":true,"_links":{"self":[{"href":"https:\/\/www.claret.org\/pt-pt\/wp-json\/wp\/v2\/pages\/26883","targetHints":{"allow":["GET"]}}],"collection":[{"href":"https:\/\/www.claret.org\/pt-pt\/wp-json\/wp\/v2\/pages"}],"about":[{"href":"https:\/\/www.claret.org\/pt-pt\/wp-json\/wp\/v2\/types\/page"}],"author":[{"embeddable":true,"href":"https:\/\/www.claret.org\/pt-pt\/wp-json\/wp\/v2\/users\/69"}],"replies":[{"embeddable":true,"href":"https:\/\/www.claret.org\/pt-pt\/wp-json\/wp\/v2\/comments?post=26883"}],"version-history":[{"count":0,"href":"https:\/\/www.claret.org\/pt-pt\/wp-json\/wp\/v2\/pages\/26883\/revisions"}],"up":[{"embeddable":true,"href":"https:\/\/www.claret.org\/pt-pt\/wp-json\/wp\/v2\/pages\/33284"}],"wp:featuredmedia":[{"embeddable":true,"href":"https:\/\/www.claret.org\/pt-pt\/wp-json\/wp\/v2\/media\/26878"}],"wp:attachment":[{"href":"https:\/\/www.claret.org\/pt-pt\/wp-json\/wp\/v2\/media?parent=26883"}],"curies":[{"name":"wp","href":"https:\/\/api.w.org\/{rel}","templated":true}]}}