{"id":26903,"date":"2018-08-22T06:25:10","date_gmt":"2018-08-22T04:25:10","guid":{"rendered":"https:\/\/www.claret.org\/25-de-fevereiro-beatificacao-do-padre-fundador\/"},"modified":"2018-08-22T06:25:10","modified_gmt":"2018-08-22T04:25:10","slug":"25-de-fevereiro-beatificacao-do-padre-fundador","status":"publish","type":"page","link":"https:\/\/www.claret.org\/pt-pt\/efemerides\/25-de-fevereiro-beatificacao-do-padre-fundador\/","title":{"rendered":"25 de Fevereiro &#8211; Beatifica\u00e7\u00e3o do Padre Fundador"},"content":{"rendered":"<p style=\"text-align: justify;\">A celebra\u00e7\u00e3o da Beatifica\u00e7\u00e3o foi uma festa grande para toda a Congrega\u00e7\u00e3o que pode sentir-se representada na Bas\u00edlica de S\u00e3o Pedro com a presen\u00e7a de todos os membros do XIII Cap\u00edtulo Geral, que em breve come\u00e7aria.<\/p>\n<p style=\"text-align: justify;\"><img data-recalc-dims=\"1\" loading=\"lazy\" decoding=\"async\" class=\"alignleft\" title=\"\" src=\"https:\/\/i0.wp.com\/www2.claret.org\/sites\/default\/files\/imagenes\/espiritualidad\/calendario\/08-beatificacin_claretcervera_1934.jpg?resize=301%2C200\" alt=\"\" width=\"301\" height=\"200\"><\/p>\n<p style=\"text-align: justify;\">De fato, a Beatifica\u00e7\u00e3o do Padre Fundador foi um momento de gra\u00e7a que dinamizou a vida dos Mission\u00e1rios espalhados pelo mundo inteiro. O caminho de seguimento de Jesus como Mission\u00e1rios ao estilo de Claret ficava ratificado oficialmente pela Igreja como um caminho de santifica\u00e7\u00e3o aut\u00eantico e fecundo. A luz deste acontecimento iluminou dito Cap\u00edtulo Geral que se abriu no dia 15 de mar\u00e7o de 1934.<\/p>\n<p style=\"text-align: justify;\">No dia 25 de fevereiro de 1934 o Papa Pio XI beatificou nosso Padre Fundador. Foi apresentado publicamente \u00e0 Igreja e ao mundo como um homem que viveu em plenitude sua voca\u00e7\u00e3o crist\u00e3 de Mission\u00e1rio Apost\u00f3lico e a partir deste momento se podia contar com ele como intercessor e est\u00edmulo para viver a santidade crist\u00e3.<\/p>\n<p style=\"text-align: justify;\">O novo Beato experimentou com for\u00e7a, em sua vida, o amor de Deus e descobriu em sua Palavra um chamado irresist\u00edvel que lhe mostrou o sentido da sua vida e da sua identidade como mission\u00e1rio apost\u00f3lico, deixando tudo percorreu o caminho da configura\u00e7\u00e3o com Jesus mission\u00e1rio como sacerdote, fundador, bispo, confessor, perseguido, etc. Sua vida foi uma hisst\u00f3ria de servi\u00e7o \u00e0 Palavra como profeta que entrega a vida por amor. Para a Fam\u00edlia Claretiana celebrar esta data \u00e9 uma boa oportunidade para recordar que todos, como ele, somos chamados a seguir Jesus mission\u00e1rio de uma forma total, \u00edntegra e apaixonada.<\/p>\n<p style=\"text-align: justify;\">Depois de ter recordado este acontecimento familiar t\u00e3o significativo, acolhamos as palavras do Papa Pio XI pronunciadas na audi\u00eancia pr\u00e9via ao XIII Capitulo Geral, tida vinte dias depois da Beatifica\u00e7\u00e3o do Padre Fundador: &#8220;o iminente Cap\u00edtulo Geral, dever\u00e1 ser, como sabem bem os religiosos em cujas veias circula o sangue mission\u00e1rio do seu santo Patriarca, um novo ponto de partida; porque por muito que possa agradar a Deus o passado, sempre fica muito por fazer, sempre mais, sempre melhor&#8230;&#8221; toca a n\u00f3s continuar esta hist\u00f3ria, cuja raiz \u00e9 santa.<\/p>\n","protected":false},"excerpt":{"rendered":"<p>A celebra\u00e7\u00e3o da Beatifica\u00e7\u00e3o foi uma festa grande para toda a Congrega\u00e7\u00e3o que pode sentir-se representada na Bas\u00edlica de S\u00e3o Pedro com a presen\u00e7a de todos os membros do XIII Cap\u00edtulo Geral, que em breve come\u00e7aria. De fato, a Beatifica\u00e7\u00e3o do Padre Fundador foi um momento de gra\u00e7a que dinamizou a vida dos Mission\u00e1rios espalhados [&hellip;]<\/p>\n","protected":false},"author":69,"featured_media":0,"parent":33284,"menu_order":0,"comment_status":"closed","ping_status":"closed","template":"","meta":{"_et_pb_use_builder":"","_et_pb_old_content":"","_et_gb_content_width":"","footnotes":""},"class_list":["post-26903","page","type-page","status-publish","hentry"],"jetpack_sharing_enabled":true,"jetpack_shortlink":"https:\/\/wp.me\/PdaBmi-6ZV","jetpack_likes_enabled":true,"_links":{"self":[{"href":"https:\/\/www.claret.org\/pt-pt\/wp-json\/wp\/v2\/pages\/26903","targetHints":{"allow":["GET"]}}],"collection":[{"href":"https:\/\/www.claret.org\/pt-pt\/wp-json\/wp\/v2\/pages"}],"about":[{"href":"https:\/\/www.claret.org\/pt-pt\/wp-json\/wp\/v2\/types\/page"}],"author":[{"embeddable":true,"href":"https:\/\/www.claret.org\/pt-pt\/wp-json\/wp\/v2\/users\/69"}],"replies":[{"embeddable":true,"href":"https:\/\/www.claret.org\/pt-pt\/wp-json\/wp\/v2\/comments?post=26903"}],"version-history":[{"count":0,"href":"https:\/\/www.claret.org\/pt-pt\/wp-json\/wp\/v2\/pages\/26903\/revisions"}],"up":[{"embeddable":true,"href":"https:\/\/www.claret.org\/pt-pt\/wp-json\/wp\/v2\/pages\/33284"}],"wp:attachment":[{"href":"https:\/\/www.claret.org\/pt-pt\/wp-json\/wp\/v2\/media?parent=26903"}],"curies":[{"name":"wp","href":"https:\/\/api.w.org\/{rel}","templated":true}]}}