{"id":26918,"date":"2018-08-22T06:46:44","date_gmt":"2018-08-22T04:46:44","guid":{"rendered":"https:\/\/www.claret.org\/2-de-marco-marti%c2%adn-alsina-superior-geral\/"},"modified":"2022-04-07T16:20:28","modified_gmt":"2022-04-07T14:20:28","slug":"2-de-marco-martin-alsina-superior-geral","status":"publish","type":"page","link":"https:\/\/www.claret.org\/pt-pt\/efemerides\/2-de-marco-martin-alsina-superior-geral\/","title":{"rendered":"2 de Mar\u00e7o &#8211; Mart\u00ed\u00adn Alsina, Superior Geral"},"content":{"rendered":"<p style=\"text-align: justify;\">Mart\u00edn Alsina nasceu em Manresa, diocese de Vic (Espanha), no dia 4 de setembro de 1859. Come\u00e7ou sua forma\u00e7\u00e3o vocacional como seminarista diocesano. No semin\u00e1rio se distinguiu pela const\u00e2ncia no trabalho, por sua clara metodologia nos estudos e pelo seu car\u00e1ter aplicado.<\/p>\n<p style=\"text-align: justify;\"><img data-recalc-dims=\"1\" loading=\"lazy\" decoding=\"async\" class=\"alignleft\" src=\"https:\/\/i0.wp.com\/www2.claret.org\/sites\/default\/files\/imagenes\/espiritualidad\/calendario\/09-martin_alsina.jpg?resize=312%2C413\" alt=\"09-martin_alsina.jpg\" width=\"312\" height=\"413\" title=\"\"><\/p>\n<p style=\"text-align: justify;\">Ao terminar o primeiro ano de teologia entrou na Congrega\u00e7\u00e3o em Thuir (Fran\u00e7a) no dia 16 de julho de 1879. <span lang=\"ES-TRAD\" xml:lang=\"ES-TRAD\">Teve como formadores no noviciado os PP. Jaime Clotet e Clemente Serrat. <\/span>No dia 20 de agosto de 1880 emitiu a profiss\u00e3o religiosa em m\u00e3os do Pe. Clotet, Superior da Comunidade. Foi ordenado sacerdote no dia 24 de mar\u00e7o de 1883. Neste mesmo ano foi nomeado Superior da nova Comunidade de Thuir, demonstrando excelentes qualidades no servi\u00e7o de governo. Em outubro de 1886 foi destinado a Vic como Prefeito dos Estudantes; servi\u00e7o que prestou tamb\u00e9m em Santo Domingo de la Calzada desde 1888. Em 1894 foi nomeado Consultor e Secret\u00e1rio Geral, no tempo do Pe. Jos\u00e9 Xifr\u00e9. Falecido este no dia 3 de novembro 1899, foi eleito Subdiretor Geral no VIII Cap\u00edtulo Geral de Vic, em dezembro deste mesmo ano, sendo Superior Geral o Pe. Clemente Serrat. Em 1906 foi eleito Superior Geral no X Cap\u00edtulo Geral, em Aranda de Duero, permanecendo no cargo at\u00e9 sua morte, acontecida no dia 2 de mar\u00e7o de 1922 em Zafra.<\/p>\n<p style=\"text-align: justify;\">A situa\u00e7\u00e3o da Congrega\u00e7\u00e3o neste per\u00edodo foi de constante crescimento humano e mission\u00e1rio. No ano de 1912 tinha 112 casas em toda a Congrega\u00e7\u00e3o, com um total de 1.633 professos e 120 novi\u00e7os. O aumento foi sobretudo de pessoal. Em 1922 a Congrega\u00e7\u00e3o contava com 1.943 membros, entre eles 3 bispos e um Prefeito Apost\u00f3lico. At\u00e9 ent\u00e3o tinham falecido 2 bispos, 388 sacerdotes, 244 Estudantes, 283 Irm\u00e3os. Num total de 917. A Congrega\u00e7\u00e3o estava composta por 10 Prov\u00edncias e Vice Prov\u00edncias, com 154 casas: Catalunha, Castela, B\u00e9tica, Chile, M\u00e9xico, Brasil, Col\u00f4mbia, Argentina, Guin\u00e9 Equatorial e Estados Unidos da Am\u00e9rica do Norte.<\/p>\n<p style=\"text-align: justify;\">Em seu magist\u00e9rio tentou ajudar seus irm\u00e3os na fidelidade vocacional e apost\u00f3lica aconselhando a fidelidade ao esp\u00edrito mission\u00e1rio e uma forma\u00e7\u00e3o inicial e permanente adequada e atualizada.<\/p>\n","protected":false},"excerpt":{"rendered":"<p>Mart\u00edn Alsina nasceu em Manresa, diocese de Vic (Espanha), no dia 4 de setembro de 1859. Come\u00e7ou sua forma\u00e7\u00e3o vocacional como seminarista diocesano. No semin\u00e1rio se distinguiu pela const\u00e2ncia no trabalho, por sua clara metodologia nos estudos e pelo seu car\u00e1ter aplicado. Ao terminar o primeiro ano de teologia entrou na Congrega\u00e7\u00e3o em Thuir (Fran\u00e7a) [&hellip;]<\/p>\n","protected":false},"author":69,"featured_media":26914,"parent":33284,"menu_order":0,"comment_status":"closed","ping_status":"closed","template":"","meta":{"_et_pb_use_builder":"","_et_pb_old_content":"","_et_gb_content_width":"","footnotes":""},"class_list":["post-26918","page","type-page","status-publish","has-post-thumbnail","hentry"],"jetpack_sharing_enabled":true,"jetpack_shortlink":"https:\/\/wp.me\/PdaBmi-70a","jetpack_likes_enabled":true,"_links":{"self":[{"href":"https:\/\/www.claret.org\/pt-pt\/wp-json\/wp\/v2\/pages\/26918","targetHints":{"allow":["GET"]}}],"collection":[{"href":"https:\/\/www.claret.org\/pt-pt\/wp-json\/wp\/v2\/pages"}],"about":[{"href":"https:\/\/www.claret.org\/pt-pt\/wp-json\/wp\/v2\/types\/page"}],"author":[{"embeddable":true,"href":"https:\/\/www.claret.org\/pt-pt\/wp-json\/wp\/v2\/users\/69"}],"replies":[{"embeddable":true,"href":"https:\/\/www.claret.org\/pt-pt\/wp-json\/wp\/v2\/comments?post=26918"}],"version-history":[{"count":0,"href":"https:\/\/www.claret.org\/pt-pt\/wp-json\/wp\/v2\/pages\/26918\/revisions"}],"up":[{"embeddable":true,"href":"https:\/\/www.claret.org\/pt-pt\/wp-json\/wp\/v2\/pages\/33284"}],"wp:featuredmedia":[{"embeddable":true,"href":"https:\/\/www.claret.org\/pt-pt\/wp-json\/wp\/v2\/media\/26914"}],"wp:attachment":[{"href":"https:\/\/www.claret.org\/pt-pt\/wp-json\/wp\/v2\/media?parent=26918"}],"curies":[{"name":"wp","href":"https:\/\/api.w.org\/{rel}","templated":true}]}}