{"id":26933,"date":"2018-08-22T07:07:51","date_gmt":"2018-08-22T05:07:51","guid":{"rendered":"https:\/\/www.claret.org\/de-16-de-marco-a-19-de-marco-triduo-a-sao-jose-compatrono-da-congregacao\/"},"modified":"2018-08-22T07:07:51","modified_gmt":"2018-08-22T05:07:51","slug":"de-16-de-marco-a-19-de-marco-triduo-a-sao-jose-compatrono-da-congregacao","status":"publish","type":"page","link":"https:\/\/www.claret.org\/pt-pt\/efemerides\/de-16-de-marco-a-19-de-marco-triduo-a-sao-jose-compatrono-da-congregacao\/","title":{"rendered":"De 16 de Mar\u00e7o a 19 de Mar\u00e7o &#8211; Triduo a S\u00e3o Jos\u00e9, Compatrono da Congrega\u00e7\u00e3o"},"content":{"rendered":"<p style=\"text-align: justify;\">Na festa de S\u00e3o Jos\u00e9 somos convidados a colocar nossa aten\u00e7\u00e3o naquele a quem Deus confiou a cust\u00f3dia de seus tesouros mais preciosos. Deste modo, seguindo o exemplo de Santo Ant\u00f4nio Maria Claret, invocamos com toda confian\u00e7a seu patroc\u00ednio e temos presente seu humilde modo de servir e de colaborar na economia da salva\u00e7\u00e3o.<\/p>\n<p style=\"text-align: justify;\"><img data-recalc-dims=\"1\" decoding=\"async\" class=\"alignleft\" src=\"https:\/\/i0.wp.com\/www2.claret.org\/sites\/default\/files\/imagenes\/espiritualidad\/calendario\/11-san_jos_y_el_nio_copia.jpg?w=1080\" alt=\"11-san_jos_y_el_nio_copia.jpg\" title=\"\"><\/p>\n<p style=\"text-align: justify;\">Em particular colocamos diante de nossos olhos e do nosso cora\u00e7\u00e3o mission\u00e1rio, os tra\u00e7os que o fizeram grande: \u00c9 o esposo de Maria, bom e fiel. \u00c9 o crente que confia na Palavra de Deus e obedece com todas as consequ\u00eancias. \u00c9 o homem justo que busca solu\u00e7\u00f5es em situa\u00e7\u00f5es delicadas e comprometidas. Ele mostra como se cumprem as promessas de Deus para com seu povo. \u00c9 o protetor de Maria e de Jesus em circunst\u00e2ncias de persegui\u00e7\u00e3o. Finalmente, \u00e9 o trabalhador que mostra a grandeza do mist\u00e9rio na vida ordin\u00e1ria.<\/p>\n<p style=\"text-align: justify;\">Nosso Padre Fundador recebeu uma ilumina\u00e7\u00e3o divina: \u201cno dia 7 de maio de 1865, \u00e0s tr\u00eas e meia da tarde, dia do patroc\u00ednio de S\u00e3o Jos\u00e9, me disse Jesus que fosse muito devoto de S\u00e3o Jos\u00e9, que acudisse a ele com confian\u00e7a\u201d (Aut 831). Para n\u00f3s continua sendo v\u00e1lida esta confian\u00e7a, que afeta nossa miss\u00e3o evangelizadora. Seu patroc\u00ednio deve ser invocado como est\u00edmulo no renovado empenho de evangeliza\u00e7\u00e3o no mundo e de nova evangeliza\u00e7\u00e3o naqueles pa\u00edses e na\u00e7\u00f5es onde a vida crist\u00e3 foi florescente e que est\u00e3o agora submetidos a dura prova. Para levar o primeiro an\u00fancio de Cristo e para voltar a lev\u00e1-lo l\u00e1 onde est\u00e1 descuidado ou esquecido, a Igreja precisa de um especial poder desde o alto. Dom do Esp\u00edrito do Senhor, n\u00e3o desligado da intercess\u00e3o e do exemplo de S\u00e3o Jos\u00e9.<\/p>\n<p style=\"text-align: justify;\">Que o esposo de Maria, pai na terra de Jesus, que falou eloquentemente com suas a\u00e7\u00f5es, simples, silencioso e bom, nos conceda a todos o servi\u00e7o leal de colaborar na miss\u00e3o e de continuar com entusiasmo a obra da salva\u00e7\u00e3o a todos os povos.<\/p>\n","protected":false},"excerpt":{"rendered":"<p>Na festa de S\u00e3o Jos\u00e9 somos convidados a colocar nossa aten\u00e7\u00e3o naquele a quem Deus confiou a cust\u00f3dia de seus tesouros mais preciosos. Deste modo, seguindo o exemplo de Santo Ant\u00f4nio Maria Claret, invocamos com toda confian\u00e7a seu patroc\u00ednio e temos presente seu humilde modo de servir e de colaborar na economia da salva\u00e7\u00e3o. Em [&hellip;]<\/p>\n","protected":false},"author":69,"featured_media":26928,"parent":33284,"menu_order":0,"comment_status":"closed","ping_status":"closed","template":"","meta":{"_et_pb_use_builder":"","_et_pb_old_content":"","_et_gb_content_width":"","footnotes":""},"class_list":["post-26933","page","type-page","status-publish","has-post-thumbnail","hentry"],"jetpack_sharing_enabled":true,"jetpack_shortlink":"https:\/\/wp.me\/PdaBmi-70p","jetpack_likes_enabled":true,"_links":{"self":[{"href":"https:\/\/www.claret.org\/pt-pt\/wp-json\/wp\/v2\/pages\/26933","targetHints":{"allow":["GET"]}}],"collection":[{"href":"https:\/\/www.claret.org\/pt-pt\/wp-json\/wp\/v2\/pages"}],"about":[{"href":"https:\/\/www.claret.org\/pt-pt\/wp-json\/wp\/v2\/types\/page"}],"author":[{"embeddable":true,"href":"https:\/\/www.claret.org\/pt-pt\/wp-json\/wp\/v2\/users\/69"}],"replies":[{"embeddable":true,"href":"https:\/\/www.claret.org\/pt-pt\/wp-json\/wp\/v2\/comments?post=26933"}],"version-history":[{"count":0,"href":"https:\/\/www.claret.org\/pt-pt\/wp-json\/wp\/v2\/pages\/26933\/revisions"}],"up":[{"embeddable":true,"href":"https:\/\/www.claret.org\/pt-pt\/wp-json\/wp\/v2\/pages\/33284"}],"wp:featuredmedia":[{"embeddable":true,"href":"https:\/\/www.claret.org\/pt-pt\/wp-json\/wp\/v2\/media\/26928"}],"wp:attachment":[{"href":"https:\/\/www.claret.org\/pt-pt\/wp-json\/wp\/v2\/media?parent=26933"}],"curies":[{"name":"wp","href":"https:\/\/api.w.org\/{rel}","templated":true}]}}