{"id":26945,"date":"2018-08-22T07:29:29","date_gmt":"2018-08-22T05:29:29","guid":{"rendered":"https:\/\/www.claret.org\/18-de-abril-estevao-sala-cofundador-e-primeiro-superior-geral\/"},"modified":"2018-08-22T07:29:29","modified_gmt":"2018-08-22T05:29:29","slug":"18-de-abril-estevao-sala-cofundador-e-primeiro-superior-geral","status":"publish","type":"page","link":"https:\/\/www.claret.org\/pt-pt\/efemerides\/18-de-abril-estevao-sala-cofundador-e-primeiro-superior-geral\/","title":{"rendered":"18 de Abril &#8211; Est\u00eav\u00e3o Sala, Cofundador e primeiro Superior Geral"},"content":{"rendered":"<p style=\"text-align: justify;\">Est\u00eav\u00e3o Sala y Masnou nasceu no dia 28 de maio de 1812, na casa de campo da fam\u00edlia Sala, no territ\u00f3rio da Par\u00f3quia de S\u00e3o Martinho de Sescors, prov\u00edncia de Barcelona (Espanha). Seu pai enviuvou da primeira esposa da qual teve tr\u00eas filhos. Est\u00eav\u00e3o, fruto do segundo matrim\u00f4nio, foi o quinto de seus irm\u00e3os, dos quais, tr\u00eas foram religiosos, um Claretiano e os outros dois beneditinos.<\/p>\n<p style=\"text-align: justify;\"><img data-recalc-dims=\"1\" loading=\"lazy\" decoding=\"async\" class=\"alignleft\" src=\"https:\/\/i0.wp.com\/www2.claret.org\/sites\/default\/files\/imagenes\/espiritualidad\/calendario\/12-esteban_sala.jpg?resize=295%2C443\" alt=\"12-esteban_sala.jpg\" width=\"295\" height=\"443\" title=\"\"><\/p>\n<p style=\"text-align: justify;\">Um destes irm\u00e3os religiosos foi o Pe. Bernardo Sala, quem, por causa da exclaustra\u00e7\u00e3o dos religiosos na Espanha, teve que retirar-se do seu mosteiro e se integrou na vida da nossa nascente Congrega\u00e7\u00e3o durante 26 anos, at\u00e9 que, em 1875, retornou ao mosteiro beneditino de Montserrat.<\/p>\n<p style=\"text-align: justify;\">No dia 1\u00ba de mar\u00e7o de 1843, aos trinta e quatro anos de idade, o Padre Claret come\u00e7ou sua intensa atividade mission\u00e1ria pela Catalunha, vivendo em pobreza radical, viajando a p\u00e9, arrastando multid\u00f5es imensas que acudiam de todas as partes para ouvir sua palavra evang\u00e9lica simples e penetrante. Trabalhava desde as quatro da manh\u00e3 sem descanso nem fadiga. As convers\u00f5es eram inumer\u00e1veis. Em julho do mesmo ano, a pedido do clero, que havia ficado impactado com seu ardor mission\u00e1rio, o Padre Claret dirigiu, pela primeira vez, em <em>Capdev\u00e1nol<\/em>, os exerc\u00edcios espirituais para sacerdotes. Diante do \u00eaxito desta experi\u00eancia, em seguida dirigiu outros exerc\u00edcios em <em>Gombr\u00e9n<\/em>, onde participaram v\u00e1rios sacerdotes da regi\u00e3o, entre eles o Pe. Est\u00eav\u00e3o Sala. Ali conheceu o j\u00e1 famoso mission\u00e1rio da Catalunha.<\/p>\n<p style=\"text-align: justify;\">A partir deste encontro iluminador da sua vida, o Pe. Est\u00eav\u00e3o Sala teve uma forte experi\u00eancia de Deus, que o fez sentir-se chamado a dedicar completamente sua vida \u00e0s miss\u00f5es. Deixou sua prometedora carreira eclesi\u00e1stica, iniciada com sua ordena\u00e7\u00e3o sacerdotal para abrir as portas a um novo estilo de vida, anunciar a Palavra do Senhor com fogo apost\u00f3lico e liberdade mission\u00e1ria. Seus muitos dons como orador sacro foram colocados a servi\u00e7o das prega\u00e7\u00f5es mission\u00e1rias feitas nos diferentes povoados da Catalunha. Acompanhou o Padre Claret em v\u00e1rias de suas campanhas apost\u00f3licas.<\/p>\n<p style=\"text-align: justify;\">Lembramos que no dia 18 de abril de em 1858, aos 45 anos de idade, o Pe. Est\u00eav\u00e3o Sala foi chamado, em Barcelona, \u00e0 casa do Pai. Fazer mem\u00f3ria deste irm\u00e3o nosso \u00e9 retornar \u00e0s nossas origens familiares. Foi o primeiro com quem o Padre Fundador contou para come\u00e7ar a grande obra da Congrega\u00e7\u00e3o e a quem encarregou sua dire\u00e7\u00e3o quando teve que partir como Arcebispo de Santiago de Cuba. Durante dez anos serviu a Congrega\u00e7\u00e3o como Superior Geral e se dedicou a manter vivo o esp\u00edrito mission\u00e1rio que animou o Padre Fundador. Sua vida nos anima a aprofundar nossa identifica\u00e7\u00e3o mission\u00e1ria e nossa perten\u00e7a congregacional.<\/p>\n","protected":false},"excerpt":{"rendered":"<p>Est\u00eav\u00e3o Sala y Masnou nasceu no dia 28 de maio de 1812, na casa de campo da fam\u00edlia Sala, no territ\u00f3rio da Par\u00f3quia de S\u00e3o Martinho de Sescors, prov\u00edncia de Barcelona (Espanha). Seu pai enviuvou da primeira esposa da qual teve tr\u00eas filhos. Est\u00eav\u00e3o, fruto do segundo matrim\u00f4nio, foi o quinto de seus irm\u00e3os, dos [&hellip;]<\/p>\n","protected":false},"author":69,"featured_media":26941,"parent":33284,"menu_order":0,"comment_status":"closed","ping_status":"closed","template":"","meta":{"_et_pb_use_builder":"","_et_pb_old_content":"","_et_gb_content_width":"","footnotes":""},"class_list":["post-26945","page","type-page","status-publish","has-post-thumbnail","hentry"],"jetpack_sharing_enabled":true,"jetpack_shortlink":"https:\/\/wp.me\/PdaBmi-70B","jetpack_likes_enabled":true,"_links":{"self":[{"href":"https:\/\/www.claret.org\/pt-pt\/wp-json\/wp\/v2\/pages\/26945","targetHints":{"allow":["GET"]}}],"collection":[{"href":"https:\/\/www.claret.org\/pt-pt\/wp-json\/wp\/v2\/pages"}],"about":[{"href":"https:\/\/www.claret.org\/pt-pt\/wp-json\/wp\/v2\/types\/page"}],"author":[{"embeddable":true,"href":"https:\/\/www.claret.org\/pt-pt\/wp-json\/wp\/v2\/users\/69"}],"replies":[{"embeddable":true,"href":"https:\/\/www.claret.org\/pt-pt\/wp-json\/wp\/v2\/comments?post=26945"}],"version-history":[{"count":0,"href":"https:\/\/www.claret.org\/pt-pt\/wp-json\/wp\/v2\/pages\/26945\/revisions"}],"up":[{"embeddable":true,"href":"https:\/\/www.claret.org\/pt-pt\/wp-json\/wp\/v2\/pages\/33284"}],"wp:featuredmedia":[{"embeddable":true,"href":"https:\/\/www.claret.org\/pt-pt\/wp-json\/wp\/v2\/media\/26941"}],"wp:attachment":[{"href":"https:\/\/www.claret.org\/pt-pt\/wp-json\/wp\/v2\/media?parent=26945"}],"curies":[{"name":"wp","href":"https:\/\/api.w.org\/{rel}","templated":true}]}}