{"id":26961,"date":"2018-08-22T07:45:54","date_gmt":"2018-08-22T05:45:54","guid":{"rendered":"https:\/\/www.claret.org\/29-de-abril-santa-catarina-de-sena-compatrona\/"},"modified":"2018-08-22T07:45:54","modified_gmt":"2018-08-22T05:45:54","slug":"29-de-abril-santa-catarina-de-sena-compatrona","status":"publish","type":"page","link":"https:\/\/www.claret.org\/pt-pt\/efemerides\/29-de-abril-santa-catarina-de-sena-compatrona\/","title":{"rendered":"29 de Abril &#8211; Santa Catarina de Sena, Compatrona"},"content":{"rendered":"<p style=\"text-align: justify;\"> Nasceu em Siena (It\u00e1lia) no dia 25 de mar\u00e7o de 1347. Conhecemos sua vida por meio do seu confessor, Raimundo de C\u00e1pua, que chegou a ser Superior Geral da Ordem dos Pregadores (Dominicanos). De pequena teve uma primeira experi\u00eancia espiritual que a orientou definitivamente para Deus, abra\u00e7ando a virgindade.<\/p>\n<p><img data-recalc-dims=\"1\" loading=\"lazy\" decoding=\"async\" class=\"alignleft\" style=\"text-align: justify;\" src=\"https:\/\/i0.wp.com\/www2.claret.org\/sites\/default\/files\/archivos\/s._caterina_b_0.jpg?resize=303%2C446\" alt=\"\" width=\"303\" height=\"446\" title=\"\"><\/p>\n<p style=\"text-align: justify;\">Apesar das resist\u00eancias, aos dezessete anos entrou para o Convento da Irm\u00e3s da Penit\u00eancia de S\u00e3o Domingos. Com elas desenvolveu uma extraordin\u00e1ria atividade espiritual e ben\u00e9fica a servi\u00e7o dos doentes e pobres, apesar de muitas lutas e tenta\u00e7\u00f5es, suportadas e vencidas, gra\u00e7as \u00e0 sua intensa vida espiritual.<\/p>\n<p style=\"text-align: justify;\">Muito cedo foi autorizada a atender muitas pessoas que procuravam seus conselhos. Foi o in\u00edcio de uma fecunda maternidade espiritual que se consolidaria posteriormente. E com isto come\u00e7ou para esta fr\u00e1gil jovem uma intensa atividade de apostolado, de a\u00e7\u00e3o pol\u00edtica e diplom\u00e1tica em favor da Igreja que lhe exigiria uma admir\u00e1vel intensidade de vida interior. Em uma situa\u00e7\u00e3o cr\u00edtica e movida por seu ardente amor \u00e0 Igreja, Catarina empreendeu em 1376 sua famosa viagem \u00e0 corte pontif\u00edcia de Avinh\u00e3o (Fran\u00e7a), convencida da urgente necessidade do regresso do Papa para Roma. Depois de ter-lhe escrito diversas cartas, foi encontrar-se pessoalmente com ele. Seu empenho conseguiu que Greg\u00f3rio XI voltasse a Roma no dia 13 de setembro daquele mesmo ano.<\/p>\n<p style=\"text-align: justify;\">Mulher de forte personalidade, movida pelo seu grande amor a Deus e ao pr\u00f3ximo, promoveu a paz e a conc\u00f3rdia entre cidades e defendeu valentemente os direitos e a liberdade do Papa, favorecendo a renova\u00e7\u00e3o crist\u00e3 e religiosa. Levou uma vida m\u00edstica extraordin\u00e1ria e serviu fielmente a Igreja em uma \u00e9poca cr\u00edtica. Tamb\u00e9m foi autora do livro <em>Di\u00e1logo sobre a Provid\u00eancia<\/em>, lido pelo Padre Claret.<\/p>\n<p style=\"text-align: justify;\">Morreu no dia 29 de abril de 1380, com a idade de 33 anos. Sepultada em Roma, na Bas\u00edlica de <em>Santa Maria Sopra Minerva<\/em>, foi canonizada pelo Papa Pio II em 1461. Santa Catarina \u00e9 uma das tr\u00eas doutoras da Igreja, junto com Santa Teresa de Jesus e Santa Teresa do Menino Jesus, apesar de nunca ter tido uma prepara\u00e7\u00e3o acad\u00eamica formal.<\/p>\n<p style=\"text-align: justify;\">Desde sua juventude, nosso Padre Fundador professou um profunda devo\u00e7\u00e3o a Santa Catarina de Sena por sua condi\u00e7\u00e3o de leiga consagrada, por sua elevada vida m\u00edstica, por seu amor \u00e0 Igreja e ao Papa e seu empenho apost\u00f3lico em favor dos necessitados e pecadores. Aparece citada em v\u00e1rios lugares da <em>Autobiografia <\/em>e na biblioteca pessoal do Padre Claret se conservam v\u00e1rios volumes da sua vida e obras. E a escolheu como Compatrona da Congrega\u00e7\u00e3o.<\/p>\n","protected":false},"excerpt":{"rendered":"<p>Nasceu em Siena (It\u00e1lia) no dia 25 de mar\u00e7o de 1347. Conhecemos sua vida por meio do seu confessor, Raimundo de C\u00e1pua, que chegou a ser Superior Geral da Ordem dos Pregadores (Dominicanos). De pequena teve uma primeira experi\u00eancia espiritual que a orientou definitivamente para Deus, abra\u00e7ando a virgindade. Apesar das resist\u00eancias, aos dezessete anos [&hellip;]<\/p>\n","protected":false},"author":69,"featured_media":26956,"parent":33284,"menu_order":0,"comment_status":"closed","ping_status":"closed","template":"","meta":{"_et_pb_use_builder":"","_et_pb_old_content":"","_et_gb_content_width":"","footnotes":""},"class_list":["post-26961","page","type-page","status-publish","has-post-thumbnail","hentry"],"jetpack_sharing_enabled":true,"jetpack_shortlink":"https:\/\/wp.me\/PdaBmi-70R","jetpack_likes_enabled":true,"_links":{"self":[{"href":"https:\/\/www.claret.org\/pt-pt\/wp-json\/wp\/v2\/pages\/26961","targetHints":{"allow":["GET"]}}],"collection":[{"href":"https:\/\/www.claret.org\/pt-pt\/wp-json\/wp\/v2\/pages"}],"about":[{"href":"https:\/\/www.claret.org\/pt-pt\/wp-json\/wp\/v2\/types\/page"}],"author":[{"embeddable":true,"href":"https:\/\/www.claret.org\/pt-pt\/wp-json\/wp\/v2\/users\/69"}],"replies":[{"embeddable":true,"href":"https:\/\/www.claret.org\/pt-pt\/wp-json\/wp\/v2\/comments?post=26961"}],"version-history":[{"count":0,"href":"https:\/\/www.claret.org\/pt-pt\/wp-json\/wp\/v2\/pages\/26961\/revisions"}],"up":[{"embeddable":true,"href":"https:\/\/www.claret.org\/pt-pt\/wp-json\/wp\/v2\/pages\/33284"}],"wp:featuredmedia":[{"embeddable":true,"href":"https:\/\/www.claret.org\/pt-pt\/wp-json\/wp\/v2\/media\/26956"}],"wp:attachment":[{"href":"https:\/\/www.claret.org\/pt-pt\/wp-json\/wp\/v2\/media?parent=26961"}],"curies":[{"name":"wp","href":"https:\/\/api.w.org\/{rel}","templated":true}]}}