{"id":27704,"date":"2018-09-04T08:57:52","date_gmt":"2018-09-04T06:57:52","guid":{"rendered":"https:\/\/www.claret.org\/fecha-7-de-maio-canonizacao-do-padre-claret\/"},"modified":"2018-09-04T08:57:52","modified_gmt":"2018-09-04T06:57:52","slug":"fecha-7-de-maio-canonizacao-do-padre-claret","status":"publish","type":"page","link":"https:\/\/www.claret.org\/pt-pt\/efemerides\/fecha-7-de-maio-canonizacao-do-padre-claret\/","title":{"rendered":"Fecha: 7 de Maio &#8211; Canoniza\u00e7\u00e3o do Padre Claret"},"content":{"rendered":"<p style=\"text-align: justify;\">Uma vez proclamada a beatifica\u00e7\u00e3o do nosso Fundador, no dia 25 de fevereiro de 1934, a Congrega\u00e7\u00e3o se peocupou imediatamente com o processo de canoniza\u00e7\u00e3o. De fato, no dia 6 de julho de 1938, o Papa Pio XI firmou a retomada da causa do Beato Claret. Entre 1941 e 1948 foram feitos v\u00e1rios processos em Cuba, Roma, C\u00f3rdoba e Barcelona. Em fevereiro de 1948 o Papa concedeu a dispensa da discuss\u00e3o sobre a validez de ditos processos, gra\u00e7a poucas vezes concedida.<\/p>\n<p style=\"text-align: justify;\">No dia 12 de janeiro de 1950, depois de ter seguido os respectivos tr\u00e2mites, o Papa Pio XII declarou que j\u00e1 se contava com os dois novos milagres: a cura de c\u00e2ncer da Ir. Josefina Mar\u00edn, em Santiago de Cuba, no dia 11 e 12 de maio de 1934 e a cura de paralisia procedente da les\u00e3o cerebral da senhora Helena Flores, em C\u00f3rdoba, no dia 9 de maio de 1948.<\/p>\n<p style=\"text-align: justify;\">No dia 5 de mar\u00e7o de 1950, o Santo Padre declarou solenemente que podia proceder-se com seguran\u00e7a \u00e0 solene canoniza\u00e7\u00e3o. No dia 26 de mar\u00e7o o Papa assinou o voto favor\u00e1vel que deram os Cardeais em diferentes consist\u00f3rios realizados anteriormente.<\/p>\n<p style=\"text-align: justify;\">No dia 7 de maio de 1950, Ant\u00f4nio Maria Claret foi canonizado pela Igreja. A Bas\u00edlica de S\u00e3o Pedro estava repleta de peregrinos. \u00c0s 8,30 horas da manh\u00e3 come\u00e7ou o rito da canoniza\u00e7\u00e3o e a Eucaristia presididos pelo Papa Pio XII. O momento mais importante e emoncianante foi quando o Papa pronunciou magisterial e definitivamante: &#8220;O Beato Ant\u00f4nio Maria Claret, Bispo e Confessor, decretamos e definimos que \u00e9 SANTO e o colocamos no cat\u00e1logo dos Santos&#8221;.<\/p>\n<p style=\"text-align: justify;\">O Papa Pio XII descreveu muito bem o novo santo: \u201cSANTO ANT\u00d4NIO MARIA CLARET foi um grande homem, nascido para suscitar contrastes. Humilde de origem e glorioso aos olhos do mundo. Pequeno de corpo, mas gigante de esp\u00edrito. De apar\u00eancia modesta, mas capac\u00edssimo para impor respeito, inclusive aos poderosos da terra. De car\u00e1ter forte, mas de suave do\u00e7ura de quem conhece as \u201cartimanhas\u201d da austeridade e da penit\u00eancia. Sempre na presen\u00e7a de Deus, mesmo em meio \u00e0 prodigiosa atividade exterior. Caluniado e admirado, festejado e perseguido. E, entre tantas maravilhas, como uma luz suave que o ilumina todo, sua devo\u00e7\u00e3o \u00e0 M\u00e3e de Deus\u201d (Pio XII).<\/p>\n<p style=\"text-align: justify;\">Podemos celebrar esta data como um expl\u00edcito convite a vivermos hoje, a exemplo do Padre Fundador, nossa pr\u00f3pria voca\u00e7\u00e3o mission\u00e1ria em santidade. &#8220;Ant\u00f4nio Maria Claret foi canonizado pela Igreja. Ela teconheceu que \u00e9 um paradigma de vida evang\u00e9lica e entrega mission\u00e1ria para todos os crentes. Nossa Congrega\u00e7\u00e3o tem uma raiz santa, reconhecida como tal pela Igreja. Na canoniza\u00e7\u00e3o do nosso Fundador, a Congrega\u00e7\u00e3o se v\u00ea nele canonizada. Santo Ant\u00f4nio Maria Claret \u00e9 a Congrega\u00e7\u00e3o nascente em sua santidade, em sua utopia. Por outra parte, Ant\u00f4nio Maria Claret \u00e9 j\u00e1 a inicial realiza\u00e7\u00e3o escatol\u00f3gica da Congrega\u00e7\u00e3o e dede l\u00e1, desde o futuro escatol\u00f3gico, nos chama a percorrer o caminho que leva \u00e0 plenitude&#8221;. (2, p.49).<\/p>\n","protected":false},"excerpt":{"rendered":"<p>Uma vez proclamada a beatifica\u00e7\u00e3o do nosso Fundador, no dia 25 de fevereiro de 1934, a Congrega\u00e7\u00e3o se peocupou imediatamente com o processo de canoniza\u00e7\u00e3o. De fato, no dia 6 de julho de 1938, o Papa Pio XI firmou a retomada da causa do Beato Claret. Entre 1941 e 1948 foram feitos v\u00e1rios processos em [&hellip;]<\/p>\n","protected":false},"author":69,"featured_media":0,"parent":33284,"menu_order":0,"comment_status":"closed","ping_status":"closed","template":"","meta":{"_et_pb_use_builder":"","_et_pb_old_content":"","_et_gb_content_width":"","footnotes":""},"class_list":["post-27704","page","type-page","status-publish","hentry"],"jetpack_sharing_enabled":true,"jetpack_shortlink":"https:\/\/wp.me\/PdaBmi-7cQ","jetpack_likes_enabled":true,"_links":{"self":[{"href":"https:\/\/www.claret.org\/pt-pt\/wp-json\/wp\/v2\/pages\/27704","targetHints":{"allow":["GET"]}}],"collection":[{"href":"https:\/\/www.claret.org\/pt-pt\/wp-json\/wp\/v2\/pages"}],"about":[{"href":"https:\/\/www.claret.org\/pt-pt\/wp-json\/wp\/v2\/types\/page"}],"author":[{"embeddable":true,"href":"https:\/\/www.claret.org\/pt-pt\/wp-json\/wp\/v2\/users\/69"}],"replies":[{"embeddable":true,"href":"https:\/\/www.claret.org\/pt-pt\/wp-json\/wp\/v2\/comments?post=27704"}],"version-history":[{"count":0,"href":"https:\/\/www.claret.org\/pt-pt\/wp-json\/wp\/v2\/pages\/27704\/revisions"}],"up":[{"embeddable":true,"href":"https:\/\/www.claret.org\/pt-pt\/wp-json\/wp\/v2\/pages\/33284"}],"wp:attachment":[{"href":"https:\/\/www.claret.org\/pt-pt\/wp-json\/wp\/v2\/media?parent=27704"}],"curies":[{"name":"wp","href":"https:\/\/api.w.org\/{rel}","templated":true}]}}