{"id":27716,"date":"2018-09-04T09:07:52","date_gmt":"2018-09-04T07:07:52","guid":{"rendered":"https:\/\/www.claret.org\/fecha-10-de-maio-sao-joao-de-avila-presbitero-e-evangelizador\/"},"modified":"2018-09-04T09:07:52","modified_gmt":"2018-09-04T07:07:52","slug":"fecha-10-de-maio-sao-joao-de-avila-presbitero-e-evangelizador","status":"publish","type":"page","link":"https:\/\/www.claret.org\/pt-pt\/efemerides\/fecha-10-de-maio-sao-joao-de-avila-presbitero-e-evangelizador\/","title":{"rendered":"Fecha: 10 de Maio &#8211; S\u00e3o Jo\u00e3o de \u00c1vila, Presb\u00edtero e evangelizador"},"content":{"rendered":"<p style=\"text-align: justify;\">Nasceu no dia 8 de janeiro de 1499, em Almod\u00f3var del Campo (Espanha). Estudou em Alcal\u00e1 de Henares entre 1520 e 1526, onde conheceu a fundo as Sacgradas Escrituras e os Padres da Igreja. Depois de sua ordena\u00e7\u00e3o sacerdotal em 1526, vendeu todos os bens e repartiu o dinheiro entre os pobres, para dedicar-se inteiramente \u00e0 evangeliza\u00e7\u00e3o. Fez seu trabalho apost\u00f3lico sobretudo no sul da Espanha, por isso foi chamado <em>Ap\u00f3stolo da Andaluzia<\/em>.<\/p>\n<p style=\"text-align: justify;\"><span style=\"color: #000000;\">Deixou muitos escritos. Mas entre todos sobresai<\/span> <em>Audi filia, et vide,<\/em> obra que marcou positivamente a literatura asc\u00e9tica. Se relacionou com santo <a title=\"Ignacio de Loyola\" href=\"http:\/\/es.wikipedia.org\/wiki\/Ignacio_de_Loyola\" rel=\"nofollow noopener\" target=\"_blank\"><u>Ignacio de Loyola<\/u><\/a>, s\u00e3o <a title=\"Francisco de Borja\" href=\"http:\/\/es.wikipedia.org\/wiki\/Francisco_de_Borja\" rel=\"nofollow noopener\" target=\"_blank\"><u>Francisco de Borja<\/u><\/a>, s\u00e3o <a title=\"Pedro de Alc\u00e1ntara\" href=\"http:\/\/es.wikipedia.org\/wiki\/Pedro_de_Alc%C3%A1ntara\" rel=\"nofollow noopener\" target=\"_blank\"><u>Pedro de Alc\u00e1ntara<\/u><\/a>, s\u00e3o <a title=\"Juan de Ribera\" href=\"http:\/\/es.wikipedia.org\/wiki\/Juan_de_Ribera\" rel=\"nofollow noopener\" target=\"_blank\"><u>Juan de Ribera<\/u><\/a>, frei <a title=\"Luis de Granada\" href=\"http:\/\/es.wikipedia.org\/wiki\/Luis_de_Granada\" rel=\"nofollow noopener\" target=\"_blank\"><u>Luis de Granada<\/u><\/a> e muitos outros. Criou uma verdadeira escola sacerdotal centrada no mist\u00e9rio de Cristo e na devo\u00e7\u00e3o \u00e0 Eucaristia, \u00e0 Virgem Maria, ao Esp\u00edrito Santo e \u00e0 igreja.<\/p>\n<p style=\"text-align: justify;\">A defini\u00e7\u00e3o que melhor caracteriza Jo\u00e3o de \u00c1vila \u00e9 o de pregador. O centro da sua mensagem \u00e9 Cristo Crucificado. Pregava tanto nas igrejas como pelas ruas. Suas palavras iam diretamente dirigidas \u00e0 convers\u00e3o do cora\u00e7\u00e3o, com profundidade e com forte carga de Palavra de Deus. Fundou numerosos semin\u00e1rios e col\u00e9gios e organizou a <a title=\"Universidad de Baeza\" href=\"http:\/\/es.wikipedia.org\/w\/index.php?title=Universidad_de_Baeza&amp;action=edit\" rel=\"nofollow noopener\" target=\"_blank\"><u>Universidad de Baeza<\/u><\/a> (Ja\u00e9n). Mas, tudo isso n\u00e3o o deixou livre de persegui\u00e7\u00e3o, e do c\u00e1rcere por parte da inquisi\u00e7\u00e3o.<\/p>\n<p style=\"text-align: justify;\">Mesmo enfermo, continuou trabalhando, at\u00e9 que piorou visivelmente em 1569 e morreu no dia 10 de maio do mesmo ano em Montilla (C\u00f3rdoba), onde est\u00e1 enterrado. No dia  <a title=\"4 de abril\" href=\"http:\/\/es.wikipedia.org\/wiki\/4_de_abril\" rel=\"nofollow noopener\" target=\"_blank\"><u>4 de abril<\/u><\/a> de <a title=\"1894\" href=\"http:\/\/es.wikipedia.org\/wiki\/1894\" rel=\"nofollow noopener\" target=\"_blank\"><u>1894<\/u><\/a>, o <a title=\"Papa\" href=\"http:\/\/es.wikipedia.org\/wiki\/Papa\" rel=\"nofollow noopener\" target=\"_blank\"><u>papa<\/u><\/a><a title=\"Le\u00f3n XIII\" href=\"http:\/\/es.wikipedia.org\/wiki\/Le%C3%B3n_XIII\" rel=\"nofollow noopener\" target=\"_blank\"><u>Le\u00f3n XIII<\/u><\/a> o beatificou; no dia  <a title=\"2 de julio\" href=\"http:\/\/es.wikipedia.org\/wiki\/2_de_julio\" rel=\"nofollow noopener\" target=\"_blank\"><u>2 de julio<\/u><\/a> de <a title=\"1946\" href=\"http:\/\/es.wikipedia.org\/wiki\/1946\" rel=\"nofollow noopener\" target=\"_blank\"><u>1946<\/u><\/a> <a title=\"P\u00edo XII\" href=\"http:\/\/es.wikipedia.org\/wiki\/P%C3%ADo_XII\" rel=\"nofollow noopener\" target=\"_blank\"><u>P\u00edo XII<\/u><\/a> o declarou Patrono do clero secular espanhol e <a title=\"Pablo VI\" href=\"http:\/\/es.wikipedia.org\/wiki\/Pablo_VI\" rel=\"nofollow noopener\" target=\"_blank\"><u>Pablo VI<\/u><\/a> o canonizou em <a title=\"1970\" href=\"http:\/\/es.wikipedia.org\/wiki\/1970\" rel=\"nofollow noopener\" target=\"_blank\"><u>1970<\/u><\/a>.<\/p>\n<p style=\"text-align: justify;\">S\u00e3o Jo\u00e3o de \u00c1vila foi, sem d\u00favidas, um grande mestre de evangelizadores. Sua vida e seus escritos influiram notavelmente, s\u00e9culos mais tarde, em Santo Ant\u00f4nio Maria Claret, que leu suas obras, chegando a cit\u00e1-las expressamente em muitas ocasi\u00f5es. Claret foi atra\u00eddo pela sua dedica\u00e7\u00e3o \u00e0 catequese e \u00e0 educa\u00e7\u00e3o das crian\u00e7as, pelos seus ardores mission\u00e1rios, pelo estilo, pelos procedimentos e pela mat\u00e9ria de prega\u00e7\u00e3o, pela orienta\u00e7\u00e3o popular da sua prega\u00e7\u00e3o e, em particular, pela sua comprovada efic\u00e1cia apost\u00f3lica. Por tudo isso nosso Fundador n\u00e3o s\u00f3 o leu e o admirou, mas o imitou.<\/p>\n","protected":false},"excerpt":{"rendered":"<p>Nasceu no dia 8 de janeiro de 1499, em Almod\u00f3var del Campo (Espanha). Estudou em Alcal\u00e1 de Henares entre 1520 e 1526, onde conheceu a fundo as Sacgradas Escrituras e os Padres da Igreja. Depois de sua ordena\u00e7\u00e3o sacerdotal em 1526, vendeu todos os bens e repartiu o dinheiro entre os pobres, para dedicar-se inteiramente [&hellip;]<\/p>\n","protected":false},"author":69,"featured_media":0,"parent":33284,"menu_order":0,"comment_status":"closed","ping_status":"closed","template":"","meta":{"_et_pb_use_builder":"","_et_pb_old_content":"","_et_gb_content_width":"","footnotes":""},"class_list":["post-27716","page","type-page","status-publish","hentry"],"jetpack_sharing_enabled":true,"jetpack_shortlink":"https:\/\/wp.me\/PdaBmi-7d2","jetpack_likes_enabled":true,"_links":{"self":[{"href":"https:\/\/www.claret.org\/pt-pt\/wp-json\/wp\/v2\/pages\/27716","targetHints":{"allow":["GET"]}}],"collection":[{"href":"https:\/\/www.claret.org\/pt-pt\/wp-json\/wp\/v2\/pages"}],"about":[{"href":"https:\/\/www.claret.org\/pt-pt\/wp-json\/wp\/v2\/types\/page"}],"author":[{"embeddable":true,"href":"https:\/\/www.claret.org\/pt-pt\/wp-json\/wp\/v2\/users\/69"}],"replies":[{"embeddable":true,"href":"https:\/\/www.claret.org\/pt-pt\/wp-json\/wp\/v2\/comments?post=27716"}],"version-history":[{"count":0,"href":"https:\/\/www.claret.org\/pt-pt\/wp-json\/wp\/v2\/pages\/27716\/revisions"}],"up":[{"embeddable":true,"href":"https:\/\/www.claret.org\/pt-pt\/wp-json\/wp\/v2\/pages\/33284"}],"wp:attachment":[{"href":"https:\/\/www.claret.org\/pt-pt\/wp-json\/wp\/v2\/media?parent=27716"}],"curies":[{"name":"wp","href":"https:\/\/api.w.org\/{rel}","templated":true}]}}