{"id":27727,"date":"2018-09-04T09:15:39","date_gmt":"2018-09-04T07:15:39","guid":{"rendered":"https:\/\/www.claret.org\/fecha-14-de-maio-sao-matias-apostolo-e-compatrono\/"},"modified":"2018-09-04T09:15:39","modified_gmt":"2018-09-04T07:15:39","slug":"fecha-14-de-maio-sao-matias-apostolo-e-compatrono","status":"publish","type":"page","link":"https:\/\/www.claret.org\/pt-pt\/efemerides\/fecha-14-de-maio-sao-matias-apostolo-e-compatrono\/","title":{"rendered":"Fecha: 14 de Maio &#8211; S\u00e3o Matias, Ap\u00f3stolo e Compatrono"},"content":{"rendered":"<p style=\"text-align: justify;\">Matias, como Paulo e Bernab\u00e9, a Igreja os reconhece como Ap\u00f3stolos, embora n\u00e3o tenham pertencido ao grupo dos Doze. A informa\u00e7\u00e3o neotestament\u00e1ria sobre este Ap\u00f3stolo, cujo nome significa <em>Dom de Deus<\/em>, \u00e9 pouca. Somente \u00e9 mencionado por ocasi\u00e3o da sua elei\u00e7\u00e3o para ocupar a vaga de Judas Iscariotes.<\/p>\n<p style=\"text-align: justify;\">Este fato tem grande interesse hist\u00f3rico e teol\u00f3gico. Vem a confirmar a impress\u00e3o que nos deixa o quarto Evangelho e tamb\u00e9m algumas passagens dos sin\u00f3ticos, de que, al\u00e9m dos Doze, Jesus teve outros seguidores e seguidoras (cf. Lc 8,1-3; Mc 15,41) mais ou menos permantentes, aos quais se concede um lugar especial na origem da Igreja.<\/p>\n<p style=\"text-align: justify;\">A import\u00e2ncia teol\u00f3gica da elei\u00e7\u00e3o de Matias est\u00e1 fundada na sua participa\u00e7\u00e3o de um fato importante: Pentecostes \u00e9, para o autor dos Atos, o momento do nascimento da Igreja; ora bem, esta Igreja, novo Povo de Deus, deve apoiar-se nos novos <em>Doze Patriarcas<\/em>. Depois de Pentecostes, em vez, n\u00e3o se experimenta tal necessidade, de modo que, quando desapareceu Tiago, o filho de Zebedeu (cf. Hch 12,2), n\u00e3o se procedeu \u00e0 escolha do seu substituto.<\/p>\n<p style=\"text-align: justify;\">Na pessoa de Matias se concentram todas as caracter\u00edsticas do aut\u00eantico Ap\u00f3stolo: seguiu e escutou a Jesus, por interven\u00e7\u00e3o divina foi integrado no grupo dos Doze e viveu em comunh\u00e3o com eles e deu testemunho da Ressurria\u00e7\u00e3o do Senhor.<\/p>\n<p style=\"text-align: justify;\">Como acontece com v\u00e1rios dos Doze, tamb\u00e9m sobre o futuro minist\u00e9rio de Matias n\u00e3o temos informa\u00e7\u00e3o certa. A partir da Hist\u00f3ia da Igreja de Eus\u00e9bio (s\u00e9culo IV), o vemos pregando o Evangelho na Eti\u00f3pia, embora seu sepulcro se venere na igreja da Abadia Beneditina de Tr\u00e9viris (Alemanha), chamada precisamente &#8216;Abadia de S\u00e3o Matias&#8217;, para onde tinha sido transladado seu corpo por ordem de Santa Helena. Mas esta tradi\u00e7\u00e3o n\u00e3o est\u00e1 documentada antes do s\u00e9culo XI. Em dito sepulcro \u00e9 elogiado com estes termos: &#8220;foi dout\u00edssimo na lei do Senhor, limpo de corpo e prudente de esp\u00edrito, agudo em solucionar problemas b\u00edblicos, conselheiro previdente, pregador insigne, realizador de numerosos milagres, devolveu seu esp\u00edrito a Deus sofrendo o mart\u00edrio com as m\u00e3os elevadas ao c\u00e9u&#8221;  (1, p. 152).<\/p>\n<p style=\"text-align: justify;\">O Padre Fundador, um tanto chateado com os que buscavam dignidades e benef\u00edcios eclesi\u00e1sticos apoiando-se em pessoas influentes, faz este curioso coment\u00e1rio sobre a elei\u00e7\u00e3o de Matias: &#8220;Duas eram as pessoas propostas que precisavam ter as qualidades necess\u00e1rias para serem escolhidas ao apostolado, Jos\u00e9 e Matias. Jos\u00e9, chamado pelo apelido &#8216;justo&#8217;, era parente de Jesus e, no entando, a sorte n\u00e3o caiu sobre ele, mas sobre Matias. Deus, que sengundo as Escrituras, governa e dirige a sorte de todos, quis dar a entender com isto que as dignidades eclesi\u00e1sticas n\u00e3o devem ser concedidas por raz\u00e3o de parentesco, nem por amizade, mas segundo os m\u00e9ritos e talentos do candidato&#8221; (3, p. 215).<\/p>\n","protected":false},"excerpt":{"rendered":"<p>Matias, como Paulo e Bernab\u00e9, a Igreja os reconhece como Ap\u00f3stolos, embora n\u00e3o tenham pertencido ao grupo dos Doze. A informa\u00e7\u00e3o neotestament\u00e1ria sobre este Ap\u00f3stolo, cujo nome significa Dom de Deus, \u00e9 pouca. Somente \u00e9 mencionado por ocasi\u00e3o da sua elei\u00e7\u00e3o para ocupar a vaga de Judas Iscariotes. Este fato tem grande interesse hist\u00f3rico e [&hellip;]<\/p>\n","protected":false},"author":69,"featured_media":0,"parent":33284,"menu_order":0,"comment_status":"closed","ping_status":"closed","template":"","meta":{"_et_pb_use_builder":"","_et_pb_old_content":"","_et_gb_content_width":"","footnotes":""},"class_list":["post-27727","page","type-page","status-publish","hentry"],"jetpack_sharing_enabled":true,"jetpack_shortlink":"https:\/\/wp.me\/PdaBmi-7dd","jetpack_likes_enabled":true,"_links":{"self":[{"href":"https:\/\/www.claret.org\/pt-pt\/wp-json\/wp\/v2\/pages\/27727","targetHints":{"allow":["GET"]}}],"collection":[{"href":"https:\/\/www.claret.org\/pt-pt\/wp-json\/wp\/v2\/pages"}],"about":[{"href":"https:\/\/www.claret.org\/pt-pt\/wp-json\/wp\/v2\/types\/page"}],"author":[{"embeddable":true,"href":"https:\/\/www.claret.org\/pt-pt\/wp-json\/wp\/v2\/users\/69"}],"replies":[{"embeddable":true,"href":"https:\/\/www.claret.org\/pt-pt\/wp-json\/wp\/v2\/comments?post=27727"}],"version-history":[{"count":0,"href":"https:\/\/www.claret.org\/pt-pt\/wp-json\/wp\/v2\/pages\/27727\/revisions"}],"up":[{"embeddable":true,"href":"https:\/\/www.claret.org\/pt-pt\/wp-json\/wp\/v2\/pages\/33284"}],"wp:attachment":[{"href":"https:\/\/www.claret.org\/pt-pt\/wp-json\/wp\/v2\/media?parent=27727"}],"curies":[{"name":"wp","href":"https:\/\/api.w.org\/{rel}","templated":true}]}}