{"id":27749,"date":"2018-09-04T10:20:32","date_gmt":"2018-09-04T08:20:32","guid":{"rendered":"https:\/\/www.claret.org\/fecha-22-de-maio-santa-joaquina-vedruna-fundadora-das-carmelitas-da-caridade\/"},"modified":"2018-09-04T10:20:32","modified_gmt":"2018-09-04T08:20:32","slug":"fecha-22-de-maio-santa-joaquina-vedruna-fundadora-das-carmelitas-da-caridade","status":"publish","type":"page","link":"https:\/\/www.claret.org\/pt-pt\/efemerides\/fecha-22-de-maio-santa-joaquina-vedruna-fundadora-das-carmelitas-da-caridade\/","title":{"rendered":"Fecha: 22 de Maio &#8211; Santa Joaquina Vedruna, Fundadora das Carmelitas da Caridade"},"content":{"rendered":"<p style=\"text-align: justify;\">Santa Joaquina Vedruna nasceu em Barcelona no dia 16 de abril de 1783, onde, depois de 71 anos de exist\u00eancia entregue a Deus e ao servi\u00e7o her\u00f3ico da caridade, faleceu no dia 28 de agosto de 1854.<\/p>\n<p style=\"text-align: justify;\">Sua primeira vontade foi consagrar-se a Deus como contemplativa; mas interpretando como vontade do seu Senhor, seguiu o conselho dos pais e casou-se com Teodoro de Mas, rico senhor de Vic. Tiveram nove filhos. \u00c0 idade de 33 anos ficou vi\u00fava. A partir deste momento, Joaquina se consagrou inteiramente ao cuidado de seus filhos, que compaginou com muitas outras obras de piedade.<\/p>\n<p style=\"text-align: justify;\">Em certo momento, desejou uma vida de maior entrega radical. Apesar de suas prefer\u00eancias pela vida contemplativa, seu diretor espiritual lhe mostrou as necessidades urgentes daqueles tempos. Assumiu ent\u00e3o a conveni\u00eancia de fundar uma institui\u00e7\u00e3o dedicada ao ensino e aos enfermos. De maneira imperiosa viu a necessidade de atender o ensino das meninas t\u00e3o abandonadas.<\/p>\n<p style=\"text-align: justify;\">Joaquina Vedruna trabalhou com for\u00e7a e humildade desde esta inspira\u00e7\u00e3o do Esp\u00edrito. Por isso, no dia 26 de fevereiro de 1826, o bispo Corcuera aprovou o novo Instituto, que foi colocado sob a prote\u00e7\u00e3o titular de Nossa Senhora do Carmo. E em 1850 foi aprovada de maneira can\u00f4nica a Congrega\u00e7\u00e3o que conhecemos como Irm\u00e3s Carmelitas da Caridade.<\/p>\n<p style=\"text-align: justify;\">As Irm\u00e3s Carmelitas da Caridade souberam ser pioneiras. Marcaram \u00e9poca e iluminaram um caminho que mais tarde foi seguido por outras congrega\u00e7\u00f5es. Elas foram as primerias religiosas dedicadas ao ensino na Espanha. O tra\u00e7o pr\u00f3prio que as identifiaca \u00e9 que a Santa viveu em casa de seus pais e mais tarde em seu pr\u00f3prio lar um ambiente de fam\u00edlia. Ela soube insuflar esta atmosfera familiar ao Instituto. Cada comunidade gozava de um clima de confian\u00e7a e cordialidade, como um lar c\u00e1lido e aberto; foram abolidas aquelas diferen\u00e7as sociais que tanto e t\u00e3o negativamente desnaturalizaram a vida religiosa. Tamb\u00e9m este ambiente familiar se transladou \u00e0s educandas, que gozavam do privil\u00e9gio de uma entrega sem reservas por parte das irm\u00e3s. As jovens felizardas aprenderam muito cedo aquele refr\u00e3o: &#8220;a letra, n\u00e3o com sangue, mas com carinho entra&#8221;.<\/p>\n<p style=\"text-align: justify;\">Ant\u00f4nio Maria Claret e Joaquina Vedruna coincidiram por v\u00e1rios motivos familiares e locais. O Padre Claret animou espiritualmente Joaquina Vedruna e se converteu em propulsor e protetor da Congrega\u00e7\u00e3o que fundara a Santa. Gra\u00e7as a seu decisivo influxo, o Instituto abriu logo suas portas \u00e0 Catalunha e pode estender-se por toda a Espanha. O Santo as protegeu sempre, ajudou na sua manuten\u00e7\u00e3o e sua perman\u00eancia nos povoados. Foi verdadeiramente seu defensor, pai e bom irm\u00e3o. O fizeram tamb\u00e9m depois outros Mission\u00e1rios Claretianos.<\/p>\n","protected":false},"excerpt":{"rendered":"<p>Santa Joaquina Vedruna nasceu em Barcelona no dia 16 de abril de 1783, onde, depois de 71 anos de exist\u00eancia entregue a Deus e ao servi\u00e7o her\u00f3ico da caridade, faleceu no dia 28 de agosto de 1854. Sua primeira vontade foi consagrar-se a Deus como contemplativa; mas interpretando como vontade do seu Senhor, seguiu o [&hellip;]<\/p>\n","protected":false},"author":69,"featured_media":0,"parent":33284,"menu_order":0,"comment_status":"closed","ping_status":"closed","template":"","meta":{"_et_pb_use_builder":"","_et_pb_old_content":"","_et_gb_content_width":"","footnotes":""},"class_list":["post-27749","page","type-page","status-publish","hentry"],"jetpack_sharing_enabled":true,"jetpack_shortlink":"https:\/\/wp.me\/PdaBmi-7dz","jetpack_likes_enabled":true,"_links":{"self":[{"href":"https:\/\/www.claret.org\/pt-pt\/wp-json\/wp\/v2\/pages\/27749","targetHints":{"allow":["GET"]}}],"collection":[{"href":"https:\/\/www.claret.org\/pt-pt\/wp-json\/wp\/v2\/pages"}],"about":[{"href":"https:\/\/www.claret.org\/pt-pt\/wp-json\/wp\/v2\/types\/page"}],"author":[{"embeddable":true,"href":"https:\/\/www.claret.org\/pt-pt\/wp-json\/wp\/v2\/users\/69"}],"replies":[{"embeddable":true,"href":"https:\/\/www.claret.org\/pt-pt\/wp-json\/wp\/v2\/comments?post=27749"}],"version-history":[{"count":0,"href":"https:\/\/www.claret.org\/pt-pt\/wp-json\/wp\/v2\/pages\/27749\/revisions"}],"up":[{"embeddable":true,"href":"https:\/\/www.claret.org\/pt-pt\/wp-json\/wp\/v2\/pages\/33284"}],"wp:attachment":[{"href":"https:\/\/www.claret.org\/pt-pt\/wp-json\/wp\/v2\/media?parent=27749"}],"curies":[{"name":"wp","href":"https:\/\/api.w.org\/{rel}","templated":true}]}}