{"id":27761,"date":"2018-09-04T10:28:23","date_gmt":"2018-09-04T08:28:23","guid":{"rendered":"https:\/\/www.claret.org\/fecha-25-de-maio-santa-maria-madalena-dei-pazzi-virgem\/"},"modified":"2018-09-04T10:28:23","modified_gmt":"2018-09-04T08:28:23","slug":"fecha-25-de-maio-santa-maria-madalena-dei-pazzi-virgem","status":"publish","type":"page","link":"https:\/\/www.claret.org\/pt-pt\/efemerides\/fecha-25-de-maio-santa-maria-madalena-dei-pazzi-virgem\/","title":{"rendered":"Fecha: 25 de Maio &#8211; Santa Maria Madalena dei Pazzi, Virgem"},"content":{"rendered":"<p style=\"text-align: justify;\">Santo Ant\u00f4nio Maria Claret teve uma devo\u00e7\u00e3o especial para com aquelas mulheres santas que, apesar de viverem no claustro, sobressairam pelo zelo da gl\u00f3ria de Deus e pela salva\u00e7\u00e3o das almas que ardia em seus cora\u00e7\u00f5es. Uma delas foi Santa Maria Madalena dei Pazzi, cuja mem\u00f3ria celebramos hoje.<\/p>\n<p style=\"text-align: justify;\">Esta grande e santa mulher nasceu em Floren\u00e7a (It\u00e1lia) no dia 2 de abril de 1566, de nobre fam\u00edlia. Desde pequena teve uma especial sensibilidade pela vida sobrenatural. Depois da sua primeira comunh\u00e3o se entregou para sempre ao Senhor com uma promessa de virgindade.<\/p>\n<p style=\"text-align: justify;\">No dia 1 de dezembro de 1582 entrou na comunidade carmelita de Santa Maria dos Anjos de Floren\u00e7a. Logo depois, uma misteriosa enfermidade, declarada incur\u00e1vel, a levou a adiantar a profiss\u00e3o. Curada, no dia 16 de julho de 1584, iniciou uma intensa \u00e9poca m\u00edstica at\u00e9 convertes-se em uma das maiores m\u00edsticas, ext\u00e1ticas e estigmatizadas de todos os tempos.<\/p>\n<p style=\"text-align: justify;\">Como Catarina de Sena, sentiu-se tamb\u00e9m movida a escrever ao Papa e a outras personalidades eclesi\u00e1sticas para levar a cabo a renova\u00e7\u00e3o da Igreja e particularmente dos religiosos.<\/p>\n<p style=\"text-align: justify;\">Cinco livros ditados pela nossa Santa conservam suas principais revela\u00e7\u00f5es e doutrina. <em>Os Quarenta dias, Os col\u00f3quios, As revela\u00e7\u00f5es, a Prova e Renova\u00e7\u00e3o de Igreja, <\/em>al\u00e9m de diversos avisos, senten\u00e7as e cartas familiares.<\/p>\n<p style=\"text-align: justify;\">A dura vida de Santa Maria Madalena foi um cont\u00ednuo mart\u00edrio em favor do pr\u00f3ximo, da Igreja, que amou apaixonadamente. Porque amor \u00e9 dor e se ofereceu como v\u00edtima de amor pelos pecadores lan\u00e7ando o grito:<em> sofrer e n\u00e3o morrer<\/em>.<\/p>\n<p style=\"text-align: justify;\">A enfermidade a fez sofrer intensamente durante os tr\u00eas \u00faltimos anos de sua vida. No dia 13 de maio de 1607, Maria Madalena recebeu o sacramento da un\u00e7\u00e3o. \u00c0s duas da tarde da sexta feira, 25 , morreu. Junto ao seu leito, suas irm\u00e3s religiosas rezaram o S\u00edmbolo de Santo Atan\u00e1sio. Em menos de duas d\u00e1cadas o Papa Urbano VIII a proclamou Beata. Em 1669, Clemente IX a incluiu no cat\u00e1logo dos Santos. Seu corpo incorrupto \u00e9 meta de peregrina\u00e7\u00f5es constantes em Floren\u00e7a.<\/p>\n","protected":false},"excerpt":{"rendered":"<p>Santo Ant\u00f4nio Maria Claret teve uma devo\u00e7\u00e3o especial para com aquelas mulheres santas que, apesar de viverem no claustro, sobressairam pelo zelo da gl\u00f3ria de Deus e pela salva\u00e7\u00e3o das almas que ardia em seus cora\u00e7\u00f5es. Uma delas foi Santa Maria Madalena dei Pazzi, cuja mem\u00f3ria celebramos hoje. Esta grande e santa mulher nasceu em [&hellip;]<\/p>\n","protected":false},"author":69,"featured_media":0,"parent":33284,"menu_order":0,"comment_status":"closed","ping_status":"closed","template":"","meta":{"_et_pb_use_builder":"","_et_pb_old_content":"","_et_gb_content_width":"","footnotes":""},"class_list":["post-27761","page","type-page","status-publish","hentry"],"jetpack_sharing_enabled":true,"jetpack_shortlink":"https:\/\/wp.me\/PdaBmi-7dL","jetpack_likes_enabled":true,"_links":{"self":[{"href":"https:\/\/www.claret.org\/pt-pt\/wp-json\/wp\/v2\/pages\/27761","targetHints":{"allow":["GET"]}}],"collection":[{"href":"https:\/\/www.claret.org\/pt-pt\/wp-json\/wp\/v2\/pages"}],"about":[{"href":"https:\/\/www.claret.org\/pt-pt\/wp-json\/wp\/v2\/types\/page"}],"author":[{"embeddable":true,"href":"https:\/\/www.claret.org\/pt-pt\/wp-json\/wp\/v2\/users\/69"}],"replies":[{"embeddable":true,"href":"https:\/\/www.claret.org\/pt-pt\/wp-json\/wp\/v2\/comments?post=27761"}],"version-history":[{"count":0,"href":"https:\/\/www.claret.org\/pt-pt\/wp-json\/wp\/v2\/pages\/27761\/revisions"}],"up":[{"embeddable":true,"href":"https:\/\/www.claret.org\/pt-pt\/wp-json\/wp\/v2\/pages\/33284"}],"wp:attachment":[{"href":"https:\/\/www.claret.org\/pt-pt\/wp-json\/wp\/v2\/media?parent=27761"}],"curies":[{"name":"wp","href":"https:\/\/api.w.org\/{rel}","templated":true}]}}