{"id":27767,"date":"2018-09-04T10:35:01","date_gmt":"2018-09-04T08:35:01","guid":{"rendered":"https:\/\/www.claret.org\/fecha-13-de-junho-ordenacao-sacerdotal-de-s-antonio-maria-claret\/"},"modified":"2018-09-04T10:35:01","modified_gmt":"2018-09-04T08:35:01","slug":"fecha-13-de-junho-ordenacao-sacerdotal-de-s-antonio-maria-claret","status":"publish","type":"page","link":"https:\/\/www.claret.org\/pt-pt\/efemerides\/fecha-13-de-junho-ordenacao-sacerdotal-de-s-antonio-maria-claret\/","title":{"rendered":"Fecha: 13 de Junho &#8211; Ordena\u00e7\u00e3o Sacerdotal de S. Ant\u00f4nio Maria Claret"},"content":{"rendered":"<p style=\"text-align: justify;\">Hoje, 13 de junho, mem\u00f3ria de Santo Ant\u00f4nio de Lisboa (P\u00e1dua), celebramos o anivers\u00e1rio da ordena\u00e7\u00e3o sacerdotal de Santo Ant\u00f4nio Maria Claret. Foi celebrada em Solsona (Espanha). O bispo ordenante foi Frei Jo\u00e3o Jos\u00e9 de Tejada. Claret tinha ent\u00e3o 27 anos. Embora n\u00e3o tivesse terminado seus estudos, o bispo de Vic quis adiantar a ordena\u00e7\u00e3o porque via nele algo especial.<\/p>\n<p style=\"text-align: justify;\">Humanamente falando, a ordena\u00e7\u00e3o sacerdotal de Claret n\u00e3o foi uma experi\u00eancia muito prazerosa. Vinha de longos exerc\u00edcios espirituais nos quais se sentiu fortemente tentado. N\u00e3o pode ordenar-se em sua diocese de Vic por estar doente o bispo. Teve que trasladar-se \u00e0 diocese de Solsona. O bispo ordenante n\u00e3o foi seu amigo Corcuera, mas Frei Jo\u00e3o Jos\u00e9 Tejada.<\/p>\n<p style=\"text-align: justify;\">Todas estas contrariedades se iluminaram no dia da primeira missa: &#8220;Antes da ordena\u00e7\u00e3o sacerdotal fiz os quarenta dias de exerc\u00edcios espirituais. Nunca tinha feito exerc\u00edcios com tantas dificuldades e tenta\u00e7\u00f5es; mas de nenhum tinha tirado mais e maior proveito espiritual, como me foi dado a conhecer no dia que cantei a primeira missa, 21 de junho, dia de S\u00e3o Lu\u00eds Gonzada, Patrono da Congrega\u00e7\u00e3o; assim como a ordena\u00e7\u00e3o foi no dia de Santo Ant\u00f4nio, dia do meu Santo Patrono&#8221; (Aut 102).<\/p>\n<p style=\"text-align: justify;\">A ordena\u00e7\u00e3o sacerdotal foi para Claret o ponto de chegada de um sonho que havia tido quando pequeno. Mas constituiu, sobretudo, um ponto de partida em sua voca\u00e7\u00e3o de Mission\u00e1rio Apost\u00f3lico. Ele viveu seu sacerd\u00f3cio, de um modo diferente de muitos outros cl\u00e9rigos do seu tempo, como uma s\u00edntese perfeita entre sua dedica\u00e7\u00e3o ao an\u00fancio da Palavra, a celebra\u00e7\u00e3o sacramental e a aten\u00e7\u00e3o pastoral \u00e0s pessoas. N\u00e3o se sentia chamado ao exerc\u00edcio desde o servi\u00e7o paroquial, mas como mission\u00e1rio itinerante. Por isso, logo se ofereceu para as miss\u00f5es estrangeiras. Ao n\u00e3o poder realizar este projeto, se encaminhou para a prega\u00e7\u00e3o itinerante pelos povoados da Catalunha e Can\u00e1rias.<\/p>\n<p style=\"text-align: justify;\">Esta mem\u00f3ria \u00e9 uma ocasi\u00e3o particular para dar gra\u00e7as a Deus pelo dom concedido ao nosso Fundador e por todos os presb\u00edteros que nos ajudaram ao longo da nossa vida a vivermos melhor o seguimento de Cristo, come\u00e7ando por quem nos administrou o sacramento do Batismo.<\/p>\n<p style=\"text-align: justify;\">\u00c9, ao mesmo tempo, um dia adequado para que os Mission\u00e1rios ordenados d\u00eaem gra\u00e7as pela voca\u00e7\u00e3o ministerial e para pedirem ao Senhor que conceda \u00e0 sua Igreja os ministros id\u00f4neos que possam servi-la como fez em seu tempo Santo Ant\u00f4nio Maria Claret.<\/p>\n","protected":false},"excerpt":{"rendered":"<p>Hoje, 13 de junho, mem\u00f3ria de Santo Ant\u00f4nio de Lisboa (P\u00e1dua), celebramos o anivers\u00e1rio da ordena\u00e7\u00e3o sacerdotal de Santo Ant\u00f4nio Maria Claret. Foi celebrada em Solsona (Espanha). O bispo ordenante foi Frei Jo\u00e3o Jos\u00e9 de Tejada. Claret tinha ent\u00e3o 27 anos. Embora n\u00e3o tivesse terminado seus estudos, o bispo de Vic quis adiantar a ordena\u00e7\u00e3o [&hellip;]<\/p>\n","protected":false},"author":69,"featured_media":0,"parent":33284,"menu_order":0,"comment_status":"closed","ping_status":"closed","template":"","meta":{"_et_pb_use_builder":"","_et_pb_old_content":"","_et_gb_content_width":"","footnotes":""},"class_list":["post-27767","page","type-page","status-publish","hentry"],"jetpack_sharing_enabled":true,"jetpack_shortlink":"https:\/\/wp.me\/PdaBmi-7dR","jetpack_likes_enabled":true,"_links":{"self":[{"href":"https:\/\/www.claret.org\/pt-pt\/wp-json\/wp\/v2\/pages\/27767","targetHints":{"allow":["GET"]}}],"collection":[{"href":"https:\/\/www.claret.org\/pt-pt\/wp-json\/wp\/v2\/pages"}],"about":[{"href":"https:\/\/www.claret.org\/pt-pt\/wp-json\/wp\/v2\/types\/page"}],"author":[{"embeddable":true,"href":"https:\/\/www.claret.org\/pt-pt\/wp-json\/wp\/v2\/users\/69"}],"replies":[{"embeddable":true,"href":"https:\/\/www.claret.org\/pt-pt\/wp-json\/wp\/v2\/comments?post=27767"}],"version-history":[{"count":0,"href":"https:\/\/www.claret.org\/pt-pt\/wp-json\/wp\/v2\/pages\/27767\/revisions"}],"up":[{"embeddable":true,"href":"https:\/\/www.claret.org\/pt-pt\/wp-json\/wp\/v2\/pages\/33284"}],"wp:attachment":[{"href":"https:\/\/www.claret.org\/pt-pt\/wp-json\/wp\/v2\/media?parent=27767"}],"curies":[{"name":"wp","href":"https:\/\/api.w.org\/{rel}","templated":true}]}}