{"id":27785,"date":"2018-09-04T11:36:11","date_gmt":"2018-09-04T09:36:11","guid":{"rendered":"https:\/\/www.claret.org\/fecha-15-de-junho-santa-maria-micaela-do-santissimo-sacramento-fundadora-das-religiosas-adoratrizes\/"},"modified":"2018-09-04T11:36:11","modified_gmt":"2018-09-04T09:36:11","slug":"fecha-15-de-junho-santa-maria-micaela-do-santissimo-sacramento-fundadora-das-religiosas-adoratrizes","status":"publish","type":"page","link":"https:\/\/www.claret.org\/pt-pt\/efemerides\/fecha-15-de-junho-santa-maria-micaela-do-santissimo-sacramento-fundadora-das-religiosas-adoratrizes\/","title":{"rendered":"Fecha: 15 de Junho &#8211; Santa Maria Micaela do Sant\u00edssimo Sacramento, Fundadora das Religiosas Adoratrizes"},"content":{"rendered":"<p style=\"text-align: justify;\">Micaela Desmaisi\u00e8res L\u00f3pez de Dicastillo y Olmedo, viscondessa de Jorbal\u00e1n, nasceu em Madri em 1809. recebeu uma esmerada educa\u00e7\u00e3o de acordo com a sua condi\u00e7\u00e3o aristocr\u00e1tica, mas muito cedo conheceu, juntamente com a f\u00e9, a dor e a humilha\u00e7\u00e3o.<\/p>\n<p style=\"text-align: justify;\">Sendo dirigida do Jesu\u00edta P. Carasa teve sua experi\u00eancia mais marcante no hospital de S\u00e3o Jo\u00e3o de Deus de Madri, ao entrar em contato pela primeira vez com mulheres de rua, doentes de repugnantes enfermidades ven\u00e9reas. Aquela visita foi t\u00e3o decisiva que a levou a abrir uma casinha de acolhida para aquelas infelizes. Isto, que foi o germe da sua grande obra, lhe provocou uma tormenta de incompreens\u00f5es. Todas suas antigas amizades lhe negaram a ajuda e a amizade.<\/p>\n<p style=\"text-align: justify;\">Em 1845, em companhia de algumas pessoas conhecidas, inaugurou um col\u00e9gio para estas mulheres maltratadas, para que se preparassem para um trabalho digno. Em 1850 deixou definitivamente sua elegante casa de bairro rico e  foi viver com elas em uma casa miser\u00e1vel, ajudando-as a recuperar sua dignidade de pessoas e filhas de Deus. Depois de alguns anos duros, cheios de cal\u00fanias e de grandes problemas econ\u00f4micos e tendo como \u00fanico recurso a Eucaristia, nasceram em 1856 as Adoratrizes Escravas do Sant\u00edssimo Sacramento e da Caridade, gra\u00e7as a ajuda e o conselho de Santo Ant\u00f4nio Maria Claret. Assim deixou de ser Micaela para converter-se na Madre Sacramento. No dia 6 de janeiro de 1859, festa da Epifania do Senhor, fizeram os votos simples Micaela e suas sete primeiras companheiras. no dia 15 de junho de 1860 emitiu seus votos perp\u00e9tuos. Assim se iniciou a lenta expans\u00e3o do Instituto.<\/p>\n<p style=\"text-align: justify;\">O Padre Claret conheceu Madre Sacramento sendo j\u00e1 confessor real. O Santo ajudou a ela e ao Instituto espiritual e materialmente. Inclusive retocou suas Constitui\u00f5es para conseguir sua aprova\u00e7\u00e3o. Ambos santos padeceram tamb\u00e9m grotescas cal\u00fanias por meio das mais infamantes propagandas.<\/p>\n<p style=\"text-align: justify;\">Afetada mortalmente pelo c\u00f3lera, no dia 24 de agosto de 1865, Madre Sacramento morreu em Val\u00eancia, onde havia acudido para ajudar e consolar na epidemia. Assim fez da sua vida mesma uma perfeita Eucaristia: comunh\u00e3o com Cristo dando a vida pelos mais necessitados. A heroicidade das suas virtudes foi proclamada em 1922. Pio XI a beatificou no dia 7 de julho de 1925 e a canonizou no dia 4 de mar\u00e7o de 1934. Santo Ant\u00f4nio Maria Claret ficou vinculado a Madre Sacramento e sua obra como patrono do Instituto por ela fundado.<\/p>\n","protected":false},"excerpt":{"rendered":"<p>Micaela Desmaisi\u00e8res L\u00f3pez de Dicastillo y Olmedo, viscondessa de Jorbal\u00e1n, nasceu em Madri em 1809. recebeu uma esmerada educa\u00e7\u00e3o de acordo com a sua condi\u00e7\u00e3o aristocr\u00e1tica, mas muito cedo conheceu, juntamente com a f\u00e9, a dor e a humilha\u00e7\u00e3o. Sendo dirigida do Jesu\u00edta P. Carasa teve sua experi\u00eancia mais marcante no hospital de S\u00e3o Jo\u00e3o [&hellip;]<\/p>\n","protected":false},"author":69,"featured_media":0,"parent":33284,"menu_order":0,"comment_status":"closed","ping_status":"closed","template":"","meta":{"_et_pb_use_builder":"","_et_pb_old_content":"","_et_gb_content_width":"","footnotes":""},"class_list":["post-27785","page","type-page","status-publish","hentry"],"jetpack_sharing_enabled":true,"jetpack_shortlink":"https:\/\/wp.me\/PdaBmi-7e9","jetpack_likes_enabled":true,"_links":{"self":[{"href":"https:\/\/www.claret.org\/pt-pt\/wp-json\/wp\/v2\/pages\/27785","targetHints":{"allow":["GET"]}}],"collection":[{"href":"https:\/\/www.claret.org\/pt-pt\/wp-json\/wp\/v2\/pages"}],"about":[{"href":"https:\/\/www.claret.org\/pt-pt\/wp-json\/wp\/v2\/types\/page"}],"author":[{"embeddable":true,"href":"https:\/\/www.claret.org\/pt-pt\/wp-json\/wp\/v2\/users\/69"}],"replies":[{"embeddable":true,"href":"https:\/\/www.claret.org\/pt-pt\/wp-json\/wp\/v2\/comments?post=27785"}],"version-history":[{"count":0,"href":"https:\/\/www.claret.org\/pt-pt\/wp-json\/wp\/v2\/pages\/27785\/revisions"}],"up":[{"embeddable":true,"href":"https:\/\/www.claret.org\/pt-pt\/wp-json\/wp\/v2\/pages\/33284"}],"wp:attachment":[{"href":"https:\/\/www.claret.org\/pt-pt\/wp-json\/wp\/v2\/media?parent=27785"}],"curies":[{"name":"wp","href":"https:\/\/api.w.org\/{rel}","templated":true}]}}