{"id":27795,"date":"2018-09-04T11:45:42","date_gmt":"2018-09-04T09:45:42","guid":{"rendered":"https:\/\/www.claret.org\/fecha-23-de-junho-estudante-pedro-mardones-cmf\/"},"modified":"2018-09-04T11:45:42","modified_gmt":"2018-09-04T09:45:42","slug":"fecha-23-de-junho-estudante-pedro-mardones-cmf","status":"publish","type":"page","link":"https:\/\/www.claret.org\/pt-pt\/efemerides\/fecha-23-de-junho-estudante-pedro-mardones-cmf\/","title":{"rendered":"Fecha: 23 de Junho &#8211; Estudante Pedro Mardones CMF"},"content":{"rendered":"<div style=\"text-align: justify;\">O estudante claretiano Pedro Mardones Valle nasceu no dia 24 de agosto de 1914 em Vallejuelo (Burgos &#8211; Espanha). Seus pais, Miguel e Sebastiana eram lavradores. Catequizado por sua m\u00e3e, Pedro mostrou grande afei\u00e7\u00e3o \u00e0 Eucaristia. Nenhum dia se esquecia de rezar junto  \u00e0 Patrona do povoado, Nossa Senhora de <em>Cantonad<\/em>, de quem era muito devoto.<\/div>\n<div style=\"text-align: justify;\"><\/div>\n<div style=\"text-align: justify;\">Reconhemos o que diz dele o resumo hist\u00f3rico da Prov\u00edncia de B\u00e9tica:<\/div>\n<div style=\"text-align: justify;\"><\/div>\n<div style=\"text-align: justify;\">&#8220;Antes de tudo devemos notar a heroicidade da sua voca\u00e7\u00e3o. Amava muito seu pai, mas encontrou nele a oposi\u00e7\u00e3o mais ferrenha quando lhe manifestou seu ideal mission\u00e1rio. O n\u00e3o do pai foi redondo. Mas ajudado por um dos seus cunhados, abandonou a casa paterna em uma noite, para esconder-se na casa de Deus. Ali se apresentou ao Prefeito da cidade com seu pai e com uma dupla de policiais. N\u00e3o houve mais rem\u00e9dio sen\u00e3o deixar o menino no lugar para onde ele  queria ir. J\u00e1 postulante se impunha, sem querer, por sua piedade, simplicidade e trato am\u00e1vel. Como religioso, podemos dizer que todas as virtudes as praticava e a todas se entregava com decis\u00e3o e alegria. Um homem de ora\u00e7\u00e3o, de profunda piedade cordimariana, de sacrif\u00edcio, mortifica\u00e7\u00e3o e laboriosidade; mas sobretudo sua ascese mortificante. Um santo. Incorporado no ex\u00e9rcito (1936), seus chefes de quartel lhe professavam um respeito t\u00e3o grande que sentiam dificuldade quando deviam mandar-lhe fazer algo. A vida de quartel foi para ele um mart\u00edrio continuado. Escapava sempre que podia para n\u00e3o perder o ritmo de aulas e estudos. Para ele, o estudo era companheiro insepar\u00e1vel da ora\u00e7\u00e3o. Morreu devorado pelo tifo. O Prefeito da cidade se ofereceu para ser o padrinho da sua primeira misa. N\u00e3o chegou a acontecer. Celebrou-a no c\u00e9u&#8221;.<\/div>\n<div style=\"text-align: justify;\"><\/div>\n<div style=\"text-align: justify;\">Sua fedelidade her\u00f3ica ia ficar uma vez mais acreditada e definitivamente selada na \u00faltima prova: a enfermidade contagiosa, tifo, que foi minando seu organismo at\u00e9 acabar com sua vida. Prostrado no leito do hospital de Gri\u00f1on e consumido pela febre, o \u00fanico entretenimento de Pedro era falar do Col\u00e9gio, recordar-se dos irm\u00e3os de Congrega\u00e7\u00e3o e, especialmente, dedicar-se \u00e0 leitura da B\u00edblia.<\/div>\n<div style=\"text-align: justify;\"><\/div>\n<div style=\"text-align: justify;\">Morreu no dia 23 de junho de 1937. N\u00e3o tinha completado 24 anos de idade, mas estava j\u00e1 maduro para o c\u00e9u. Todos os que tiveram a oportunidade de conhec\u00ea-lo fizeram o mesmo ju\u00edzo: &#8220;O senhor Mardones era um santo&#8221;.<\/div>\n","protected":false},"excerpt":{"rendered":"<p>O estudante claretiano Pedro Mardones Valle nasceu no dia 24 de agosto de 1914 em Vallejuelo (Burgos &#8211; Espanha). Seus pais, Miguel e Sebastiana eram lavradores. Catequizado por sua m\u00e3e, Pedro mostrou grande afei\u00e7\u00e3o \u00e0 Eucaristia. Nenhum dia se esquecia de rezar junto \u00e0 Patrona do povoado, Nossa Senhora de Cantonad, de quem era muito [&hellip;]<\/p>\n","protected":false},"author":69,"featured_media":0,"parent":33284,"menu_order":0,"comment_status":"closed","ping_status":"closed","template":"","meta":{"_et_pb_use_builder":"","_et_pb_old_content":"","_et_gb_content_width":"","footnotes":""},"class_list":["post-27795","page","type-page","status-publish","hentry"],"jetpack_sharing_enabled":true,"jetpack_shortlink":"https:\/\/wp.me\/PdaBmi-7ej","jetpack_likes_enabled":true,"_links":{"self":[{"href":"https:\/\/www.claret.org\/pt-pt\/wp-json\/wp\/v2\/pages\/27795","targetHints":{"allow":["GET"]}}],"collection":[{"href":"https:\/\/www.claret.org\/pt-pt\/wp-json\/wp\/v2\/pages"}],"about":[{"href":"https:\/\/www.claret.org\/pt-pt\/wp-json\/wp\/v2\/types\/page"}],"author":[{"embeddable":true,"href":"https:\/\/www.claret.org\/pt-pt\/wp-json\/wp\/v2\/users\/69"}],"replies":[{"embeddable":true,"href":"https:\/\/www.claret.org\/pt-pt\/wp-json\/wp\/v2\/comments?post=27795"}],"version-history":[{"count":0,"href":"https:\/\/www.claret.org\/pt-pt\/wp-json\/wp\/v2\/pages\/27795\/revisions"}],"up":[{"embeddable":true,"href":"https:\/\/www.claret.org\/pt-pt\/wp-json\/wp\/v2\/pages\/33284"}],"wp:attachment":[{"href":"https:\/\/www.claret.org\/pt-pt\/wp-json\/wp\/v2\/media?parent=27795"}],"curies":[{"name":"wp","href":"https:\/\/api.w.org\/{rel}","templated":true}]}}