{"id":27806,"date":"2018-09-04T11:54:07","date_gmt":"2018-09-04T09:54:07","guid":{"rendered":"https:\/\/www.claret.org\/fecha-29-de-junho-sao-pedro-e-sao-paulo-apostolos-compatronos\/"},"modified":"2018-09-04T11:54:07","modified_gmt":"2018-09-04T09:54:07","slug":"fecha-29-de-junho-sao-pedro-e-sao-paulo-apostolos-compatronos","status":"publish","type":"page","link":"https:\/\/www.claret.org\/pt-pt\/efemerides\/fecha-29-de-junho-sao-pedro-e-sao-paulo-apostolos-compatronos\/","title":{"rendered":"Fecha: 29 de Junho &#8211; S\u00e3o Pedro e S\u00e3o Paulo, Ap\u00f3stolos Compatronos"},"content":{"rendered":"<p style=\"text-align: justify;\">Recordamos neste dia os Santos Ap\u00f3stolos Pedro e Paulo que tiveram um papel decisivo na expans\u00e3o da Igreja nascente. N\u00e3o estiveram juntos durante o minist\u00e9rio de Jesus; Paulo nem sequer conheceu Jesus. Mas s\u00e3o semelhantes pelo influxo decisivo na Igreja nascente e por terem coroado ambos seus compromissos apost\u00f3licos com o mart\u00edrio em Roma.<\/p>\n<p style=\"text-align: justify;\">Pedro \u00e9 o mais destacado do grupo dos Doze, em cujas listas ocupa sempre o primeiro lugar. Foi conduzido a Jesus por seu irm\u00e3o Andr\u00e9, depois de abandonar este o grupo do Batista. Parece que seu domic\u00edlio em Cafarnaum se converteu em resid\u00eancia de Jesus, em seus intermitentes descansos mission\u00e1rios.<\/p>\n<p style=\"text-align: justify;\">Chamado originariamente Sim\u00e3o,  (o Sime\u00e3o, cf. At 15,14), tanto a tradi\u00e7\u00e3o sin\u00f3tica como a de Jo\u00e3o (cf. Jo 1,42) recordam que Jesus lhe deu o significativo apelido de Pedro, com a consequente fun\u00e7\u00e3o de alicerce na funda\u00e7\u00e3o da Igreja e que foi o primeiro em confessar que Jesus \u00e9 o Messias (cf. Jo 6,69). Pedro, junto com Tiago e Jo\u00e3o, n\u00e3o falta em nenhum momento importante da vida terrena de Jesus e \u00e9 frequentemente o portavoz dos Doze na hora de fazer perguntas ao Mestre. Muitas p\u00e1ginas evang\u00e9licas deixam const\u00e2ncia da sua fogosidade e entrega, (cf. Mc 14,29), mas tamb\u00e9m de seus erros e de sua debilidade, at\u00e9 chegar a negar ser disc\u00edpulo de Jesus (cf. Mc 14,66 ss).<\/p>\n<p style=\"text-align: justify;\">Pedro, considerado como o primeiro a quem apareceu o Ressuscitado, aparece no livro dos Atos como organizador da igreja em seus primeiros dias. Foi decisivo seu papel no chamado Conc\u00edlio de Jerusal\u00e9m (cf. At 15; Gal 2,1-10) e no in\u00edcio da prega\u00e7\u00e3o aos pag\u00e3os, gra\u00e7as ao acontecimento Corn\u00e9lio  (cf. At 10), se bem no conflito de Antioquia (cf. Gal 2,11 ss)  parece trair sua inicial abertura. No Novo Testamento figuram duas cartas em seu nome, possivelmente pseud\u00f4nimas. Sobre seu mart\u00edrio em Roma nos informa a carta de Clemente aos Cor\u00edntios e o dito mart\u00edrio alude Jo\u00e3o (21,18s).<\/p>\n<p style=\"text-align: justify;\">Paulo \u00e9 o personagem melhor conhecido do Novo Testamento, o \u00fanico do qual se pode compor uma verdadeira biografia. Nasceu na di\u00e1spora, mas de fam\u00edlia de fariseus observantes, perseguiu inicialmente a igreja judeo-crist\u00e3 e a de origem grega por suas liberdades com respeito \u00e0 lei (cf. Gal 1,14; Flp 3, 6). Mas, alcan\u00e7ado pelo Senhor, se converteu no mais destacado pregador da f\u00e9 crist\u00e3 e no universalizador da mesma, ao deslig\u00e1-la da legisla\u00e7\u00e3o judaica. Integrado na influente comunidade de Antioquia, participou ativamente do chamado <em>Conc\u00edlio de Jerusal\u00e9m<\/em>, mas, depois do acidente de Antioquia, se distanciou das igrejas da S\u00edria e da Palestina e com uma nova equipe se dedicou a fundar comunidades nas grandes cidades nos arredores do mar Egeu.<\/p>\n<p style=\"text-align: justify;\">Grande conhecedor do Antigo Testamento, nos deixou um rico acervo teol\u00f3gico e espiritual em suas cartas; das 13 que lhe s\u00e3o atribu\u00eddas no Novo Testamento, a cr\u00edtica reconhece 7 como aut\u00eanticas e 6 procedentes da escola teol\u00f3gica que deixou atr\u00e1s de si. Concluido seu minist\u00e9rio pela Gr\u00e9cia, decide viajar para a Espanha visitando pelo caminho a comunidade de Roma. Antes por\u00e9m vai a Jerusal\u00e9m onde \u00e9 feito prisioneiro e conduzido a Roma para ser julgado pelo tribunal imperial. Foi justiciado ao redor do ano 58, uns anos antes de Pedro.<\/p>\n<p style=\"text-align: justify;\">\u00c9 conhecida a venera\u00e7\u00e3o do Padre Fundador pelos Santos Ap\u00f3stolos. Ele n\u00e3o quis outro t\u00edtulo que o de Mission\u00e1rio Apost\u00f3lico, que interpretou como &#8220;viver ao estilo dos Ap\u00f3stolos&#8221;.<\/p>\n","protected":false},"excerpt":{"rendered":"<p>Recordamos neste dia os Santos Ap\u00f3stolos Pedro e Paulo que tiveram um papel decisivo na expans\u00e3o da Igreja nascente. N\u00e3o estiveram juntos durante o minist\u00e9rio de Jesus; Paulo nem sequer conheceu Jesus. Mas s\u00e3o semelhantes pelo influxo decisivo na Igreja nascente e por terem coroado ambos seus compromissos apost\u00f3licos com o mart\u00edrio em Roma. Pedro [&hellip;]<\/p>\n","protected":false},"author":69,"featured_media":0,"parent":33284,"menu_order":0,"comment_status":"closed","ping_status":"closed","template":"","meta":{"_et_pb_use_builder":"","_et_pb_old_content":"","_et_gb_content_width":"","footnotes":""},"class_list":["post-27806","page","type-page","status-publish","hentry"],"jetpack_sharing_enabled":true,"jetpack_shortlink":"https:\/\/wp.me\/PdaBmi-7eu","jetpack_likes_enabled":true,"_links":{"self":[{"href":"https:\/\/www.claret.org\/pt-pt\/wp-json\/wp\/v2\/pages\/27806","targetHints":{"allow":["GET"]}}],"collection":[{"href":"https:\/\/www.claret.org\/pt-pt\/wp-json\/wp\/v2\/pages"}],"about":[{"href":"https:\/\/www.claret.org\/pt-pt\/wp-json\/wp\/v2\/types\/page"}],"author":[{"embeddable":true,"href":"https:\/\/www.claret.org\/pt-pt\/wp-json\/wp\/v2\/users\/69"}],"replies":[{"embeddable":true,"href":"https:\/\/www.claret.org\/pt-pt\/wp-json\/wp\/v2\/comments?post=27806"}],"version-history":[{"count":0,"href":"https:\/\/www.claret.org\/pt-pt\/wp-json\/wp\/v2\/pages\/27806\/revisions"}],"up":[{"embeddable":true,"href":"https:\/\/www.claret.org\/pt-pt\/wp-json\/wp\/v2\/pages\/33284"}],"wp:attachment":[{"href":"https:\/\/www.claret.org\/pt-pt\/wp-json\/wp\/v2\/media?parent=27806"}],"curies":[{"name":"wp","href":"https:\/\/api.w.org\/{rel}","templated":true}]}}