{"id":27860,"date":"2018-09-04T17:06:48","date_gmt":"2018-09-04T15:06:48","guid":{"rendered":"https:\/\/www.claret.org\/fecha-27-de-julho-beato-jose-maria-ruiz-formador-e-martir\/"},"modified":"2018-09-04T17:06:48","modified_gmt":"2018-09-04T15:06:48","slug":"fecha-27-de-julho-beato-jose-maria-ruiz-formador-e-martir","status":"publish","type":"page","link":"https:\/\/www.claret.org\/pt-pt\/efemerides\/fecha-27-de-julho-beato-jose-maria-ruiz-formador-e-martir\/","title":{"rendered":"Fecha: 27 de Julho &#8211; Beato Jos\u00e9 Maria Ruiz, Formador e M\u00e1rtir"},"content":{"rendered":"<p style=\"text-align: justify;\">O Pe. Jos\u00e9 M\u00aa Ruiz Cano \u00e9 o \u00fanico sacerdote do grupo de M\u00e1rtires de Sig\u00fcenza e Fern\u00e1n Caballero. Nasceu em Jerez de los Caballeros (Badajoz) em 1906 e foi ordenado sacerdote em junho de 1932. Depois de um ano de pastoral em Aranda de Duero (Burgos) foi destinado como formador ao Semin\u00e1rio Claretiano de Sig\u00fcenza. Ali o encontraram os tr\u00e1gicos dias de persegui\u00e7\u00e3o como respons\u00e1vel de um grupo de 60 seminaristas, cujas idades oscilavam entre 12 e 16 anos.<\/p>\n<p style=\"text-align: justify;\">Sig\u00fcenza tinha sido um lugar tranquilo de paz at\u00e9 que a situa\u00e7\u00e3o se fez extremamente dif\u00edcil no dia 25 de julho em que o Bispo e quatro Claretianos foram detidos e condenados \u00e0 morte. Diante destes acontecimentos, o Pe. Jos\u00e9 Maria Ruiz reuniu os seminaristas na capela, &#8220;<em>eram 13,00 horas<\/em>&#8221; diz o cronista, para coloc\u00e1-los a par da situa\u00e7\u00e3o. &#8220;Quiz animar-nos, mas n\u00e3o pode conter as l\u00e1grimas&#8221;. Disse ele: <em>&#8220;N\u00e3o acontece nada, mas para prevenir o que poder\u00e1 acontecer, devo comunicar a voc\u00eas com profunda pena que o Col\u00e9gio ficar\u00e1 fechado por alguns dias. N\u00e3o chorem. N\u00e3o est\u00e1 acontecendo nada no momento. Os Superiores concordaram com a posi\u00e7\u00e3o tomada por precau\u00e7\u00e3o&#8230; Sair\u00e3o por grupos at\u00e9 os povoados por perto, j\u00e1 que todos nos ofereceram hospedagem&#8230;&#8221;<\/em><\/p>\n<p style=\"text-align: justify;\">Presidindo esta cena de t\u00e3o dif\u00edcil descri\u00e7\u00e3o se encontrava uma bela imagem do Cora\u00e7\u00e3o de Maria com o Menino Jesus nos bra\u00e7os. A Ela dirigiu o Padre sua ora\u00e7\u00e3o: <em>\u00d3 minha Senhora! \u00d3 minha M\u00e3e! Lembrai-vos que sou todo vosso, conservai-me e defendei-me como coisa e propriedade vossa<\/em>&#8220;. E depois, de joelhos e com os bra\u00e7os em cruz virado para a Virgem Maria, exclamou: <em>Se quereis, \u00f3 M\u00e3e, uma v\u00edtima, aqui a tendes; escolhei a mim, mas n\u00e3o permitais que aconte\u00e7a nada a estes inocentes que n\u00e3o fizeram nenhum mal a ningu\u00e9m&#8221;.<\/em><\/p>\n<p style=\"text-align: justify;\">Come\u00e7ou o \u00eaxodo do pequeno Semin\u00e1rio. O Beato se colocou \u00e0 frente do grupo dos menores. <em>Adeus, Padre, at\u00e9 logo!<\/em> disse o Ir. Vitor. <em>At\u00e9 o c\u00e9u<\/em>, lhe respondeu o Beato e tomou o caminho de Guijosa, que est\u00e1 a uns 7 km de Sig\u00fcenza. Entraram em Guijosa ao anoitecer e foram recebidos com os bra\u00e7os abertos pelo p\u00e1roco e os vizinhos. Algu\u00e9m porp\u00f4s ao Padre que fugisse para salvar a vida e os meninos estivessem salvos. A resposta, repetida v\u00e1rias vezes, foi sempre a mesma: <em>&#8220;Ainda que me peguem e me matem, n\u00e3o deixo os meninos sozinhos&#8221;.<\/em><\/p>\n<p style=\"text-align: justify;\">Em Guijosa foram procurar o Padre dos meninos que tinha fugido de Sig\u00fcenza. No dia 27, &#8220;um pouco anes do almo\u00e7o, se apresentaram no povoado sete carros da FAI. Um miliciano de Sig\u00fcenza disse: <em>Este \u00e9 o Padre<\/em>; e o Padre exclamou:<em> &#8220;Nossa Senhora do Carmo, salvai a Espanha; morro contente&#8221;.<\/em><\/p>\n<p style=\"text-align: justify;\">Durante uma hora o tiveram retido em um carro rodeado por milicianas. Os seminaristas iam se reunindo ao redor&#8230;<em> &#8220;N\u00e3o tenhais medo, n\u00e3o acontece nada. Morro contente&#8221;, <\/em>dizia o Padre aos meninos.<\/p>\n<p style=\"text-align: justify;\">Uns milicianos que vinham profanar a igreja, traziam de maus modos uma imagem do Menino Jesus. Com desprezo a jogaram ao Pe. Jos\u00e9 Maria Ruiz, dizendo: <em>&#8220;Toma, para que morras dan\u00e7ando com  ele&#8221;. <\/em>O Padre a apertou amorosamente sobre seu cora\u00e7\u00e3o. Mas o miliciano a tirou bruscamente e a arremessou contra o ch\u00e3o.<\/p>\n<p style=\"text-align: justify;\">O carro come\u00e7ou a andar&#8230; o Padre se despediu dizendo: <em>Adeus, filhos meus! <\/em>e os aben\u00e7oou. Logo depois se deteve a caravana ao terminar o monte Otero, no meio do caminho entre Guijosa e Sig\u00fcenza. Uma voz ordenou ao Pe. Jos\u00e9 Maria que descesse. O Padre entendeu a ordem, perdoou a seus inimigos e empreendeu, como peregrino rumo ao ceu, a subida do monte Otero. Soou uma descarga de fuzis e o Beato caiu em forma de cruz. Eram 13,00 horas do dia 27 de julho de 1936. Um dos milicianos comentaria mais tarde: <em>&#8220;Aquele padre que estava com os meninos, ainda dizia que nos perdoava quando \u00edamos mat\u00e1-lo&#8221;.<\/em><\/p>\n<p style=\"text-align: justify;\">Nas encostas do Otero, no lugar do mart\u00edrio, est\u00e1 cravada uma cruz para perp\u00e9tua mem\u00f3ria.<\/p>\n<p style=\"text-align: justify;\">Foi Beatificado em Tarragona (Espanha) no dia 13 de outubro de 2013, juntamente com outros 22 Mission\u00e1rios Claretianos.<\/p>\n","protected":false},"excerpt":{"rendered":"<p>O Pe. Jos\u00e9 M\u00aa Ruiz Cano \u00e9 o \u00fanico sacerdote do grupo de M\u00e1rtires de Sig\u00fcenza e Fern\u00e1n Caballero. Nasceu em Jerez de los Caballeros (Badajoz) em 1906 e foi ordenado sacerdote em junho de 1932. Depois de um ano de pastoral em Aranda de Duero (Burgos) foi destinado como formador ao Semin\u00e1rio Claretiano de [&hellip;]<\/p>\n","protected":false},"author":69,"featured_media":0,"parent":33284,"menu_order":0,"comment_status":"closed","ping_status":"closed","template":"","meta":{"_et_pb_use_builder":"","_et_pb_old_content":"","_et_gb_content_width":"","footnotes":""},"class_list":["post-27860","page","type-page","status-publish","hentry"],"jetpack_sharing_enabled":true,"jetpack_shortlink":"https:\/\/wp.me\/PdaBmi-7fm","jetpack_likes_enabled":true,"_links":{"self":[{"href":"https:\/\/www.claret.org\/pt-pt\/wp-json\/wp\/v2\/pages\/27860","targetHints":{"allow":["GET"]}}],"collection":[{"href":"https:\/\/www.claret.org\/pt-pt\/wp-json\/wp\/v2\/pages"}],"about":[{"href":"https:\/\/www.claret.org\/pt-pt\/wp-json\/wp\/v2\/types\/page"}],"author":[{"embeddable":true,"href":"https:\/\/www.claret.org\/pt-pt\/wp-json\/wp\/v2\/users\/69"}],"replies":[{"embeddable":true,"href":"https:\/\/www.claret.org\/pt-pt\/wp-json\/wp\/v2\/comments?post=27860"}],"version-history":[{"count":0,"href":"https:\/\/www.claret.org\/pt-pt\/wp-json\/wp\/v2\/pages\/27860\/revisions"}],"up":[{"embeddable":true,"href":"https:\/\/www.claret.org\/pt-pt\/wp-json\/wp\/v2\/pages\/33284"}],"wp:attachment":[{"href":"https:\/\/www.claret.org\/pt-pt\/wp-json\/wp\/v2\/media?parent=27860"}],"curies":[{"name":"wp","href":"https:\/\/api.w.org\/{rel}","templated":true}]}}