{"id":27872,"date":"2018-09-04T17:15:21","date_gmt":"2018-09-04T15:15:21","guid":{"rendered":"https:\/\/www.claret.org\/fecha-28-de-julho-beatos-tomas-cordero-e-companheiros-martires\/"},"modified":"2018-09-04T17:15:21","modified_gmt":"2018-09-04T15:15:21","slug":"fecha-28-de-julho-beatos-tomas-cordero-e-companheiros-martires","status":"publish","type":"page","link":"https:\/\/www.claret.org\/pt-pt\/efemerides\/fecha-28-de-julho-beatos-tomas-cordero-e-companheiros-martires\/","title":{"rendered":"Fecha: 28 de Julho &#8211; Beatos Tom\u00e1s Cordero e Companheiros, M\u00e1rtires"},"content":{"rendered":"<p style=\"text-align: justify;\">Durante  Guerra Civil Espanhola entre os anos 1936 e 1939, um grupo de Estudantes Mission\u00e1rios, fugindo do nosso Teologado de Zafra (Espanha), procurou ref\u00fagio em Ciudad Real, lugar que parecia ent\u00e3o mais seguro. Estando naquela cidade e diante dos sombrios acontecimentos revolucion\u00e1rios, os superiores da Prov\u00edncia de B\u00e9tica pensaram que aquele lugar tamb\u00e9m n\u00e3o era seguro. E assim, depois de receberem falsas promessas de seguran\u00e7a, decidiram transladar a Madri o grupo de Estudantes.<\/p>\n<p style=\"text-align: justify;\">Segundo as testemunhas dos fatos na esta\u00e7\u00e3o ferrovi\u00e1ria de Ciudad Real foram reconhecidos como religiosos, embora se vestissem como leigos. Na primeira parada do trem, uns milicianos os obrigaram a descerem do trem entre insultos e amea\u00e7as de morte. Suas amea\u00e7as se fizeram realidade. Uma vez em terra, foram colocados entre os trilhos da esta\u00e7\u00e3o de trem perto da cidadezinha de Fern\u00e1n Caballero. Alinhados entre os trilhos, se efetuou a descarga que acabou com suas vidas. Entre os gritos de <em>&#8220;Viva Cristo Rei e Viva o Cora\u00e7\u00e3o de Maria!&#8221;<\/em> foram martirizados nossos Estudantes sob o fogo dos fuzis. Era o dia 28 de julho de 1936.<\/p>\n<p style=\"text-align: justify;\">Os nomes dos 14 M\u00e1rtires Claretianos que em Fern\u00e1n Caballero entregaram a vida por sua f\u00e9, por sua voca\u00e7\u00e3o e por Cristo, s\u00e3o estes: Tom\u00e1s Cordero, Cl\u00e1udio L\u00f3pez, \u00c2ngelo L\u00f3pez, Primitivo Berrocoso, Ant\u00f4nio Lasa, Vicente Robles, Melecio Pardo, Ant\u00f4nio Maria Orrego, Ot\u00edlio del Amo, C\u00e2ndido Catal\u00e1n, \u00c2ngelo P\u00e9rez, Abelardo Garcia, Grabriel Barriopedro e Jesus An\u00edbal G\u00f3mez, este \u00faltimo de nacionalidade colombiana.<\/p>\n<p style=\"text-align: justify;\">A eles se deve acrescentar o Ir. Felipe Gonz\u00e1lez, que foi martirizado tamb\u00e9m em Fern\u00e1n Caballero, na porta do cemit\u00e9rio, no dia 2 de outubro de 1936.<\/p>\n<p style=\"text-align: justify;\">Foram Beatificados em Tarragona no dia 13 de outubro de 2013, faziam parte de um grupo de 23 Mission\u00e1rios Claretianos M\u00e1rtires beatificados naquele dia.<\/p>\n","protected":false},"excerpt":{"rendered":"<p>Durante Guerra Civil Espanhola entre os anos 1936 e 1939, um grupo de Estudantes Mission\u00e1rios, fugindo do nosso Teologado de Zafra (Espanha), procurou ref\u00fagio em Ciudad Real, lugar que parecia ent\u00e3o mais seguro. Estando naquela cidade e diante dos sombrios acontecimentos revolucion\u00e1rios, os superiores da Prov\u00edncia de B\u00e9tica pensaram que aquele lugar tamb\u00e9m n\u00e3o era [&hellip;]<\/p>\n","protected":false},"author":69,"featured_media":0,"parent":33284,"menu_order":0,"comment_status":"closed","ping_status":"closed","template":"","meta":{"_et_pb_use_builder":"","_et_pb_old_content":"","_et_gb_content_width":"","footnotes":""},"class_list":["post-27872","page","type-page","status-publish","hentry"],"jetpack_sharing_enabled":true,"jetpack_shortlink":"https:\/\/wp.me\/PdaBmi-7fy","jetpack_likes_enabled":true,"_links":{"self":[{"href":"https:\/\/www.claret.org\/pt-pt\/wp-json\/wp\/v2\/pages\/27872","targetHints":{"allow":["GET"]}}],"collection":[{"href":"https:\/\/www.claret.org\/pt-pt\/wp-json\/wp\/v2\/pages"}],"about":[{"href":"https:\/\/www.claret.org\/pt-pt\/wp-json\/wp\/v2\/types\/page"}],"author":[{"embeddable":true,"href":"https:\/\/www.claret.org\/pt-pt\/wp-json\/wp\/v2\/users\/69"}],"replies":[{"embeddable":true,"href":"https:\/\/www.claret.org\/pt-pt\/wp-json\/wp\/v2\/comments?post=27872"}],"version-history":[{"count":0,"href":"https:\/\/www.claret.org\/pt-pt\/wp-json\/wp\/v2\/pages\/27872\/revisions"}],"up":[{"embeddable":true,"href":"https:\/\/www.claret.org\/pt-pt\/wp-json\/wp\/v2\/pages\/33284"}],"wp:attachment":[{"href":"https:\/\/www.claret.org\/pt-pt\/wp-json\/wp\/v2\/media?parent=27872"}],"curies":[{"name":"wp","href":"https:\/\/api.w.org\/{rel}","templated":true}]}}