{"id":27882,"date":"2018-09-04T17:24:08","date_gmt":"2018-09-04T15:24:08","guid":{"rendered":"https:\/\/www.claret.org\/fecha-29-de-julho-servos-de-deus-candido-casals-e-companheiros-martires\/"},"modified":"2018-09-04T17:24:08","modified_gmt":"2018-09-04T15:24:08","slug":"fecha-29-de-julho-servos-de-deus-candido-casals-e-companheiros-martires","status":"publish","type":"page","link":"https:\/\/www.claret.org\/pt-pt\/efemerides\/fecha-29-de-julho-servos-de-deus-candido-casals-e-companheiros-martires\/","title":{"rendered":"Fecha: 29 de Julho &#8211; Servos de Deus C\u00e2ndido Casals e Companheiros M\u00e1rtires"},"content":{"rendered":"<p style=\"text-align: justify;\">Este grupo era composto pelos membros das duas comunidades claretianas de Barcelona: casa de Gracia, sede do governo provincial da Catalunha e resid\u00eancia da rua Ripoll. Os Mission\u00e1rios foram martirizados em distintos dias, lugares e circunst\u00e2ncias. A comunidade de Gracia contava com 56 religiosos, n\u00e3o poucos deles idosos e enfermos. A comunidade da rua Ripoll tinha 9 religiosos. Naquele ver\u00e3o de 1936 sobreveio de maneira inesperada a revolta militar que desencadearia na guerra civil espanhola. Como consequ\u00eancia daqueles acontecimentos, os mission\u00e1rios se dispersaram e procuraram ref\u00fagio, de maneira precipitada, onde puderam. O assalto \u00e0 comunidade de Gracia foi un tanto espetacular. Foi no domingo, 19 de julho. Um primeiro tiroteio serviu de alerta e os Mission\u00e1rios, em sua grande maioria, puderam escapar. Somente permaneceram ali os enfermos e quem os atendia. Tanto a casa como a igreja foram alvo de balas e inecendiadas.<\/p>\n<p style=\"text-align: justify;\">1.      <em>Pe. C\u00e2ndido Casals<\/em> (+ 29\u2013VII\u20131936). Em 1936 era o superior da comunidade de Barcelona &#8211; Gracia. Foi um homem not\u00e1vel pelas suas qualidades como orador sacro e dotado de uma grande bondade. Preso, foi brutalmente torturado antes de morrer como m\u00e1rtir no dia 29 de julho.<\/p>\n<p style=\"text-align: justify;\">2.      Ir<em>. Jo\u00e3o Capdevila i Costa<\/em> (+ 25\u2013VII\u20131936). Foi o primeiro m\u00e1rtir da comunidade de Barcelona &#8211; Gracia. Sua morte aconteceu no dia 25 de julho de 1936, uma semana de pois de come\u00e7ar a guerra civil espanhola.<\/p>\n<p style=\"text-align: justify;\">3.      <em>Pe. Gumersindo Valtierra<\/em> (+ 26\u2013VII\u20131936). Era o Superior da resid\u00eancia de Barcelona &#8211; Ripoll. Depois de ser detido em plena rua, consumou seu mart\u00edrio no dia 26 de julho.<\/p>\n<p style=\"text-align: justify;\">4.      <em>Est. Adolfo Esteban<\/em> (+ 31\u2013VII\u20131936). O jovem mission\u00e1rio se refugiou com outro Estudante Claretiano, Jos\u00e9 Oliva, na casa deste \u00faltimo. Os Estudantes residiam na comunidade de Barcelona &#8211; Gracia. Delatados, foi detido Adolfo. Despois de ser executado, seu corpo apareceu abandonado atr\u00e1s do hospital de S\u00e3o Paulo de Barcelona.<\/p>\n<p style=\"text-align: justify;\">5.      <em>Pe. Ant\u00f4nio Junyent<\/em> (+ 19\u2013VII\u20131936). Pertencia \u00e0 comunidade de Barcelona &#8211; Gracia. Descoberto como religioso, foi detido e posteriomente executado. Seu corpo apareceu no Registro do Cl\u00ednico de Barcelona.<\/p>\n<p style=\"text-align: justify;\">6.      <em>Pe. Jacinto Blanch Ferrer<\/em> (+ 21\u2013VII\u20131936). Era membro da comunidade de Barcelona &#8211; Ripoll. Estando na casa do seu amigo Bofill, um pelot\u00e3o de milicianos revistou a casa e o deteve. Foi a mesma fam\u00edlia Bofill que encontrou seu cad\u00e1ver em Pedralbes e o enterrou com honras de m\u00e1rtir.<\/p>\n<p style=\"text-align: justify;\">7.      <em>Pe. Tom\u00e1s Planas<\/em> (+ 27\u2013 VIII\u20131936). Nascido em Barcelona, com seus 30 anos era uma esperan\u00e7a para a Congrega\u00e7\u00e3o e para a Igreja por seus dotes e qualidades, tano no campo da forma\u00e7\u00e3o como ja proje\u00e7\u00e3o apost\u00f3lica. Pertencia \u00e0 comunidade de Barcelona &#8211; Gracia. Depois de ser detido foi interrogado e sentenciado \u00e0 morte no dia 26 de agosto de 1936. No dia seguinte foi fusilado nas proximidades da cidade catal\u00e3 de Sabadell.<\/p>\n<p style=\"text-align: justify;\">8.      <em>Pe. Cirilo Montaner<\/em> (+ 28\u2013IX\u20131936). Era da comunidad de Barcelona &#8211; Gracia. Depois de algumas perip\u00e9cias para encontrar ref\u00fagio, foi acolhido na casa da fam\u00edlia Dom\u00e9nech. Detido com o chefe da fam\u00edlia no dia 25 de novembro, foram conduzidos para a pris\u00e3o, de onde sa\u00edram para morrer no dia 28 dequele m\u00eas.<\/p>\n","protected":false},"excerpt":{"rendered":"<p>Este grupo era composto pelos membros das duas comunidades claretianas de Barcelona: casa de Gracia, sede do governo provincial da Catalunha e resid\u00eancia da rua Ripoll. Os Mission\u00e1rios foram martirizados em distintos dias, lugares e circunst\u00e2ncias. A comunidade de Gracia contava com 56 religiosos, n\u00e3o poucos deles idosos e enfermos. A comunidade da rua Ripoll [&hellip;]<\/p>\n","protected":false},"author":69,"featured_media":0,"parent":33284,"menu_order":0,"comment_status":"closed","ping_status":"closed","template":"","meta":{"_et_pb_use_builder":"","_et_pb_old_content":"","_et_gb_content_width":"","footnotes":""},"class_list":["post-27882","page","type-page","status-publish","hentry"],"jetpack_sharing_enabled":true,"jetpack_shortlink":"https:\/\/wp.me\/PdaBmi-7fI","jetpack_likes_enabled":true,"_links":{"self":[{"href":"https:\/\/www.claret.org\/pt-pt\/wp-json\/wp\/v2\/pages\/27882","targetHints":{"allow":["GET"]}}],"collection":[{"href":"https:\/\/www.claret.org\/pt-pt\/wp-json\/wp\/v2\/pages"}],"about":[{"href":"https:\/\/www.claret.org\/pt-pt\/wp-json\/wp\/v2\/types\/page"}],"author":[{"embeddable":true,"href":"https:\/\/www.claret.org\/pt-pt\/wp-json\/wp\/v2\/users\/69"}],"replies":[{"embeddable":true,"href":"https:\/\/www.claret.org\/pt-pt\/wp-json\/wp\/v2\/comments?post=27882"}],"version-history":[{"count":0,"href":"https:\/\/www.claret.org\/pt-pt\/wp-json\/wp\/v2\/pages\/27882\/revisions"}],"up":[{"embeddable":true,"href":"https:\/\/www.claret.org\/pt-pt\/wp-json\/wp\/v2\/pages\/33284"}],"wp:attachment":[{"href":"https:\/\/www.claret.org\/pt-pt\/wp-json\/wp\/v2\/media?parent=27882"}],"curies":[{"name":"wp","href":"https:\/\/api.w.org\/{rel}","templated":true}]}}