{"id":27902,"date":"2018-09-04T17:32:40","date_gmt":"2018-09-04T15:32:40","guid":{"rendered":"https:\/\/www.claret.org\/fecha-31-de-julho-santo-inacio-de-loyola-compatrono\/"},"modified":"2018-09-04T17:32:40","modified_gmt":"2018-09-04T15:32:40","slug":"fecha-31-de-julho-santo-inacio-de-loyola-compatrono","status":"publish","type":"page","link":"https:\/\/www.claret.org\/pt-pt\/efemerides\/fecha-31-de-julho-santo-inacio-de-loyola-compatrono\/","title":{"rendered":"Fecha: 31 de Julho &#8211; Santo In\u00e1cio de Loyola, Compatrono"},"content":{"rendered":"<p style=\"text-align: justify;\">Santo In\u00e1cio \u00cd\u00f1igo L\u00f3pez de Loyola \u2014 nasceu em Azpeitia (Guip\u00fazcoa &#8211; Espanha) no ano de 1491. Destinado \u00e0 vida militar, foi ferido em uma perna. Durante a convalesc\u00eancia leu a <em>Vida de Cristo<\/em> e a <em>Leyenda Aurea<\/em> (Vida de Santos). Ao ler estes antigos livros disse a si mesmo:<em> &#8220;Se estes homens estavam feitos do mesmo barro que eu, eu tamb\u00e9m posso fazer o que eles fizeram&#8221;.<\/em><\/p>\n<p style=\"text-align: justify;\" align=\"center\"><img data-recalc-dims=\"1\" loading=\"lazy\" decoding=\"async\" class=\"alignleft\" title=\"\" src=\"https:\/\/i0.wp.com\/www2.claret.org\/sites\/default\/files\/imagenes\/espiritualidad\/calendario\/ignacioloya.jpg?resize=242%2C342\" alt=\"\" width=\"242\" height=\"342\"><\/p>\n<p style=\"text-align: justify;\">Ao iniciar sua convers\u00e3o, decidiu ir \u00e0 Terra Santa em fevereiro de 1522, desde Loyola, passando por Barcelona. Devido a uma peste, teve que parar na cidade de Manresa. Ali recebeu uma grande ilumina\u00e7\u00e3o e decidiu fundar uma Companhia de Consagrados. Em uma gruta come\u00e7ou a escrever o que deu origem ao  livro dos Exerc\u00edcios Espirituais. Em fevereiro de 1523, continuou sua peregrina\u00e7\u00e3o \u00e0 Terra Santa, mas n\u00e3o podendo permanecer ali, regressou, sem saber que rumo tomar e se dedicou aos estudos.<\/p>\n<p style=\"text-align: justify;\">Em 1534, In\u00e1cio e seus primeiros companheiros emitiram os votos em Paris e foram a Roma para apresentarem-se ao Papa Paulo III. Em 1537, In\u00e1cio recebeu a ordena\u00e7\u00e3o sacerdotal em Veneza. O Instituto foi aprovado pelo Papa Paulo III no dia 27 de setembro de 1540 e no dia 22 de abril de 1541 In\u00e1cio e seus seis companheiros fizeram a profiss\u00e3o na Bas\u00edlica de S\u00e3o Paulo.<\/p>\n<p style=\"text-align: justify;\">In\u00e1cio passou o resto da sua vida dedicado a governar sua Ordem e a pregar o Evangelho, at\u00e9 que, no dia 31 de julho de 1556, faleceu em Roma. Foi canonizado por Greg\u00f3rio XV no dia 12 de mar\u00e7o de 1622 e Pio XI o proclamou patrono dos exerc\u00edcios espirituais e retiros.<\/p>\n<p style=\"text-align: justify;\">Santo In\u00e1cio foi um referimento importante na vida e na espiritualidade de Santo Ant\u00f4nio Maria Claret. Nosso Funddor, que foi novi\u00e7o jesu\u00edta, admirou em Santo In\u00e1cio seu amor a Jesus Cristo e seu ardente zelo apost\u00f3lico. A ambos os Santos a vis\u00e3o da Virgem Maria os ajudou na vit\u00f3ria definitiva quanto \u00e0 castidade e a ambos provocou a decis\u00e3o de consagrarem-se plenamente ao servi\u00e7o de Cristo.<\/p>\n","protected":false},"excerpt":{"rendered":"<p>Santo In\u00e1cio \u00cd\u00f1igo L\u00f3pez de Loyola \u2014 nasceu em Azpeitia (Guip\u00fazcoa &#8211; Espanha) no ano de 1491. Destinado \u00e0 vida militar, foi ferido em uma perna. Durante a convalesc\u00eancia leu a Vida de Cristo e a Leyenda Aurea (Vida de Santos). Ao ler estes antigos livros disse a si mesmo: &#8220;Se estes homens estavam feitos [&hellip;]<\/p>\n","protected":false},"author":69,"featured_media":27897,"parent":33284,"menu_order":0,"comment_status":"closed","ping_status":"closed","template":"","meta":{"_et_pb_use_builder":"","_et_pb_old_content":"","_et_gb_content_width":"","footnotes":""},"class_list":["post-27902","page","type-page","status-publish","has-post-thumbnail","hentry"],"jetpack_sharing_enabled":true,"jetpack_shortlink":"https:\/\/wp.me\/PdaBmi-7g2","jetpack_likes_enabled":true,"_links":{"self":[{"href":"https:\/\/www.claret.org\/pt-pt\/wp-json\/wp\/v2\/pages\/27902","targetHints":{"allow":["GET"]}}],"collection":[{"href":"https:\/\/www.claret.org\/pt-pt\/wp-json\/wp\/v2\/pages"}],"about":[{"href":"https:\/\/www.claret.org\/pt-pt\/wp-json\/wp\/v2\/types\/page"}],"author":[{"embeddable":true,"href":"https:\/\/www.claret.org\/pt-pt\/wp-json\/wp\/v2\/users\/69"}],"replies":[{"embeddable":true,"href":"https:\/\/www.claret.org\/pt-pt\/wp-json\/wp\/v2\/comments?post=27902"}],"version-history":[{"count":0,"href":"https:\/\/www.claret.org\/pt-pt\/wp-json\/wp\/v2\/pages\/27902\/revisions"}],"up":[{"embeddable":true,"href":"https:\/\/www.claret.org\/pt-pt\/wp-json\/wp\/v2\/pages\/33284"}],"wp:featuredmedia":[{"embeddable":true,"href":"https:\/\/www.claret.org\/pt-pt\/wp-json\/wp\/v2\/media\/27897"}],"wp:attachment":[{"href":"https:\/\/www.claret.org\/pt-pt\/wp-json\/wp\/v2\/media?parent=27902"}],"curies":[{"name":"wp","href":"https:\/\/api.w.org\/{rel}","templated":true}]}}