{"id":28050,"date":"2018-09-05T07:14:10","date_gmt":"2018-09-05T05:14:10","guid":{"rendered":"https:\/\/www.claret.org\/fecha-1-de-agosto-san-alfonso-maria-de-ligorio-compatrono\/"},"modified":"2018-09-05T07:14:10","modified_gmt":"2018-09-05T05:14:10","slug":"fecha-1-de-agosto-san-alfonso-maria-de-ligorio-compatrono","status":"publish","type":"page","link":"https:\/\/www.claret.org\/pt-pt\/efemerides\/fecha-1-de-agosto-san-alfonso-maria-de-ligorio-compatrono\/","title":{"rendered":"Fecha: 1 de Agosto &#8211; San Alfonso Mar\u00eda de Ligorio, compatrono"},"content":{"rendered":"<p style=\"text-align: justify;\">Santo Afonso Maria de Lig\u00f3rio nasceu em Marianella (N\u00e1poles &#8211; It\u00e1lia) no dia 27 de setembro de 1696. Foi o primog\u00eanito de uma fam\u00edlia numerosa da nobreza napolitana. teve uma forma\u00e7\u00e3o muito esmerada. Era ainda muito jovem quando fez o doutorado em ambos os direitos e exerceu seu of\u00edcio como advogado e juiz.<\/p>\n<p style=\"text-align: justify;\"><img data-recalc-dims=\"1\" loading=\"lazy\" decoding=\"async\" class=\"alignleft\" title=\"\" src=\"https:\/\/i0.wp.com\/www2.claret.org\/sites\/default\/files\/imagenes\/espiritualidad\/calendario\/37-alfonso_de_ligorio.jpg?resize=245%2C331\" alt=\"\" width=\"245\" height=\"331\"><\/p>\n<p style=\"text-align: justify;\">Sendo j\u00e1 um famoso advogado, perdeu judicialmente uma causa muito importante por interesses pol\u00edticos, o que lhe provocou uma forte crise. Depois de longo processo de busca espiritual, renunciou sua profiss\u00e3o de advogado e iniciou os estudos eclesi\u00e1sticos, apesar da forte oposi\u00e7\u00e3o do seu pai. No dia 21 de dezembro de 1726, aos 30 anos, recebeu o presbiterato.<\/p>\n<p style=\"text-align: justify;\">Estreou seu sacerd\u00f3cio nos sub\u00farbios de N\u00e1poles, especialmente entre os jovens de rua. Para eles instituiu as chamadas <em>Capelas do entardecer<\/em>, uma experi\u00eancia de reeduca\u00e7\u00e3o social e religiosa, que consistia em reuni\u00f5es na rua, ao ar livre, dirigidas pelos mesmos jovens marginalizados para escutarem, acolherem e oferecerem a Boa Nova. Quando morreu existiam 72 capelas com mais de 10.000 participantes.<\/p>\n<p style=\"text-align: justify;\">Em Scala, perto de Amalfi (It\u00e1lia), teve uma intui\u00e7\u00e3o que seria decisiva para seu futuro: dedicar-se com outros companheiros \u00e0 salva\u00e7\u00e3o dos mais abandonados, \u00e0 evangeliza\u00e7\u00e3o do povo simples e pobre, especialmente do meio rural. No dia 9 de novembro de 1732 fundou a Congrega\u00e7\u00e3o do Sant\u00edssimo Redentor.<\/p>\n<p style=\"text-align: justify;\">Foi consagrado bispo de Santa \u00c1gueda dos Godos em 1762, apesar de suas reiteradas ren\u00fancias. Pode ser considerado um grande bispo mission\u00e1rio. No ano de 1775 obteve a aceita\u00e7\u00e3o da ren\u00fancia da sua diocese e se retirou \u00e0 comunidade redentorista de Pagani, onde faleceu no dia 1 de agosto 1787. Foi canonizado no ano de 1831, proclamado Doutor da Igreja em 1871 e Patrono dos Confessores e Moralistas no ano de 1950. Escreveu 111 obras de espiritualidade e de teologia.<\/p>\n<p style=\"text-align: justify;\">S\u00e3o muitas as semelhan\u00e7as entre Santo Afonso Maria de Lig\u00f3rio e Santo Ant\u00f4nio Maria Claret: espiritualidade, inquieta\u00e7\u00e3o mission\u00e1ria, escritos para o povo simples, somente para citar algumas. Lig\u00f3rio \u00e9 um dos autores que Claret considerou como predic\u00e1veis. Ele mesmo confessou que havia lido suas obras com sumo interesse (cf Aut 300) e as recomendou a outros.<\/p>\n","protected":false},"excerpt":{"rendered":"<p>Santo Afonso Maria de Lig\u00f3rio nasceu em Marianella (N\u00e1poles &#8211; It\u00e1lia) no dia 27 de setembro de 1696. Foi o primog\u00eanito de uma fam\u00edlia numerosa da nobreza napolitana. teve uma forma\u00e7\u00e3o muito esmerada. Era ainda muito jovem quando fez o doutorado em ambos os direitos e exerceu seu of\u00edcio como advogado e juiz. Sendo j\u00e1 [&hellip;]<\/p>\n","protected":false},"author":69,"featured_media":28047,"parent":33284,"menu_order":0,"comment_status":"closed","ping_status":"closed","template":"","meta":{"_et_pb_use_builder":"","_et_pb_old_content":"","_et_gb_content_width":"","footnotes":""},"class_list":["post-28050","page","type-page","status-publish","has-post-thumbnail","hentry"],"jetpack_sharing_enabled":true,"jetpack_shortlink":"https:\/\/wp.me\/PdaBmi-7iq","jetpack_likes_enabled":true,"_links":{"self":[{"href":"https:\/\/www.claret.org\/pt-pt\/wp-json\/wp\/v2\/pages\/28050","targetHints":{"allow":["GET"]}}],"collection":[{"href":"https:\/\/www.claret.org\/pt-pt\/wp-json\/wp\/v2\/pages"}],"about":[{"href":"https:\/\/www.claret.org\/pt-pt\/wp-json\/wp\/v2\/types\/page"}],"author":[{"embeddable":true,"href":"https:\/\/www.claret.org\/pt-pt\/wp-json\/wp\/v2\/users\/69"}],"replies":[{"embeddable":true,"href":"https:\/\/www.claret.org\/pt-pt\/wp-json\/wp\/v2\/comments?post=28050"}],"version-history":[{"count":0,"href":"https:\/\/www.claret.org\/pt-pt\/wp-json\/wp\/v2\/pages\/28050\/revisions"}],"up":[{"embeddable":true,"href":"https:\/\/www.claret.org\/pt-pt\/wp-json\/wp\/v2\/pages\/33284"}],"wp:featuredmedia":[{"embeddable":true,"href":"https:\/\/www.claret.org\/pt-pt\/wp-json\/wp\/v2\/media\/28047"}],"wp:attachment":[{"href":"https:\/\/www.claret.org\/pt-pt\/wp-json\/wp\/v2\/media?parent=28050"}],"curies":[{"name":"wp","href":"https:\/\/api.w.org\/{rel}","templated":true}]}}