{"id":28099,"date":"2018-09-05T08:03:18","date_gmt":"2018-09-05T06:03:18","guid":{"rendered":"https:\/\/www.claret.org\/fecha-14-de-agosto-servos-de-deus-marceliano-alonso-e-companheiros-martires\/"},"modified":"2018-09-05T08:03:18","modified_gmt":"2018-09-05T06:03:18","slug":"fecha-14-de-agosto-servos-de-deus-marceliano-alonso-e-companheiros-martires","status":"publish","type":"page","link":"https:\/\/www.claret.org\/pt-pt\/efemerides\/fecha-14-de-agosto-servos-de-deus-marceliano-alonso-e-companheiros-martires\/","title":{"rendered":"Fecha: 14 de Agosto &#8211; Servos de Deus Marceliano Alonso e Companheiros, m\u00e1rtires"},"content":{"rendered":"<p style=\"text-align: justify;\">A Prov\u00edncia Claretiana de Catalunha contava em 1936 com quatro comunidades religiosas na regi\u00e3o: Valencia, El Grao, J\u00e1tiva e Requena. No dia 24 de mar\u00e7o, a explos\u00e3o revolucion\u00e1ria fez saltar as trancas de todos os conventos de Requena. Os cinco Claretianos que faziam parte daquela comunidade tiveram que abandonar a casa e a igreja e, quanto n\u00e3o puderam salvar foi saqueado e dado ao fogo. Em Grao e J\u00e1tiva tiveram a mesma sorte.<\/p>\n<p style=\"text-align: justify;\"><img data-recalc-dims=\"1\" loading=\"lazy\" decoding=\"async\" class=\"alignleft\" title=\"\" src=\"https:\/\/i0.wp.com\/www2.claret.org\/sites\/default\/files\/imagenes\/espiritualidad\/calendario\/41._marceliano_alonso_y_compaeros._valencia.jpg?resize=260%2C347\" alt=\"\" width=\"260\" height=\"347\"><\/p>\n<p style=\"text-align: justify;\">No dia 19 de julho estava em p\u00e9 somente a casa de Val\u00eancia e ali encontraram ref\u00fagio as v\u00edtimas. A pequena comunidade estava composta pelo Pe. Marceliano Alonso, Superior, o Pe. Lu\u00eds Franc\u00e9s e o Ir. F\u00e9lix Aguado. Juntaram-se a eles o Pe. Jos\u00e9 In\u00e1cio Gord\u00f3n e o Ir. Santiago V\u00e9lez, de J\u00e1tiva e o Pe. Tom\u00e1s Galipienzo, de Requena. O Ir. F\u00e9lix Aguado foi o \u00fanico que conseguiu salvar a vida.<\/p>\n<p style=\"text-align: justify;\">No dia 27 de julho o Pe. Franc\u00e9s e Ir. V\u00e9lez fugiram para o povoado de Serra. O Pe. Lu\u00eds Franc\u00e9s foi descoberto no dia 20 de agosto e sofreu o mart\u00edrio no dia 21, em Olocau, pedindo a Deus perd\u00e3o para quem lhe tirava a vida, sem saber o que faziam. O Ir. Santiago V\u00e9lez tinha viajado no dia 13 de agosto a Santa Coloma de Gramanet, em Barcelona, onde vivia um parente. Mas, detido no dia 14, foi assassinado na madrugada do dia 15, festa da Assun\u00e7\u00e3o de Nossa Senhora.<\/p>\n<p style=\"text-align: justify;\">No entanto, os PP. Alonso, Gord\u00f3n e Galipienzo, que continuaram em Val\u00eancia sem encontrar um ref\u00fagio melhor, foram delatados. Primeiro foram detidos os PP. Alonso e Gord\u00f3n e posteriormente o Pe. Galipienzo. Diante do tribunal de sete indiv\u00edduos, compareceram sucessivamente um por vez. A condena\u00e7\u00e3o \u00e0 morte foi inapel\u00e1vel.<\/p>\n<p style=\"text-align: justify;\">Antes de morrer, o Pe. Gord\u00f3n disse a seus verdugos: &#8220;N\u00f3s os perdoamos de cora\u00e7\u00e3o&#8221;. O Pe. Alonso se encomendou a Nossa Senhora dizendo: &#8220;Doce M\u00e3e minha, tenha compaix\u00e3o de mim&#8221;. A ora\u00e7\u00e3o deu for\u00e7as ao Pe. Galipienzo: &#8220;Jesus, Jos\u00e9 e Maria, assisti-me em minha \u00faltima agonia&#8221;. E enquanto o Pe. Gord\u00f3n repetia: &#8220;Jesus meu, em tuas m\u00e3os encomendo meu esp\u00edrito&#8221; soou a descarga de disparos, derrubando os PP. Alonso e Gord\u00f3n.<\/p>\n<p style=\"text-align: justify;\">O Pe. Galipienzo se deitou no ch\u00e3o, ileso, e aproveitando a escurid\u00e3o, conseguiu escapar. Mas sua liberdade durou pouco, quarenta e oito horas depois, na noite do dia 18 foi reconhecido e detido novamente. No primeiro dia de setembro com outros nove morreu no campo de tiro de Paterna, a poucos quil\u00f4metros de Val\u00eancia.<\/p>\n","protected":false},"excerpt":{"rendered":"<p>A Prov\u00edncia Claretiana de Catalunha contava em 1936 com quatro comunidades religiosas na regi\u00e3o: Valencia, El Grao, J\u00e1tiva e Requena. No dia 24 de mar\u00e7o, a explos\u00e3o revolucion\u00e1ria fez saltar as trancas de todos os conventos de Requena. Os cinco Claretianos que faziam parte daquela comunidade tiveram que abandonar a casa e a igreja e, [&hellip;]<\/p>\n","protected":false},"author":69,"featured_media":28094,"parent":33284,"menu_order":0,"comment_status":"closed","ping_status":"closed","template":"","meta":{"_et_pb_use_builder":"","_et_pb_old_content":"","_et_gb_content_width":"","footnotes":""},"class_list":["post-28099","page","type-page","status-publish","has-post-thumbnail","hentry"],"jetpack_sharing_enabled":true,"jetpack_shortlink":"https:\/\/wp.me\/PdaBmi-7jd","jetpack_likes_enabled":true,"_links":{"self":[{"href":"https:\/\/www.claret.org\/pt-pt\/wp-json\/wp\/v2\/pages\/28099","targetHints":{"allow":["GET"]}}],"collection":[{"href":"https:\/\/www.claret.org\/pt-pt\/wp-json\/wp\/v2\/pages"}],"about":[{"href":"https:\/\/www.claret.org\/pt-pt\/wp-json\/wp\/v2\/types\/page"}],"author":[{"embeddable":true,"href":"https:\/\/www.claret.org\/pt-pt\/wp-json\/wp\/v2\/users\/69"}],"replies":[{"embeddable":true,"href":"https:\/\/www.claret.org\/pt-pt\/wp-json\/wp\/v2\/comments?post=28099"}],"version-history":[{"count":0,"href":"https:\/\/www.claret.org\/pt-pt\/wp-json\/wp\/v2\/pages\/28099\/revisions"}],"up":[{"embeddable":true,"href":"https:\/\/www.claret.org\/pt-pt\/wp-json\/wp\/v2\/pages\/33284"}],"wp:featuredmedia":[{"embeddable":true,"href":"https:\/\/www.claret.org\/pt-pt\/wp-json\/wp\/v2\/media\/28094"}],"wp:attachment":[{"href":"https:\/\/www.claret.org\/pt-pt\/wp-json\/wp\/v2\/media?parent=28099"}],"curies":[{"name":"wp","href":"https:\/\/api.w.org\/{rel}","templated":true}]}}