{"id":28117,"date":"2018-09-05T08:21:23","date_gmt":"2018-09-05T06:21:23","guid":{"rendered":"https:\/\/www.claret.org\/fecha-17-de-agosto-servo-de-deus-ir-pedro-marcer\/"},"modified":"2018-09-05T08:21:23","modified_gmt":"2018-09-05T06:21:23","slug":"fecha-17-de-agosto-servo-de-deus-ir-pedro-marcer","status":"publish","type":"page","link":"https:\/\/www.claret.org\/pt-pt\/efemerides\/fecha-17-de-agosto-servo-de-deus-ir-pedro-marcer\/","title":{"rendered":"Fecha: 17 de Agosto &#8211; Servo de Deus Ir. Pedro Marcer"},"content":{"rendered":"<p style=\"text-align: justify;\">Ant\u00f4nio Maria Claret, ao fundar<\/p>\n<p style=\"text-align: justify;\">a Congrega\u00e7\u00e3o dos Filhos do Imaculado Cora\u00e7\u00e3o de Maria, j\u00e1 tinha em mente incorporar Irm\u00e3os Coadjutores, t\u00e3o religiosos como os presb\u00edteros, mas dedicados aos of\u00edcios internos da comunidade. Embora n\u00e3o exercessem fun\u00e7\u00f5es ministeriais, eram religiosos mission\u00e1rios em todo sentido da palavra. Sempre ajudaram grandemente na vida e na miss\u00e3o da Congrega\u00e7\u00e3o. Entre estes Irm\u00e3os Mission\u00e1rios se conta um que se distinguiu por uma vida singular na Prov\u00edncia Claretiana do Chile, desde 1880 at\u00e9 1927, o Irm\u00e3o Pedro Marcer Cusc\u00f3. Seu nome aparece tamb\u00e9m escrito de outros modos: Marcer ou Marc\u00e9, Cusc\u00f3 ou Cosc\u00f3, conforme os diferentes cat\u00e1logos. N\u00f3s usaremos Marcer e Cusc\u00f3.<\/p>\n<p style=\"text-align: justify;\"><img data-recalc-dims=\"1\" loading=\"lazy\" decoding=\"async\" class=\"alignleft\" title=\"\" src=\"https:\/\/i0.wp.com\/www2.claret.org\/sites\/default\/files\/imagenes\/espiritualidad\/calendario\/43-pedro_marce.jpg?resize=250%2C323\" alt=\"\" width=\"250\" height=\"323\"><\/p>\n<p style=\"text-align: justify;\">Pedro Marcer nasceu em Avinyonet del Paned\u00e9s (Barcelona &#8211; Espanha) em 1854; em 1879 professou na Congrega\u00e7\u00e3o e em 1880 foi destinado ao Chile, sendo um dos integrantes da sexta expedi\u00e7\u00e3o claretiana para a Am\u00e9rica. Fez parte das comunidades de Curic\u00f3, por pouco tempo e de Santiago, onde viveu por 47 anos. Faleceu aos 73 anos, em Santiago do Chile.<\/p>\n<p style=\"text-align: justify;\">Sempre prestou o servi\u00e7o de porteiro, cargo de muita confian\u00e7a dos Superiores. Mas sua influ\u00eancia est\u00e1 em sua vida: &#8220;Dificilmente se apagar\u00e1 da mem\u00f3ria dos que pertenceram \u00e0 Prov\u00edncia do Chile a santa figura do Ir. Pedro no exerc\u00edcio do seu cargo&#8221;. Sua mem\u00f3ria passou por gera\u00e7\u00f5es de mission\u00e1rios como um modelo a seguir.<\/p>\n<p style=\"text-align: justify;\">Somente pelo fato de ser introduzida sua causa e que n\u00e3o prosperou por defici\u00eancias jur\u00eddicas, se d\u00e1 uma vis\u00e3o geral da sua vida e virtudes religiosas. &#8220;Aquela sua atitude modesta e simples&#8230; aquela circunspec\u00e7\u00e3o nas palavras, aquele recolhimento e humildade&#8230;, o conjunto, enfim, que denunciava santidade com todos os matizes que o embelezam: a penit\u00eancia e a amabilidade, a ora\u00e7\u00e3o e o zelo, a r\u00edgida observ\u00e2ncia e a bondosa caridade, o recolhimento e o zelo&#8221;. Sobre seu zelo podemos dizer que em sua \u00e9poca na portaria se legitimaram mais casamentos que em toda a Arquidiocese de Santiago. Sua biografia foi escrita e publicada.<\/p>\n","protected":false},"excerpt":{"rendered":"<p>Ant\u00f4nio Maria Claret, ao fundar a Congrega\u00e7\u00e3o dos Filhos do Imaculado Cora\u00e7\u00e3o de Maria, j\u00e1 tinha em mente incorporar Irm\u00e3os Coadjutores, t\u00e3o religiosos como os presb\u00edteros, mas dedicados aos of\u00edcios internos da comunidade. Embora n\u00e3o exercessem fun\u00e7\u00f5es ministeriais, eram religiosos mission\u00e1rios em todo sentido da palavra. Sempre ajudaram grandemente na vida e na miss\u00e3o da [&hellip;]<\/p>\n","protected":false},"author":69,"featured_media":28111,"parent":33284,"menu_order":0,"comment_status":"closed","ping_status":"closed","template":"","meta":{"_et_pb_use_builder":"","_et_pb_old_content":"","_et_gb_content_width":"","footnotes":""},"class_list":["post-28117","page","type-page","status-publish","has-post-thumbnail","hentry"],"jetpack_sharing_enabled":true,"jetpack_shortlink":"https:\/\/wp.me\/PdaBmi-7jv","jetpack_likes_enabled":true,"_links":{"self":[{"href":"https:\/\/www.claret.org\/pt-pt\/wp-json\/wp\/v2\/pages\/28117","targetHints":{"allow":["GET"]}}],"collection":[{"href":"https:\/\/www.claret.org\/pt-pt\/wp-json\/wp\/v2\/pages"}],"about":[{"href":"https:\/\/www.claret.org\/pt-pt\/wp-json\/wp\/v2\/types\/page"}],"author":[{"embeddable":true,"href":"https:\/\/www.claret.org\/pt-pt\/wp-json\/wp\/v2\/users\/69"}],"replies":[{"embeddable":true,"href":"https:\/\/www.claret.org\/pt-pt\/wp-json\/wp\/v2\/comments?post=28117"}],"version-history":[{"count":0,"href":"https:\/\/www.claret.org\/pt-pt\/wp-json\/wp\/v2\/pages\/28117\/revisions"}],"up":[{"embeddable":true,"href":"https:\/\/www.claret.org\/pt-pt\/wp-json\/wp\/v2\/pages\/33284"}],"wp:featuredmedia":[{"embeddable":true,"href":"https:\/\/www.claret.org\/pt-pt\/wp-json\/wp\/v2\/media\/28111"}],"wp:attachment":[{"href":"https:\/\/www.claret.org\/pt-pt\/wp-json\/wp\/v2\/media?parent=28117"}],"curies":[{"name":"wp","href":"https:\/\/api.w.org\/{rel}","templated":true}]}}