{"id":28134,"date":"2018-09-05T08:30:39","date_gmt":"2018-09-05T06:30:39","guid":{"rendered":"https:\/\/www.claret.org\/fecha-18-de-agosto-pedro-schweiger-superior-geral\/"},"modified":"2018-09-05T08:30:39","modified_gmt":"2018-09-05T06:30:39","slug":"fecha-18-de-agosto-pedro-schweiger-superior-geral","status":"publish","type":"page","link":"https:\/\/www.claret.org\/pt-pt\/efemerides\/fecha-18-de-agosto-pedro-schweiger-superior-geral\/","title":{"rendered":"Fecha: 18 de Agosto &#8211; Pedro Schweiger, Superior Geral"},"content":{"rendered":"<p style=\"text-align: justify;\">Nasceu no dia 6 de maio de 1894 em Geissirl (Oberpfalz &#8211; Alemania). Como outros claretianos de sua \u00e9poca, se formou nos semin\u00e1rios claretianos da Provincia de Catalunha. Recibieu a ordenac\u00e7\u00e3o presbiteral em 1920. Foi catedr\u00e1tico no Semin\u00e1rio Romano e desde 1930 desempenhou cargos de import\u00e2ncia nas comunidades claretianas da Alemanha, chegando a ser Visitador da mesma.<\/p>\n<p style=\"text-align: justify;\"><img data-recalc-dims=\"1\" loading=\"lazy\" decoding=\"async\" class=\"alignleft\" title=\"\" src=\"https:\/\/i0.wp.com\/www2.claret.org\/sites\/default\/files\/imagenes\/espiritualidad\/calendario\/42-b-pedro_schweiger_bn.jpg?resize=264%2C327\" alt=\"\" width=\"264\" height=\"327\"><\/p>\n<p style=\"text-align: justify;\">No ano de 1949 terminava o mandato del Pe. Nicolau Garc\u00eda, que, morreria no ano seguinte. Convocado o XV Cap\u00edtulo Geral, para ser realizado de 1 a 28 de maio de 1949 em Castelgandolfo, pal\u00e1cio de ver\u00e3o do Papa, cedido em agradecimento pelos servi\u00e7os prestados pela Congrega\u00e7\u00e3o, neste Cap\u00edtulo foi eleito Superior Geral o Pe. Pedro Schweiger. Sua elei\u00e7\u00e3o foi um claro exponente do crescente desejo de universalidade da Congrega\u00e7\u00e3o, ao ser o \u00fanico membro do Cap\u00edtulo que n\u00e3o era espanhol. Posteriormente foi reeleito no XVI Cap\u00edtulo Geral, realizado em Roma em 1961. Foi Padre Conciliar no Conc\u00edlio Vaticano II e a ele lhe tocou iniciar na Congrega\u00e7\u00e3o o processo de renova\u00e7\u00e3o conciliar com a organgiza\u00e7\u00e3o do XVII Cap\u00edtulo Geral Extraordin\u00e1rio de 1967. Pessoa de muito bom car\u00e1ter e de uma bondosa cordialidade, o Pe. Pedro Scheweiger soube dar sempre ao seu trabalho de governo um sentido humano e fraterno. Consciente de ser chamado a viver um carisma cordimariano, soube refletir em sua vida a cordialidade pr\u00f3pria dos Filhos do Imaculado Cora\u00e7\u00e3o de Maria.<\/p>\n<p style=\"text-align: justify;\">Durante seu generalato foram feitas importantes obras, como os Col\u00e9gios Internacionais de Roma (Claretianum) e Salamanca (Espanha). Terminou o Templo Votivo Internacional Cordimariano de Roma. Foram fundadas revistas de prest\u00edgio como <em>Ephemerides Mariologicae<\/em>. A Congreg\u00e7a\u00e3o se organizou em v\u00e1rias Visitadorias, Vice-Prov\u00edncias e Prov\u00edncias novas. Introduziu a Congrega\u00e7\u00e3o em novos pa\u00edses e intensificou seus minist\u00e9rios tradicionais, a<em>d maiora et Ampliora<\/em>. Morreu em Spaichingen (Alemanha) no dia 18 de agosto de 1980.<\/p>\n<p style=\"text-align: justify;\">O Pe. Pedro Scheweiger deu um grande impulso universalista \u00e0 Congrega\u00e7\u00e3o. A preocupa\u00e7\u00e3o pelas voca\u00e7\u00f5es e pelo crescimento quantitativo da Congrega\u00e7\u00e3o por todo o mundo foi uma das principais preocupa\u00e7\u00f5es. Em 1955 escrevia uma circular na qual fazia observar o insuficiente crescimento da Congrega\u00e7\u00e3o e o desejo de sua universaliza\u00e7\u00e3o. Em sua vis\u00e3o universal da Igreja e dentro dela, desejava universaliar mais a Congrega\u00e7\u00e3o, estendendo-a por todo o mundo. Para ele era uma necessidade urgente fomentar, promover por todos os meios o incremento da Congrega\u00e7\u00e3o.<\/p>\n","protected":false},"excerpt":{"rendered":"<p>Nasceu no dia 6 de maio de 1894 em Geissirl (Oberpfalz &#8211; Alemania). Como outros claretianos de sua \u00e9poca, se formou nos semin\u00e1rios claretianos da Provincia de Catalunha. Recibieu a ordenac\u00e7\u00e3o presbiteral em 1920. Foi catedr\u00e1tico no Semin\u00e1rio Romano e desde 1930 desempenhou cargos de import\u00e2ncia nas comunidades claretianas da Alemanha, chegando a ser Visitador [&hellip;]<\/p>\n","protected":false},"author":69,"featured_media":28130,"parent":33284,"menu_order":0,"comment_status":"closed","ping_status":"closed","template":"","meta":{"_et_pb_use_builder":"","_et_pb_old_content":"","_et_gb_content_width":"","footnotes":""},"class_list":["post-28134","page","type-page","status-publish","has-post-thumbnail","hentry"],"jetpack_sharing_enabled":true,"jetpack_shortlink":"https:\/\/wp.me\/PdaBmi-7jM","jetpack_likes_enabled":true,"_links":{"self":[{"href":"https:\/\/www.claret.org\/pt-pt\/wp-json\/wp\/v2\/pages\/28134","targetHints":{"allow":["GET"]}}],"collection":[{"href":"https:\/\/www.claret.org\/pt-pt\/wp-json\/wp\/v2\/pages"}],"about":[{"href":"https:\/\/www.claret.org\/pt-pt\/wp-json\/wp\/v2\/types\/page"}],"author":[{"embeddable":true,"href":"https:\/\/www.claret.org\/pt-pt\/wp-json\/wp\/v2\/users\/69"}],"replies":[{"embeddable":true,"href":"https:\/\/www.claret.org\/pt-pt\/wp-json\/wp\/v2\/comments?post=28134"}],"version-history":[{"count":0,"href":"https:\/\/www.claret.org\/pt-pt\/wp-json\/wp\/v2\/pages\/28134\/revisions"}],"up":[{"embeddable":true,"href":"https:\/\/www.claret.org\/pt-pt\/wp-json\/wp\/v2\/pages\/33284"}],"wp:featuredmedia":[{"embeddable":true,"href":"https:\/\/www.claret.org\/pt-pt\/wp-json\/wp\/v2\/media\/28130"}],"wp:attachment":[{"href":"https:\/\/www.claret.org\/pt-pt\/wp-json\/wp\/v2\/media?parent=28134"}],"curies":[{"name":"wp","href":"https:\/\/api.w.org\/{rel}","templated":true}]}}