{"id":28150,"date":"2018-09-05T08:40:12","date_gmt":"2018-09-05T06:40:12","guid":{"rendered":"https:\/\/www.claret.org\/fecha-23-de-agosto-santa-rosa-de-lima-virgem\/"},"modified":"2018-09-05T08:40:12","modified_gmt":"2018-09-05T06:40:12","slug":"fecha-23-de-agosto-santa-rosa-de-lima-virgem","status":"publish","type":"page","link":"https:\/\/www.claret.org\/pt-pt\/efemerides\/fecha-23-de-agosto-santa-rosa-de-lima-virgem\/","title":{"rendered":"Fecha: 23 de Agosto &#8211; Santa Rosa de Lima, Virgem"},"content":{"rendered":"<p style=\"text-align: justify;\">Santa Rosa de Lima nasceu no dia 30 de abril de 1586 nas proximidades do hospital do Esp\u00edrito Santo de Lima, ent\u00e3o  capital do Vice-Reino do Peru. Seu nome original foi Isabel Flores de Oliva. Era uma dos treze filhos do casal Gaspar Flores, natural de Porto Rico, e Maria de Oliva. Foi batizada na Par\u00f3quia de S\u00e3o Sebasti\u00e3o de Lima, sendo seus padrinhos Hernando de Vald\u00e9s e Maria Orozco.<\/p>\n<p style=\"text-align: justify;\"><img data-recalc-dims=\"1\" loading=\"lazy\" decoding=\"async\" class=\"alignleft\" title=\"\" src=\"https:\/\/i0.wp.com\/www2.claret.org\/sites\/default\/files\/imagenes\/espiritualidad\/calendario\/44-b-santa_rosa_de_lima.jpg?resize=259%2C383\" alt=\"\" width=\"259\" height=\"383\"><\/p>\n<p style=\"text-align: justify;\">A pequena Isabel, a quem sua m\u00e3e chamava de Rosa desde pequena, foi transladada, junto com seus irm\u00e3os, ao povoado serrano de Quives, quando seu pai assumiu o emprego de administrador de uma mina de prata. Naquele povoado a jovem recebeu em 1597 a confirma\u00e7\u00e3o das m\u00e3os do Arcebispo de Lima, Santo Tor\u00edbio Alonso de Mogrovejo, por ocasi\u00e3o da sua visita pastoral.<\/p>\n<p style=\"text-align: justify;\">Viveu em Lima num ambiente de muita anima\u00e7\u00e3o religiosa, \u00e9poca em que abundavam as atribui\u00e7\u00f5es de milagres, curas, e todo tipo de maravilhas atribu\u00eddas \u00e0s virtudes crist\u00e3s. Rosa era atra\u00edda com for\u00e7a especial pela dominicana Catarina de Sena e isto a fez decidir pelo h\u00e1bito branco da ordem terceira da Ordem dos Pregadores, desde 1606. Tamb\u00e9m aceitou chamar-se Rosa de Santa Maria.<\/p>\n<p style=\"text-align: justify;\">Com seus 29 anos de idade, construiu uma pequena cela no jardim da casa de seus pais. Em um espa\u00e7o de pouco mais de dois metros quadrados, onde se recolhia para orar e fazer penit\u00eancia. Al\u00e9m disso, auxiliava os mais pobres e necessitados de Lima. Em mar\u00e7o de 1617, celebrou na igreja de Santo Domingo de Lima seu m\u00edstico casamento com Cristo. Atingida por uma aguda paralisia, morreu poucos meses depois, no dia 24 de agosto de 1617.<\/p>\n<p style=\"text-align: justify;\">Em sua <em>Autobiogradia<\/em>, Santo Ant\u00f4nio Maria Claret manifesta at\u00e9 que pondo a impressionava Santa Rosa de Lima e seu zelo apost\u00f3lico. Um zelo que a mesma santa peruana procurava incutir vivamente nos demais e inclusive chegava a exigir dos outros se fosse necess\u00e1rio.<\/p>\n","protected":false},"excerpt":{"rendered":"<p>Santa Rosa de Lima nasceu no dia 30 de abril de 1586 nas proximidades do hospital do Esp\u00edrito Santo de Lima, ent\u00e3o capital do Vice-Reino do Peru. Seu nome original foi Isabel Flores de Oliva. Era uma dos treze filhos do casal Gaspar Flores, natural de Porto Rico, e Maria de Oliva. Foi batizada na [&hellip;]<\/p>\n","protected":false},"author":69,"featured_media":28146,"parent":33284,"menu_order":0,"comment_status":"closed","ping_status":"closed","template":"","meta":{"_et_pb_use_builder":"","_et_pb_old_content":"","_et_gb_content_width":"","footnotes":""},"class_list":["post-28150","page","type-page","status-publish","has-post-thumbnail","hentry"],"jetpack_sharing_enabled":true,"jetpack_shortlink":"https:\/\/wp.me\/PdaBmi-7k2","jetpack_likes_enabled":true,"_links":{"self":[{"href":"https:\/\/www.claret.org\/pt-pt\/wp-json\/wp\/v2\/pages\/28150","targetHints":{"allow":["GET"]}}],"collection":[{"href":"https:\/\/www.claret.org\/pt-pt\/wp-json\/wp\/v2\/pages"}],"about":[{"href":"https:\/\/www.claret.org\/pt-pt\/wp-json\/wp\/v2\/types\/page"}],"author":[{"embeddable":true,"href":"https:\/\/www.claret.org\/pt-pt\/wp-json\/wp\/v2\/users\/69"}],"replies":[{"embeddable":true,"href":"https:\/\/www.claret.org\/pt-pt\/wp-json\/wp\/v2\/comments?post=28150"}],"version-history":[{"count":0,"href":"https:\/\/www.claret.org\/pt-pt\/wp-json\/wp\/v2\/pages\/28150\/revisions"}],"up":[{"embeddable":true,"href":"https:\/\/www.claret.org\/pt-pt\/wp-json\/wp\/v2\/pages\/33284"}],"wp:featuredmedia":[{"embeddable":true,"href":"https:\/\/www.claret.org\/pt-pt\/wp-json\/wp\/v2\/media\/28146"}],"wp:attachment":[{"href":"https:\/\/www.claret.org\/pt-pt\/wp-json\/wp\/v2\/media?parent=28150"}],"curies":[{"name":"wp","href":"https:\/\/api.w.org\/{rel}","templated":true}]}}