{"id":28165,"date":"2018-09-05T08:46:40","date_gmt":"2018-09-05T06:46:40","guid":{"rendered":"https:\/\/www.claret.org\/fecha-24-de-agosto-sao-bartolomeu-apostolo-e-compatrono\/"},"modified":"2018-09-05T08:46:40","modified_gmt":"2018-09-05T06:46:40","slug":"fecha-24-de-agosto-sao-bartolomeu-apostolo-e-compatrono","status":"publish","type":"page","link":"https:\/\/www.claret.org\/pt-pt\/efemerides\/fecha-24-de-agosto-sao-bartolomeu-apostolo-e-compatrono\/","title":{"rendered":"Fecha: 24 de Agosto &#8211; S\u00e3o Bartolomeu, Ap\u00f3stolo e Compatrono"},"content":{"rendered":"<p style=\"text-align: justify;\">Este Ap\u00f3stolo somente \u00e9 conhecido pela sua men\u00e7\u00e3o nas listas dos Doze. Sobre ele o Novo Testamento n\u00e3o transmite uma s\u00f3 nota. N\u00e3o conhecemos nem sequer seu nome pessoal, j\u00e1 que Bartolomeu, do Aramaico <em>Bar Talmai<\/em>, significa <em>filho del Tolm\u00ed <\/em>ou (cf. Jos 15,14) <em>filho de Tolomeo<\/em>, nome que consta em Fl\u00e1vio Josefo.<\/p>\n<p style=\"text-align: justify;\"><img data-recalc-dims=\"1\" loading=\"lazy\" decoding=\"async\" class=\"alignleft\" title=\"\" src=\"https:\/\/i0.wp.com\/www2.claret.org\/sites\/default\/files\/imagenes\/espiritualidad\/calendario\/45-bartolome_gregrio_baus.jpg?resize=276%2C361\" alt=\"\" width=\"276\" height=\"361\"><\/p>\n<p style=\"text-align: justify;\">Uma tradi\u00e7\u00e3o conhecida somente desde o s\u00e9culo IX tem identificado Bartolomeu com Natanael do quarto Evangelho. Natanael seria seu nome e Bartolomeu seu nome de fam\u00edia. Mas tal identifica\u00e7\u00e3o se deve a uma tend\u00eancia concordista, hoje abandonada, que quer fazer dos disc\u00edpulos de Jesus no quarto Evangelho membros do grupo dos Doze, grupo quase desconhecido neste Evangelho.<\/p>\n<p style=\"text-align: justify;\">Se tal identifica\u00e7\u00e3o fosse hist\u00f3rica, ter\u00edamos sobre Natanael (Bartolomeu) uns poucos dados: natural de Can\u00e1 da Galileia (cf. Jo 21,2), ouviu de Felipe o primeiro testemunho de f\u00e9 em Jesus, embora o tenha recebido com certo ceticismo, devido \u00e0 sua proced\u00eancia de Nazar\u00e9 (cf. Jo 1,45s); mas depois de Jesus ter-lhe falado pessoalmente, ele mesmo confessa ser Jesus o Mestre, Filho de Deus e Rei de Israel (cf. Jo 21,1-3). Depois da P\u00e1scoa encontramos Natanael junto a Pedro e outros disc\u00edpulos no mar da Galileia ocupado com a pescaria e sendo contemplado com a apari\u00e7\u00e3o do Ressuscitado.<\/p>\n<p style=\"text-align: justify;\">Lendas p\u00f3sb\u00edblicas apresentam Bartolomeu pregando o Evangelho na \u00cdndia, Eti\u00f3pia, Mesopot\u00e2mia, \u00c1sia Menor&#8230; segundo S. Isidoro de Sevelhoa, teria morto esfolado.<\/p>\n<p style=\"text-align: justify;\">O Padre Fundador, \u00e0 luz da pr\u00f3pria experi\u00eancia, contempla os Ap\u00f3stolos, sem exce\u00e7\u00e3o, como grandes perseguidos: &#8220;Quem se preocupar\u00e1, amad\u00edssimo Te\u00f3filo, com persegui\u00e7\u00f5es, cal\u00fanias e outros obst\u00e1culos que se apresentem ao Mission\u00e1rio, vendo que Jesus Cristo, S\u00e3o Paulo e os demais Ap\u00f3stolos e todos os Mission\u00e1rios verdadeiros passaram por este caminho? Por isso deves aceitar o que disse o Profeta Isa\u00edas: A serenidade e a confian\u00e7a ser\u00e3o vossa fortaleza (Is 30,15). Tu Procura calar, trabalhar e esperar, que o senhor far\u00e1 desaparecer aquela tempestade. E se t\u00e3o dura \u00e9 a persegui\u00e7\u00e3o, ir\u00e1s a outra cidade (Mt 10,23), mas nunca desamparar\u00e1s, nem abandonar\u00e1s teu minist\u00e9rio&#8221; (3.n.9).<\/p>\n","protected":false},"excerpt":{"rendered":"<p>Este Ap\u00f3stolo somente \u00e9 conhecido pela sua men\u00e7\u00e3o nas listas dos Doze. Sobre ele o Novo Testamento n\u00e3o transmite uma s\u00f3 nota. N\u00e3o conhecemos nem sequer seu nome pessoal, j\u00e1 que Bartolomeu, do Aramaico Bar Talmai, significa filho del Tolm\u00ed ou (cf. Jos 15,14) filho de Tolomeo, nome que consta em Fl\u00e1vio Josefo. Uma tradi\u00e7\u00e3o [&hellip;]<\/p>\n","protected":false},"author":69,"featured_media":28160,"parent":33284,"menu_order":0,"comment_status":"closed","ping_status":"closed","template":"","meta":{"_et_pb_use_builder":"","_et_pb_old_content":"","_et_gb_content_width":"","footnotes":""},"class_list":["post-28165","page","type-page","status-publish","has-post-thumbnail","hentry"],"jetpack_sharing_enabled":true,"jetpack_shortlink":"https:\/\/wp.me\/PdaBmi-7kh","jetpack_likes_enabled":true,"_links":{"self":[{"href":"https:\/\/www.claret.org\/pt-pt\/wp-json\/wp\/v2\/pages\/28165","targetHints":{"allow":["GET"]}}],"collection":[{"href":"https:\/\/www.claret.org\/pt-pt\/wp-json\/wp\/v2\/pages"}],"about":[{"href":"https:\/\/www.claret.org\/pt-pt\/wp-json\/wp\/v2\/types\/page"}],"author":[{"embeddable":true,"href":"https:\/\/www.claret.org\/pt-pt\/wp-json\/wp\/v2\/users\/69"}],"replies":[{"embeddable":true,"href":"https:\/\/www.claret.org\/pt-pt\/wp-json\/wp\/v2\/comments?post=28165"}],"version-history":[{"count":0,"href":"https:\/\/www.claret.org\/pt-pt\/wp-json\/wp\/v2\/pages\/28165\/revisions"}],"up":[{"embeddable":true,"href":"https:\/\/www.claret.org\/pt-pt\/wp-json\/wp\/v2\/pages\/33284"}],"wp:featuredmedia":[{"embeddable":true,"href":"https:\/\/www.claret.org\/pt-pt\/wp-json\/wp\/v2\/media\/28160"}],"wp:attachment":[{"href":"https:\/\/www.claret.org\/pt-pt\/wp-json\/wp\/v2\/media?parent=28165"}],"curies":[{"name":"wp","href":"https:\/\/api.w.org\/{rel}","templated":true}]}}