{"id":28181,"date":"2018-09-05T08:53:58","date_gmt":"2018-09-05T06:53:58","guid":{"rendered":"https:\/\/www.claret.org\/fecha-25-de-agosto-fundacao-das-religiosas-de-maria-imaculada-missionarias-claretianas\/"},"modified":"2018-09-05T08:53:58","modified_gmt":"2018-09-05T06:53:58","slug":"fecha-25-de-agosto-fundacao-das-religiosas-de-maria-imaculada-missionarias-claretianas","status":"publish","type":"page","link":"https:\/\/www.claret.org\/pt-pt\/efemerides\/fecha-25-de-agosto-fundacao-das-religiosas-de-maria-imaculada-missionarias-claretianas\/","title":{"rendered":"Fecha: 25 de Agosto &#8211; Funda\u00e7\u00e3o das Religiosas de Maria Imaculada &#8211; Mission\u00e1rias Claretianas"},"content":{"rendered":"<p style=\"text-align: justify;\">No dia 25 de agosto de 1855 se firmava em Santiago de Cuba o Decreto de Funda\u00e7\u00e3o das Religiosas de Maria Imaculada (Mission\u00e1rias Claretianas). A Vener\u00e1vel Madre Maria Ant\u00f4nia Paris, sua Fundadora, juntamente com Santo Ant\u00f4nio Maria Claret, ent\u00e3o Arcebispo de Santiago de Cuba, via assim cumpridos os seus sonhos. Tinha 41 anos de idade. Dois dias depois da firma fazia a profiss\u00e3o religiosa em m\u00e3os de Claret. Mas n\u00e3o estava s\u00f3zinha, j\u00e1 que no dia 3 de setembro se uniam a ela pela mesma profiss\u00e3o outras 4 companheiras, Maria Josefa Caixal, Maria Gual, Ant\u00f4nia Gual, e Florentina Sangler. Era o cumprimento de um itiner\u00e1rio de f\u00e9 pelo qual o Senhor as havia guiado entre luzes e sombras.<\/p>\n<p style=\"text-align: justify;\" align=\"center\"><img data-recalc-dims=\"1\" loading=\"lazy\" decoding=\"async\" title=\"\" src=\"https:\/\/i0.wp.com\/www2.claret.org\/sites\/default\/files\/imagenes\/espiritualidad\/calendario\/46-fundacin_de_las_claretianas.jpg?resize=448%2C278\" alt=\"\" width=\"448\" height=\"278\"><\/p>\n<p style=\"text-align: justify;\">Embora n\u00e3o seja f\u00e1cil recolher em poucas linhas o esp\u00edrito que moveu Madre Paris e suas companheiras a encetarem este novo projeto na Igreja, podemos assinalar com suas mesmas palavras tr\u00eas eixos fundamentais. Ao redor deles girou sua vida e a dos in\u00edcios da Congrega\u00e7\u00e3o:<\/p>\n<p style=\"text-align: justify;\">1\u00ba. S<em>eguir Jesus<\/em>. Isto \u00e9, identificar-se com Ele e com sua miss\u00e3o.<\/p>\n<p style=\"text-align: justify;\">2\u00ba. <em>Seguir Jesus crucificado<\/em>. Da\u00ed o conselho que d\u00e1 a suas filhas sobre o <em>alvo e fim principal<\/em>, esp\u00e9cie de carta program\u00e1tica: \u00abQue todas as pessoas que queiram ser alistadas sejam crucificadas para todas as coisas do mundo\u00bb.<\/p>\n<p style=\"text-align: justify;\">3\u00ba. <em>Mostrar e fazer f\u00e1cil a outros o mesmo caminho.<\/em> N\u00e3o podia faltar o convite \u00e0 miss\u00e3o, mas est\u00e1 claro que para ela n\u00e3o se trata simplesmente de falar de Jesus, ou repetir suas palavras, mas do testemunho.<\/p>\n<p style=\"text-align: justify;\">            Atualmente as Mission\u00e1rias Claretianas se encontram no mundo inteiro.  Seu trabalho, a renova\u00e7\u00e3o da Igreja e fazer f\u00e1cil aos demais este mesmo caminho, \u00e9 muito variado e se acomoda \u00e0s necessidades do lugar e do momento, mas sempre a servi\u00e7o da Igreja e vinculadas a toda a Fam\u00edlia Claretiana.<\/p>\n","protected":false},"excerpt":{"rendered":"<p>No dia 25 de agosto de 1855 se firmava em Santiago de Cuba o Decreto de Funda\u00e7\u00e3o das Religiosas de Maria Imaculada (Mission\u00e1rias Claretianas). A Vener\u00e1vel Madre Maria Ant\u00f4nia Paris, sua Fundadora, juntamente com Santo Ant\u00f4nio Maria Claret, ent\u00e3o Arcebispo de Santiago de Cuba, via assim cumpridos os seus sonhos. Tinha 41 anos de idade. [&hellip;]<\/p>\n","protected":false},"author":69,"featured_media":28176,"parent":33284,"menu_order":0,"comment_status":"closed","ping_status":"closed","template":"","meta":{"_et_pb_use_builder":"","_et_pb_old_content":"","_et_gb_content_width":"","footnotes":""},"class_list":["post-28181","page","type-page","status-publish","has-post-thumbnail","hentry"],"jetpack_sharing_enabled":true,"jetpack_shortlink":"https:\/\/wp.me\/PdaBmi-7kx","jetpack_likes_enabled":true,"_links":{"self":[{"href":"https:\/\/www.claret.org\/pt-pt\/wp-json\/wp\/v2\/pages\/28181","targetHints":{"allow":["GET"]}}],"collection":[{"href":"https:\/\/www.claret.org\/pt-pt\/wp-json\/wp\/v2\/pages"}],"about":[{"href":"https:\/\/www.claret.org\/pt-pt\/wp-json\/wp\/v2\/types\/page"}],"author":[{"embeddable":true,"href":"https:\/\/www.claret.org\/pt-pt\/wp-json\/wp\/v2\/users\/69"}],"replies":[{"embeddable":true,"href":"https:\/\/www.claret.org\/pt-pt\/wp-json\/wp\/v2\/comments?post=28181"}],"version-history":[{"count":0,"href":"https:\/\/www.claret.org\/pt-pt\/wp-json\/wp\/v2\/pages\/28181\/revisions"}],"up":[{"embeddable":true,"href":"https:\/\/www.claret.org\/pt-pt\/wp-json\/wp\/v2\/pages\/33284"}],"wp:featuredmedia":[{"embeddable":true,"href":"https:\/\/www.claret.org\/pt-pt\/wp-json\/wp\/v2\/media\/28176"}],"wp:attachment":[{"href":"https:\/\/www.claret.org\/pt-pt\/wp-json\/wp\/v2\/media?parent=28181"}],"curies":[{"name":"wp","href":"https:\/\/api.w.org\/{rel}","templated":true}]}}