{"id":28191,"date":"2018-09-05T09:02:11","date_gmt":"2018-09-05T07:02:11","guid":{"rendered":"https:\/\/www.claret.org\/fecha-26-de-agosto-conservacao-da-eucaristia-no-fundador\/"},"modified":"2018-09-05T09:02:11","modified_gmt":"2018-09-05T07:02:11","slug":"fecha-26-de-agosto-conservacao-da-eucaristia-no-fundador","status":"publish","type":"page","link":"https:\/\/www.claret.org\/pt-pt\/efemerides\/fecha-26-de-agosto-conservacao-da-eucaristia-no-fundador\/","title":{"rendered":"Fecha: 26 de Agosto &#8211; Conserva\u00e7\u00e3o da Eucaristia no Fundador"},"content":{"rendered":"<p style=\"text-align: justify;\">\u00abNo dia 26 de agosto de 1861, achando-me em ora\u00e7\u00e3o na Igreja do Ros\u00e1rio, na &#8220;Granja&#8221;, \u00e0s 7 da tarde, o Senhor me concedeu a grande gra\u00e7a, a de conservar as esp\u00e9cies sacramentais e ter sempre, dia e noite, o Sant\u00edssimo Sacramento no peito; por isso, eu sempre devo estar muito recolhido e devoto interiormente; e al\u00e9m disso devo orar e enfrentar todos os males da Espanha, como me disse o Senhor. (&#8230;) <em>Glorificate et portate Deum in corpore vestro.<\/em> 1 Cor VI.20.\u00bb (Aut 694). E mais adiante, &#8220;no dia 16 de maio de 1862 (&#8230;) na Missa, me disse Jesus Cristo que me havia concedido esta gra\u00e7a, a de permanecer em meu interior sacramentalmente&#8221; (Aut 700).<\/p>\n<p style=\"text-align: justify;\">O Senhor queria servir-se de Ant\u00f4nio para enfrentar, de um modo eficaz, os males da Igreja na Espanha, por isso o consagrou e o habilitou com sua presen\u00e7a sacramental no dia 26 de agosto de 1861:<\/p>\n<p style=\"text-align: justify;\">&#8220;A Eucaristia, como Sacramento do Sacrif\u00edcio e da presen\u00e7a real de Cristo, ocupou um lugar preponderante na vida espiritual e apost\u00f3lica de Santo Ant\u00f4nio Maria Claret. A celebra\u00e7\u00e3o eucar\u00edstica era o momento mais intenso da sua uni\u00e3o pessoal com Jesus Cristo, oferecido ao Pai pela salva\u00e7\u00e3o dos homens, nela recebia os ardentes desejos de sacrificar sua vida com Cristo pelo bem da Igreja e de todos os homens. A ora\u00e7\u00e3o diante do Sant\u00edssimo Sacramento o ajudava a manter estes sentimentos e a desenvolver suas atividades com um esp\u00edrito de sacrif\u00edcio profundamente compenetrado com o mist\u00e9rio redentor de Cristo e da Igreja (cf. Aut nn. 265, 694, 756 e 767)\u00bb (<em>Patrimonio Espiritual<\/em> 14).<\/p>\n<p style=\"text-align: justify;\">Esta mem\u00f3ria de hoje nos permite perguntar-nos: Que significa para Claret, servidor mission\u00e1rio da Palavra, o minist\u00e9rio da santifica\u00e7\u00e3o, especialmente da Eucaristia? Como se integram estes minist\u00e9rios em sua pessoa, em sua vida e em seu apostolado? At\u00e9 que ponto a viv\u00eancia do mist\u00e9rio eucar\u00edstico do Fundador nos atinge, ou deve atingir-nos, para viv\u00ea-la, aprofund\u00e1-la e conserv\u00e1-la?<\/p>\n<p style=\"text-align: justify;\">A viv\u00eancia que tem o Padre Claret da Eucaristia pode ser concebida como um itiner\u00e1rio de respeito, admira\u00e7\u00e3o, devo\u00e7\u00e3o, necessidade, \u00edntima uni\u00e3o e plena comunh\u00e3o. O fato recordado hoje pode inflamar-nos a imagina\u00e7\u00e3o, pode ajudar-nos a compreender a gra\u00e7a que recebeu o Fundador. Mas o que importa \u00e9 este caminho progressivo de \u00edntima uni\u00e3o com Cristo-Eucaristia que Santo Ant\u00f4nio Maria Claret foi transmitindo ao longo de toda sua vida, o seu testemnho.<\/p>\n","protected":false},"excerpt":{"rendered":"<p>\u00abNo dia 26 de agosto de 1861, achando-me em ora\u00e7\u00e3o na Igreja do Ros\u00e1rio, na &#8220;Granja&#8221;, \u00e0s 7 da tarde, o Senhor me concedeu a grande gra\u00e7a, a de conservar as esp\u00e9cies sacramentais e ter sempre, dia e noite, o Sant\u00edssimo Sacramento no peito; por isso, eu sempre devo estar muito recolhido e devoto interiormente; [&hellip;]<\/p>\n","protected":false},"author":69,"featured_media":0,"parent":33284,"menu_order":0,"comment_status":"closed","ping_status":"closed","template":"","meta":{"_et_pb_use_builder":"","_et_pb_old_content":"","_et_gb_content_width":"","footnotes":""},"class_list":["post-28191","page","type-page","status-publish","hentry"],"jetpack_sharing_enabled":true,"jetpack_shortlink":"https:\/\/wp.me\/PdaBmi-7kH","jetpack_likes_enabled":true,"_links":{"self":[{"href":"https:\/\/www.claret.org\/pt-pt\/wp-json\/wp\/v2\/pages\/28191","targetHints":{"allow":["GET"]}}],"collection":[{"href":"https:\/\/www.claret.org\/pt-pt\/wp-json\/wp\/v2\/pages"}],"about":[{"href":"https:\/\/www.claret.org\/pt-pt\/wp-json\/wp\/v2\/types\/page"}],"author":[{"embeddable":true,"href":"https:\/\/www.claret.org\/pt-pt\/wp-json\/wp\/v2\/users\/69"}],"replies":[{"embeddable":true,"href":"https:\/\/www.claret.org\/pt-pt\/wp-json\/wp\/v2\/comments?post=28191"}],"version-history":[{"count":0,"href":"https:\/\/www.claret.org\/pt-pt\/wp-json\/wp\/v2\/pages\/28191\/revisions"}],"up":[{"embeddable":true,"href":"https:\/\/www.claret.org\/pt-pt\/wp-json\/wp\/v2\/pages\/33284"}],"wp:attachment":[{"href":"https:\/\/www.claret.org\/pt-pt\/wp-json\/wp\/v2\/media?parent=28191"}],"curies":[{"name":"wp","href":"https:\/\/api.w.org\/{rel}","templated":true}]}}