{"id":28451,"date":"2018-09-06T08:54:22","date_gmt":"2018-09-06T06:54:22","guid":{"rendered":"https:\/\/www.claret.org\/fecha-27-de-outubro-domingos-fabregas-cofundador\/"},"modified":"2022-04-07T16:30:16","modified_gmt":"2022-04-07T14:30:16","slug":"fecha-27-de-outubro-domingos-fabregas-cofundador","status":"publish","type":"page","link":"https:\/\/www.claret.org\/pt-pt\/efemerides\/fecha-27-de-outubro-domingos-fabregas-cofundador\/","title":{"rendered":"Fecha: 27 de Outubro &#8211; Domingos F\u00e1bregas, Cofundador"},"content":{"rendered":"<p style=\"text-align: justify;\">Domingos F\u00e1bregas y Coma nasceu no dia 9 de julho de 1817 em San Gen\u00eds de Or\u00eds (Barcelona &#8211; Espanha). Aos oito anos ingressou no Semin\u00e1rio de Vic. Ali conheceu v\u00e1rios personagens importantes como o fil\u00f3sofo Jaime Balmes, Pe. Pedro Bac, restaurador do Orat\u00f3rio de S\u00e3o Felipe Neri, S\u00e3o Pedro Almad\u00f3, dominicano m\u00e1rtir no Jap\u00e3o e, particulamente, Ant\u00f4nio Claret.<\/p>\n<p style=\"text-align: justify;\"><img data-recalc-dims=\"1\" loading=\"lazy\" decoding=\"async\" class=\"alignleft\" title=\"\" src=\"https:\/\/i0.wp.com\/www2.claret.org\/sites\/default\/files\/imagenes\/espiritualidad\/calendario\/65-domingo_fbregas.jpg?resize=202%2C303\" alt=\"\" width=\"202\" height=\"303\"><\/p>\n<p style=\"text-align: justify;\">As adversas circunst\u00e2ncias sociais, pol\u00edticas e religiosas o obrigaram a interromper os estudos na Espanha e ir a Roma para poder ser ordenadp sacerdote, onde voltou a encontrar-se com o Padre Claret no convento de S\u00e3o Bas\u00edlio. Foi ordenado em 1840 e logo depois regressou \u00e0 sua terra natal.<\/p>\n<p style=\"text-align: justify;\">Quase que desde sua chegada \u00e0 Espanha, suas inquieta\u00e7\u00f5es e qualidades o levaram \u00e0 prega\u00e7\u00e3o itinerante. Este minist\u00e9rio o levou a reencontrar-se de novo com o Padre Claret. Esta foi a ocasi\u00e3o em que recebeu um convite a fazer parte da Congrega\u00e7\u00e3o que Claret pensava fundar.<\/p>\n<p style=\"text-align: justify;\">Com efeito, juntou-se ao pequeno grupo que no dia 16 de julho de 1849 deu in\u00edcio a esta grande obra. Desde ent\u00e3o dedicou-se ao minist\u00e9rio da prega\u00e7\u00e3o. Foi fundador da comunidade de Seg\u00f3via em novembro de 1861 e representou aquela comunidade nos primeiros Cap\u00edtulos Gerais da Congrega\u00e7\u00e3o. Depois do segundo Cap\u00edtulo Geral, em 1864, o Pe. Domingos F\u00e1bregas n\u00e3o regressou a Seg\u00f3via, mas  voltou a Vic depois de uma frustrada funda\u00e7\u00e3o em Huesca.<\/p>\n<p style=\"text-align: justify;\">Foi em Vic onde sofreu as consequ\u00eancias da revolu\u00e7\u00e3o de 1868 que obrigou os Mission\u00e1rios da Casa M\u00e3e a abandonarem a casa no dia 2 de outubro e a dispersarem-se em pequenas comunidades clandestinas. Isto for\u00e7ou o Pe. F\u00e1bregas a transitar por Vic, Barcelona e Thuir. Restaurada a monarquia com Afonso XII, foi nomeado Superior da Casa-Col\u00e9gio de Gracia, em Barcelona.<\/p>\n<p style=\"text-align: justify;\">A morte o surpreenderia em 1895 em Solsona. Eram as 8,00 horas da manh\u00e3 do domingo, 27 de outubro, quando o Pe. Domingos F\u00e1bregas, Cofundador da Congrega\u00e7\u00e3o, descansou na paz do Senhor rodeado de seus irm\u00e3os.<\/p>\n","protected":false},"excerpt":{"rendered":"<p>Domingos F\u00e1bregas y Coma nasceu no dia 9 de julho de 1817 em San Gen\u00eds de Or\u00eds (Barcelona &#8211; Espanha). Aos oito anos ingressou no Semin\u00e1rio de Vic. Ali conheceu v\u00e1rios personagens importantes como o fil\u00f3sofo Jaime Balmes, Pe. Pedro Bac, restaurador do Orat\u00f3rio de S\u00e3o Felipe Neri, S\u00e3o Pedro Almad\u00f3, dominicano m\u00e1rtir no Jap\u00e3o [&hellip;]<\/p>\n","protected":false},"author":69,"featured_media":28447,"parent":33284,"menu_order":0,"comment_status":"closed","ping_status":"closed","template":"","meta":{"_et_pb_use_builder":"","_et_pb_old_content":"","_et_gb_content_width":"","footnotes":""},"class_list":["post-28451","page","type-page","status-publish","has-post-thumbnail","hentry"],"jetpack_sharing_enabled":true,"jetpack_shortlink":"https:\/\/wp.me\/PdaBmi-7oT","jetpack_likes_enabled":true,"_links":{"self":[{"href":"https:\/\/www.claret.org\/pt-pt\/wp-json\/wp\/v2\/pages\/28451","targetHints":{"allow":["GET"]}}],"collection":[{"href":"https:\/\/www.claret.org\/pt-pt\/wp-json\/wp\/v2\/pages"}],"about":[{"href":"https:\/\/www.claret.org\/pt-pt\/wp-json\/wp\/v2\/types\/page"}],"author":[{"embeddable":true,"href":"https:\/\/www.claret.org\/pt-pt\/wp-json\/wp\/v2\/users\/69"}],"replies":[{"embeddable":true,"href":"https:\/\/www.claret.org\/pt-pt\/wp-json\/wp\/v2\/comments?post=28451"}],"version-history":[{"count":0,"href":"https:\/\/www.claret.org\/pt-pt\/wp-json\/wp\/v2\/pages\/28451\/revisions"}],"up":[{"embeddable":true,"href":"https:\/\/www.claret.org\/pt-pt\/wp-json\/wp\/v2\/pages\/33284"}],"wp:featuredmedia":[{"embeddable":true,"href":"https:\/\/www.claret.org\/pt-pt\/wp-json\/wp\/v2\/media\/28447"}],"wp:attachment":[{"href":"https:\/\/www.claret.org\/pt-pt\/wp-json\/wp\/v2\/media?parent=28451"}],"curies":[{"name":"wp","href":"https:\/\/api.w.org\/{rel}","templated":true}]}}