{"id":28494,"date":"2018-09-06T10:11:14","date_gmt":"2018-09-06T08:11:14","guid":{"rendered":"https:\/\/www.claret.org\/fecha-5-de-novembro-comemoracao-dos-defuntos-da-congregacao-familiares-e-benfeitores\/"},"modified":"2018-09-06T10:11:14","modified_gmt":"2018-09-06T08:11:14","slug":"fecha-5-de-novembro-comemoracao-dos-defuntos-da-congregacao-familiares-e-benfeitores","status":"publish","type":"page","link":"https:\/\/www.claret.org\/pt-pt\/efemerides\/fecha-5-de-novembro-comemoracao-dos-defuntos-da-congregacao-familiares-e-benfeitores\/","title":{"rendered":"Fecha: 5 de Novembro &#8211; Comemora\u00e7\u00e3o dos defuntos da Congrega\u00e7\u00e3o, familiares e benfeitores"},"content":{"rendered":"<p style=\"text-align: justify;\">A solenidade de Todos os Santos e a comemora\u00e7\u00e3o dos Fieis Defuntos, que celebramos no dia seguinte, englobam em si, de modo muito especial, a f\u00e9 na vida eterna. Embora estes dias enfoquem diante de nossos olhos o inelud\u00edvel da morte, d\u00e3o ao mesmo tempo testemunho da vida. Trata-se de dois dias grandes na Igreja que prolonga sua vida, de certa forma, em seus santos e em todos os que se prepararam nesta vida servindo a verdade e o amor.<\/p>\n<p style=\"text-align: justify;\">\n<p style=\"text-align: justify;\">Recordamos neste dia de novembro todos aqueles que nos precederam e os que se uniram a n\u00f3s por diversos la\u00e7os de carne, de f\u00e9, de voca\u00e7\u00e3o, de amizade, de trabalho, de proximidade, de caridade. Sua partida nos deixa irremediavelmente na alma uma sensa\u00e7\u00e3o de solid\u00e3o e de dor.<\/p>\n<p style=\"text-align: justify;\">As Constitui\u00f5es de 1971, antes de prescrever os sufr\u00e1gios, faziam com simples palavras uma verdadeira homenagem de caridade para com os que nos precederam. O texto, embora corrigido, bem merece ser recordado: &#8220;Nossos irm\u00e3os que, depois de terem trabalhado na vinha do Senhor, descansam em Cristo aguardando a ressurrei\u00e7\u00e3o e a vinda do mesmo, continuam unidos na caridade conosco que ainda peregrinamos. Por tanto, estamos obrigados a rogar a Deus por eles e a honrar seus corpos que foram vaso de elei\u00e7\u00e3o&#8221;.<\/p>\n<p style=\"text-align: justify;\">No dia da Comemora\u00e7\u00e3o dos Defuntos convergimos nossos pensamentos naqueles irm\u00e3os nossos que, depois de deixarem este mundo, esperam alcan\u00e7ar a plenitude da uni\u00e3o com Deus. Sabemos que a comunh\u00e3o com estes irm\u00e3os n\u00e3o se interrompe com a morte. N\u00e3o nos desinteressamos por eles depois da nossa despedida na liturgia das ex\u00e9quias. Entram no mist\u00e9rio de Deus. Com a Igreja rogamos por eles a Deus. A intercess\u00e3o por nossos defuntos, claretianos, familiares, bemfeitores atualiza nosso amor para com eles na f\u00e9 no Deus Salvador. Em nossa intercess\u00e3o fazemos sua mem\u00f3ria diante de Deus e estabelecemos uma misteriosa solidariedade e comunh\u00e3o, colocamos em ato nossa amizade e experimentamos esperan\u00e7a e consolo.<\/p>\n","protected":false},"excerpt":{"rendered":"<p>A solenidade de Todos os Santos e a comemora\u00e7\u00e3o dos Fieis Defuntos, que celebramos no dia seguinte, englobam em si, de modo muito especial, a f\u00e9 na vida eterna. Embora estes dias enfoquem diante de nossos olhos o inelud\u00edvel da morte, d\u00e3o ao mesmo tempo testemunho da vida. Trata-se de dois dias grandes na Igreja [&hellip;]<\/p>\n","protected":false},"author":69,"featured_media":0,"parent":33284,"menu_order":0,"comment_status":"closed","ping_status":"closed","template":"","meta":{"_et_pb_use_builder":"","_et_pb_old_content":"","_et_gb_content_width":"","footnotes":""},"class_list":["post-28494","page","type-page","status-publish","hentry"],"jetpack_sharing_enabled":true,"jetpack_shortlink":"https:\/\/wp.me\/PdaBmi-7pA","jetpack_likes_enabled":true,"_links":{"self":[{"href":"https:\/\/www.claret.org\/pt-pt\/wp-json\/wp\/v2\/pages\/28494","targetHints":{"allow":["GET"]}}],"collection":[{"href":"https:\/\/www.claret.org\/pt-pt\/wp-json\/wp\/v2\/pages"}],"about":[{"href":"https:\/\/www.claret.org\/pt-pt\/wp-json\/wp\/v2\/types\/page"}],"author":[{"embeddable":true,"href":"https:\/\/www.claret.org\/pt-pt\/wp-json\/wp\/v2\/users\/69"}],"replies":[{"embeddable":true,"href":"https:\/\/www.claret.org\/pt-pt\/wp-json\/wp\/v2\/comments?post=28494"}],"version-history":[{"count":0,"href":"https:\/\/www.claret.org\/pt-pt\/wp-json\/wp\/v2\/pages\/28494\/revisions"}],"up":[{"embeddable":true,"href":"https:\/\/www.claret.org\/pt-pt\/wp-json\/wp\/v2\/pages\/33284"}],"wp:attachment":[{"href":"https:\/\/www.claret.org\/pt-pt\/wp-json\/wp\/v2\/media?parent=28494"}],"curies":[{"name":"wp","href":"https:\/\/api.w.org\/{rel}","templated":true}]}}