{"id":28510,"date":"2018-09-06T10:20:33","date_gmt":"2018-09-06T08:20:33","guid":{"rendered":"https:\/\/www.claret.org\/fecha-11-de-novembro-beatos-frederico-vila-cmf-e-companheiros-martires\/"},"modified":"2018-09-06T10:20:33","modified_gmt":"2018-09-06T08:20:33","slug":"fecha-11-de-novembro-beatos-frederico-vila-cmf-e-companheiros-martires","status":"publish","type":"page","link":"https:\/\/www.claret.org\/pt-pt\/efemerides\/fecha-11-de-novembro-beatos-frederico-vila-cmf-e-companheiros-martires\/","title":{"rendered":"Fecha: 11 de Novembro &#8211; Beatos Frederico Vila CMF e companheiros, m\u00e1rtires"},"content":{"rendered":"<p style=\"text-align: justify;\">Recordamos neste dia nossos m\u00e1rtires Pe. Frederico Vila, Pe. Jaime Mir e o Ir. Ant\u00f4nio Vilamassana, da comunidade de Tarragona, que derramaram seu sangue por Cristo.<\/p>\n<p style=\"text-align: justify;\"><img data-recalc-dims=\"1\" loading=\"lazy\" decoding=\"async\" class=\"alignleft\" title=\"\" src=\"https:\/\/i0.wp.com\/www2.claret.org\/sites\/default\/files\/imagenes\/espiritualidad\/calendario\/70-federico_vila_torredembarra.jpg?resize=242%2C310\" alt=\"\" width=\"242\" height=\"310\"><\/p>\n<p style=\"text-align: justify;\">O Pe. Frederico Vila nasceu em Brull (Espanha) no dia 13 de mar\u00e7o de 1884 e morreu no dia 11 de novembro de 1936. Trabalhou como professor, era uma pessoa culta e exemplar professor em diversos col\u00e9gios claretianos e foi ex\u00edmio professor na Unversidade Pontif\u00edcia de Tarragona. N\u00e3o obstante sua categoria de investigador, publicista e not\u00e1vel pregador, mostrou sempre uma compostura modesta, delicada e sens\u00edvel. Durante a guerra civil espanhola de 1936 foi encarcerado no navio <em>Rio Segre<\/em>. Depois de ter conseguido sua liberta\u00e7\u00e3o por meio de um parlamentar de Barcelona, poucas horas antes de chegar em suas m\u00e3os a carta de liberta\u00e7\u00e3o foi assassinado no povoado de Torredembarra (Tarragona). Foi Beatificado, juntamente com os demais m\u00e1rtires de Tarragona, no dia 13 de outubro de 2013 em Tarragona.<\/p>\n<p style=\"text-align: justify;\">O Beato Pe. Jaime Mir nasceu no dia 22 de dezembro de 1889 em Ciutadilla (Espanha) e morreu no dia 29 de julho de 1936. Foi professor na Unviersidade Pontif\u00edcia de Tarragona. Especialmente dotado para os estudos filos\u00f3ficos, foi amante tanto da ci\u00eancia como da virtude. Morreu por causa da f\u00e9, durante a guerra civil espanhola e foi enterrado na igreja dos Mission\u00e1rios Claretianos de Tarragona.<\/p>\n<p style=\"text-align: justify;\">O Ir. Ant\u00f4nio Vilamassana nasceu em Masoteras (Espanha) no dia 28 de janeiro de 1860 e foi martirizado no dia 25 de julho de 1936. Foi companheiro de pris\u00e3o do Pe. Vila. Viveu e sofreu a mesma situa\u00e7\u00e3o. Tinha 76 anos. Sua morte se deu na tr\u00e1gica jornada do dia 25 de agosto, estando prisioneiro no navio <em>Rio Segre<\/em>, ancorado no porto de Tarragona. Em paz com Deus e com sua consci\u00eancia e convencido de morrer por Cristo, atendeu a chamada dos dirigentes da FAI. O grupo foi conduzido para as proximidades de Valls e perto do cemit\u00e9rio foram assassinados. A sua foi uma vida simples e sua morte cheia de vida eterna.<\/p>\n","protected":false},"excerpt":{"rendered":"<p>Recordamos neste dia nossos m\u00e1rtires Pe. Frederico Vila, Pe. Jaime Mir e o Ir. Ant\u00f4nio Vilamassana, da comunidade de Tarragona, que derramaram seu sangue por Cristo. O Pe. Frederico Vila nasceu em Brull (Espanha) no dia 13 de mar\u00e7o de 1884 e morreu no dia 11 de novembro de 1936. Trabalhou como professor, era uma [&hellip;]<\/p>\n","protected":false},"author":69,"featured_media":28506,"parent":33284,"menu_order":0,"comment_status":"closed","ping_status":"closed","template":"","meta":{"_et_pb_use_builder":"","_et_pb_old_content":"","_et_gb_content_width":"","footnotes":""},"class_list":["post-28510","page","type-page","status-publish","has-post-thumbnail","hentry"],"jetpack_sharing_enabled":true,"jetpack_shortlink":"https:\/\/wp.me\/PdaBmi-7pQ","jetpack_likes_enabled":true,"_links":{"self":[{"href":"https:\/\/www.claret.org\/pt-pt\/wp-json\/wp\/v2\/pages\/28510","targetHints":{"allow":["GET"]}}],"collection":[{"href":"https:\/\/www.claret.org\/pt-pt\/wp-json\/wp\/v2\/pages"}],"about":[{"href":"https:\/\/www.claret.org\/pt-pt\/wp-json\/wp\/v2\/types\/page"}],"author":[{"embeddable":true,"href":"https:\/\/www.claret.org\/pt-pt\/wp-json\/wp\/v2\/users\/69"}],"replies":[{"embeddable":true,"href":"https:\/\/www.claret.org\/pt-pt\/wp-json\/wp\/v2\/comments?post=28510"}],"version-history":[{"count":0,"href":"https:\/\/www.claret.org\/pt-pt\/wp-json\/wp\/v2\/pages\/28510\/revisions"}],"up":[{"embeddable":true,"href":"https:\/\/www.claret.org\/pt-pt\/wp-json\/wp\/v2\/pages\/33284"}],"wp:featuredmedia":[{"embeddable":true,"href":"https:\/\/www.claret.org\/pt-pt\/wp-json\/wp\/v2\/media\/28506"}],"wp:attachment":[{"href":"https:\/\/www.claret.org\/pt-pt\/wp-json\/wp\/v2\/media?parent=28510"}],"curies":[{"name":"wp","href":"https:\/\/api.w.org\/{rel}","templated":true}]}}