{"id":28528,"date":"2018-09-06T10:29:57","date_gmt":"2018-09-06T08:29:57","guid":{"rendered":"https:\/\/www.claret.org\/fecha-20-de-novembro-beato-andre-sola-martir\/"},"modified":"2018-09-06T10:29:57","modified_gmt":"2018-09-06T08:29:57","slug":"fecha-20-de-novembro-beato-andre-sola-martir","status":"publish","type":"page","link":"https:\/\/www.claret.org\/pt-pt\/efemerides\/fecha-20-de-novembro-beato-andre-sola-martir\/","title":{"rendered":"Fecha: 20 de Novembro &#8211; Beato Andr\u00e9 Sol\u00e1, m\u00e1rtir"},"content":{"rendered":"<p style=\"text-align: justify;\">O Pe. Andr\u00e9 Sol\u00e1 nasceu no dia 7 de outubro de 1895 na ch\u00e1cara Vilarrasa de Taradell, perto de Vic, em uma fam\u00edlia humilde. Seus pais se chamavam Boaventura Sol\u00e1 e Ant\u00f4nia Molist. Teve onze irm\u00e3os. Sua inf\u00e2ncia a passou em um ambiente familiar crist\u00e3o, onde a principal riqueza era o amor a Deus, \u00e0 Virgem Maria e \u00e0 Igreja Cat\u00f3lica. Em fam\u00edlia floresceram duas voca\u00e7\u00f5es mais: Jaime, tamb\u00e9m mission\u00e1rio claretiano e Eudaldo, sacerdote diocesano de Vic.<\/p>\n<p style=\"text-align: justify;\"><img data-recalc-dims=\"1\" loading=\"lazy\" decoding=\"async\" class=\"alignleft\" title=\"\" src=\"https:\/\/i0.wp.com\/www2.claret.org\/sites\/default\/files\/imagenes\/espiritualidad\/calendario\/andres_sola.png?resize=183%2C283\" alt=\"\" width=\"183\" height=\"283\"><\/p>\n<p style=\"text-align: justify;\">Fez o Postulantado em Vic passando depois ao Noviciado de Cervera. Durante o ano de Noviciado esteve doente, momento de purifica\u00e7\u00e3o. Sua primeira profiss\u00e3o foi no dia 15 de agosto de 1914.<\/p>\n<p style=\"text-align: justify;\">A obedi\u00eancia o enviou ao M\u00e9xico. Exerceu a fun\u00e7\u00e3o de professor no Postulantado Claretiano de Toluca e repartia seu tempo com a prega\u00e7\u00e3o popular. Durante o tempo de Natal de 1924 foi enviado \u00e0 comunidade de Le\u00f3n (M\u00e9xico) onde pode dedicar-se com mais tranquilidade \u00e0 prega\u00e7\u00e3o, apesar do veto do governo mexicano a todo tipo de pastoral, sobretudo ao clero estrangeiro.<\/p>\n<p style=\"text-align: justify;\">A persegui\u00e7\u00e3o religiosa se recrudesceu fechando templos e perseguindo sacerdotes e religiosos. O Pe. Andr\u00e9 Sol\u00e1 se manteve fiel  \u00e0 sua voca\u00e7\u00e3o, continuando o exerc\u00edcio do seu minist\u00e9rio. Uma fotografia de uma primeira comunh\u00e3o delatou o Pe. Sol\u00e1 como sacerdote. Foi acusado, junto com Leonardo P\u00e9rez, um leigo colaborador, e um sacerdote diocesano, Trindade Rangel, de ter assaltado e descarrilado um trem. O Pe. Sol\u00e1 disse com todas as letras: &#8220;que me seja permitido manifestar que n\u00e3o tenho outro crime, que eu saiba, que o de ter cumprido com meu dever como mission\u00e1rio que sou&#8221;.<\/p>\n<p style=\"text-align: justify;\">No dia 25 de abril de 1927 foram fuzilados os tr\u00eas. Tanto Leonardo como o Pe. Rangel morreram imediatamente, mas o Pe. Sol\u00e1, ferido de morte, teve uma longa agonia martirial. S\u00e3o conhecidos como os M\u00e1rtires de S\u00e3o Joaquim, por causa do nome do lugar onde morreram.<\/p>\n<p style=\"text-align: justify;\">Nosso irm\u00e3o claretiano, o Pe. Andr\u00e9 Sol\u00e1 Molist foi beatificado em Guadalajara (M\u00e9xico), com 12 outros M\u00e1rtires Mexicanos, no dia 20 de novembro de 2005. Presidiu a celebra\u00e7\u00e3o o Cardeal Jos\u00e9 Saraiva Martins, Mission\u00e1rio Claretiano.<\/p>\n","protected":false},"excerpt":{"rendered":"<p>O Pe. Andr\u00e9 Sol\u00e1 nasceu no dia 7 de outubro de 1895 na ch\u00e1cara Vilarrasa de Taradell, perto de Vic, em uma fam\u00edlia humilde. Seus pais se chamavam Boaventura Sol\u00e1 e Ant\u00f4nia Molist. Teve onze irm\u00e3os. Sua inf\u00e2ncia a passou em um ambiente familiar crist\u00e3o, onde a principal riqueza era o amor a Deus, \u00e0 [&hellip;]<\/p>\n","protected":false},"author":69,"featured_media":28522,"parent":33284,"menu_order":0,"comment_status":"closed","ping_status":"closed","template":"","meta":{"_et_pb_use_builder":"","_et_pb_old_content":"","_et_gb_content_width":"","footnotes":""},"class_list":["post-28528","page","type-page","status-publish","has-post-thumbnail","hentry"],"jetpack_sharing_enabled":true,"jetpack_shortlink":"https:\/\/wp.me\/PdaBmi-7q8","jetpack_likes_enabled":true,"_links":{"self":[{"href":"https:\/\/www.claret.org\/pt-pt\/wp-json\/wp\/v2\/pages\/28528","targetHints":{"allow":["GET"]}}],"collection":[{"href":"https:\/\/www.claret.org\/pt-pt\/wp-json\/wp\/v2\/pages"}],"about":[{"href":"https:\/\/www.claret.org\/pt-pt\/wp-json\/wp\/v2\/types\/page"}],"author":[{"embeddable":true,"href":"https:\/\/www.claret.org\/pt-pt\/wp-json\/wp\/v2\/users\/69"}],"replies":[{"embeddable":true,"href":"https:\/\/www.claret.org\/pt-pt\/wp-json\/wp\/v2\/comments?post=28528"}],"version-history":[{"count":0,"href":"https:\/\/www.claret.org\/pt-pt\/wp-json\/wp\/v2\/pages\/28528\/revisions"}],"up":[{"embeddable":true,"href":"https:\/\/www.claret.org\/pt-pt\/wp-json\/wp\/v2\/pages\/33284"}],"wp:featuredmedia":[{"embeddable":true,"href":"https:\/\/www.claret.org\/pt-pt\/wp-json\/wp\/v2\/media\/28522"}],"wp:attachment":[{"href":"https:\/\/www.claret.org\/pt-pt\/wp-json\/wp\/v2\/media?parent=28528"}],"curies":[{"name":"wp","href":"https:\/\/api.w.org\/{rel}","templated":true}]}}