{"id":28545,"date":"2018-09-06T10:39:44","date_gmt":"2018-09-06T08:39:44","guid":{"rendered":"https:\/\/www.claret.org\/fecha-30-de-novembro-santo-andre-apostolo-e-compatrono\/"},"modified":"2022-04-07T16:21:15","modified_gmt":"2022-04-07T14:21:15","slug":"fecha-30-de-novembro-santo-andre-apostolo-e-compatrono","status":"publish","type":"page","link":"https:\/\/www.claret.org\/pt-pt\/efemerides\/fecha-30-de-novembro-santo-andre-apostolo-e-compatrono\/","title":{"rendered":"Fecha: 30 de Novembro &#8211; Santo Andr\u00e9, Ap\u00f3stolo e Compatrono"},"content":{"rendered":"<p style=\"text-align: justify;\">Andr\u00e9, irm\u00e3o de Pedro, \u00e9 apresentado pela tradi\u00e7\u00e3o sin\u00f3tica como um dos quatro primeiros disc\u00edpulos de Jesus. Sua voca\u00e7\u00e3o se narra duas vezes: entre os seguidores (cf Mc 1,16ss) e fazendo parte da sele\u00e7\u00e3o do grupo dos Doze (cf Mc 3,13ss). Mas n\u00e3o nos proporciona nenhum fato particular sobre este Ap\u00f3stolo, embora duas vezes seja associado aos temas referentes a Pedro, Santiago e Jo\u00e3o (cf Mc 1, 29; 13,3). Segundo o quarto Evangelho, Andr\u00e9 e Pedro, como Felipe, procedem de Betsaida, mas a tradi\u00e7\u00e3o sin\u00f3tica os coloca provenientes de Cafarnaum.<\/p>\n<p style=\"text-align: justify;\"><img data-recalc-dims=\"1\" loading=\"lazy\" decoding=\"async\" class=\"alignleft\" title=\"\" src=\"https:\/\/i0.wp.com\/www2.claret.org\/sites\/default\/files\/imagenes\/espiritualidad\/calendario\/71-san_andrs_apstol.jpg?resize=220%2C254\" alt=\"\" width=\"220\" height=\"254\"><\/p>\n<p style=\"text-align: justify;\">Andr\u00e9 tem uma especial relev\u00e2ncia no quarto Evangelho. Ali, juntamente com outro disc\u00edpulo que poderia ser o <em>discipulo amado<\/em>, \u00e9 o primeiro a seguir Jesus, obedecendo uma indica\u00e7\u00e3o do Batista. E n\u00e3o s\u00f3 \u00e9 o primeiro seguidor, mas tamb\u00e9m o primeiro Ap\u00f3stolo, o buscador de bons adeptos de Jesus: \u00e9 ele quem chama seu irm\u00e3o Pedro e um dia depois Felipe e os conduz a Jesus, que os aceita no seu seguimento.<\/p>\n<p style=\"text-align: justify;\">N\u00e3o s\u00f3 no momento do chamado, mas tamb\u00e9m em outros momentos, encontramos Andr\u00e9 associado a Felipe; ambos est\u00e3o juntos na multiplica\u00e7\u00e3o dos p\u00e3es, ambos fazem de intermedi\u00e1rios entre Jesus e os gregos que querem encontrar-se com Ele. Esta media\u00e7\u00e3o pode basear-se na prov\u00e1vel heleniza\u00e7\u00e3o destes Ap\u00f3stolos, unicos do grupo dos Doze que tem nome grego. Sobre a import\u00e2ncia de Andr\u00e9 na tradi\u00e7\u00e3o joaneica, dispomos de um interessante testemunho do s\u00e9culo II, o <em>Fragmento Muratoriano<\/em>, seguno o qual foi Andr\u00e9 quem animou Jo\u00e3o a escrever o seu Evangelho.<\/p>\n<p style=\"text-align: justify;\">Em um serm\u00e3o sobre Santo Andr\u00e9, o Padre Fundador destaca o entusiasmo mission\u00e1rio deste Ap\u00f3stolo, que logo depois de conhecer Jesus come\u00e7a a buscar adeptos: &#8220;Procura Pedro, seu irm\u00e3o, o v\u00ea, o alcan\u00e7a, lhe fala, lhe suplica e o convence; e content\u00edssimo, sem aguardar um instante, o leva consigo ao Messias, e o apresenta: &#8220;<em>Que coragem, que ousadia, que fervor apost\u00f3lico que n\u00e3o cessam de admirar todos os Santos Padres em um novo e apenas iniciado disc\u00edpulo. V\u00ea-se Andr\u00e9 dando j\u00e1 fruto desde o come\u00e7o do seu aprendizado, <\/em>diz S. Pedro Dami\u00e3o,<em> e transformado em pregador da verdade que acaba de ouvir. E se de tal maneira operou este santo homem quando era um disc\u00edpulo novo, quanto mais n\u00e3o ter\u00e1 feito em suas empresas depois de ter conhecido melhor Jesus Cristo, que o escolheu e o fez Ap\u00f3stolo&#8221;.<\/em><\/p>\n","protected":false},"excerpt":{"rendered":"<p>Andr\u00e9, irm\u00e3o de Pedro, \u00e9 apresentado pela tradi\u00e7\u00e3o sin\u00f3tica como um dos quatro primeiros disc\u00edpulos de Jesus. Sua voca\u00e7\u00e3o se narra duas vezes: entre os seguidores (cf Mc 1,16ss) e fazendo parte da sele\u00e7\u00e3o do grupo dos Doze (cf Mc 3,13ss). Mas n\u00e3o nos proporciona nenhum fato particular sobre este Ap\u00f3stolo, embora duas vezes seja [&hellip;]<\/p>\n","protected":false},"author":69,"featured_media":28541,"parent":33284,"menu_order":0,"comment_status":"closed","ping_status":"closed","template":"","meta":{"_et_pb_use_builder":"","_et_pb_old_content":"","_et_gb_content_width":"","footnotes":""},"class_list":["post-28545","page","type-page","status-publish","has-post-thumbnail","hentry"],"jetpack_sharing_enabled":true,"jetpack_shortlink":"https:\/\/wp.me\/PdaBmi-7qp","jetpack_likes_enabled":true,"_links":{"self":[{"href":"https:\/\/www.claret.org\/pt-pt\/wp-json\/wp\/v2\/pages\/28545","targetHints":{"allow":["GET"]}}],"collection":[{"href":"https:\/\/www.claret.org\/pt-pt\/wp-json\/wp\/v2\/pages"}],"about":[{"href":"https:\/\/www.claret.org\/pt-pt\/wp-json\/wp\/v2\/types\/page"}],"author":[{"embeddable":true,"href":"https:\/\/www.claret.org\/pt-pt\/wp-json\/wp\/v2\/users\/69"}],"replies":[{"embeddable":true,"href":"https:\/\/www.claret.org\/pt-pt\/wp-json\/wp\/v2\/comments?post=28545"}],"version-history":[{"count":0,"href":"https:\/\/www.claret.org\/pt-pt\/wp-json\/wp\/v2\/pages\/28545\/revisions"}],"up":[{"embeddable":true,"href":"https:\/\/www.claret.org\/pt-pt\/wp-json\/wp\/v2\/pages\/33284"}],"wp:featuredmedia":[{"embeddable":true,"href":"https:\/\/www.claret.org\/pt-pt\/wp-json\/wp\/v2\/media\/28541"}],"wp:attachment":[{"href":"https:\/\/www.claret.org\/pt-pt\/wp-json\/wp\/v2\/media?parent=28545"}],"curies":[{"name":"wp","href":"https:\/\/api.w.org\/{rel}","templated":true}]}}