{"id":28574,"date":"2018-09-06T11:22:01","date_gmt":"2018-09-06T09:22:01","guid":{"rendered":"https:\/\/www.claret.org\/fecha-23-de-dezembro-nascimento-de-santo-antonio-maria-claret\/"},"modified":"2018-09-06T11:22:01","modified_gmt":"2018-09-06T09:22:01","slug":"fecha-23-de-dezembro-nascimento-de-santo-antonio-maria-claret","status":"publish","type":"page","link":"https:\/\/www.claret.org\/pt-pt\/efemerides\/fecha-23-de-dezembro-nascimento-de-santo-antonio-maria-claret\/","title":{"rendered":"Fecha: 23 de Dezembro -Nascimento de Santo Ant\u00f4nio Maria Claret"},"content":{"rendered":"<p style=\"text-align: justify;\">No dia 24 de outubro, anivers\u00e1rio da morte de nosso Fundador, celebramos na Igreja sua festa ou mem\u00f3ria, que para nossa Congrega\u00e7\u00e3o reveste-se de solenidade lit\u00fargica. E hoje, 23 de dezembro, n\u00f3s fazemos mem\u00f3ria do seu nascimento para este mundo, o que \u00e9 motivo de alegria e ocasi\u00e3o para dar gra\u00e7as a Deus porque, com a vida de nosso Fundador, nos tem dado o Senhor tantos dons, sobretudo, o da comunh\u00e3o com seu esp\u00edrito evangelizador, <em>nasceu para evangelizar<\/em>.<\/p>\n<p style=\"text-align: justify;\"><img data-recalc-dims=\"1\" loading=\"lazy\" decoding=\"async\" class=\"alignleft\" title=\"\" src=\"https:\/\/i0.wp.com\/www2.claret.org\/sites\/default\/files\/imagenes\/espiritualidad\/calendario\/73--nacimiento_de_clarett.jpg?resize=227%2C333\" alt=\"\" width=\"227\" height=\"333\"><\/p>\n<p style=\"text-align: justify;\">Ant\u00f4nio Claret veio ao mundo em Sallent (Espanha) no dia 23 de dezembro de 1807. Esta data vem reconhecida pela opini\u00e3o mais comum, pois o Fundador n\u00e3o indica o dia exato, nem \u00e9 poss\u00edvel comprovar de outro modo. Foi batizado logo depois, segundo o costume de ent\u00e3o, no mesmo dia de Natal. &#8220;Puseram-me o nome de Ant\u00f4nio, Adjutorio, Juan&#8221; (Aut 5). Ele mesmo explica o porque destes nomes com que foi batizado, vinculados a refer\u00eancias estritamente familiares. O de Maria foi acrescentado posteriormente, por ocasi\u00e3o da sua consagra\u00e7\u00e3o episcopal, por devo\u00e7\u00e3o a Maria, pois Ela &#8220;\u00e9 minha M\u00e3e, minha Patrona, minha Mestra e meu tudo depois de Jesus&#8221; (Aut 5).<\/p>\n<p style=\"text-align: justify;\">Depois de uma feliz e piedosa inf\u00e2ncia, Ant\u00f4nio trabalhou na pequena f\u00e1brica de fia\u00e7\u00e3o e tecidos do seu pai, antes de transladar-se para a capital catal\u00e2 como estudante que sonhava com a ind\u00fastria t\u00eaxtil. Conhecemos quais foram seus passos posteriores. Sua vida tomou outros rumos. Deus cruzou seu caminho e o chamou para que fosse mission\u00e1rio. Mas, ao recordar hoje seu nascimento, nos interessa destacar o ambiente familiar no qual nasceu e cultivou sua voca\u00e7\u00e3o apost\u00f3lica.<\/p>\n<p style=\"text-align: justify;\">O clima espiritual no qual transcorreram os anos da sua inf\u00e2ncia e adolesc\u00eancia foi ideal dentro daquela \u00e9poca e naquele contexto. O lar no qual cresceu Ant\u00f4nio constituia um \u00e2mbito verdadeiramente educativo no qual recebera os valores humanos e crist\u00e3os mais aut\u00eanticos. Neste ambiente arraigaram-se em Ant\u00f4nio os bons costumes e surgiu logo nele a inclina\u00e7\u00e3o \u00e0 piedade.<\/p>\n<p style=\"text-align: justify;\">Ao comemorar, pois, neste dia a data do seu nascimento, damos gra\u00e7as a Deus pelo dom da sua vida mission\u00e1ria, iniciada em Sallent, junto ao rio Llobregat e chamada a desembocar no mar de todos os continentes para o bem da Igreja universal.<\/p>\n","protected":false},"excerpt":{"rendered":"<p>No dia 24 de outubro, anivers\u00e1rio da morte de nosso Fundador, celebramos na Igreja sua festa ou mem\u00f3ria, que para nossa Congrega\u00e7\u00e3o reveste-se de solenidade lit\u00fargica. E hoje, 23 de dezembro, n\u00f3s fazemos mem\u00f3ria do seu nascimento para este mundo, o que \u00e9 motivo de alegria e ocasi\u00e3o para dar gra\u00e7as a Deus porque, com [&hellip;]<\/p>\n","protected":false},"author":69,"featured_media":28569,"parent":33284,"menu_order":0,"comment_status":"closed","ping_status":"closed","template":"","meta":{"_et_pb_use_builder":"","_et_pb_old_content":"","_et_gb_content_width":"","footnotes":""},"class_list":["post-28574","page","type-page","status-publish","has-post-thumbnail","hentry"],"jetpack_sharing_enabled":true,"jetpack_shortlink":"https:\/\/wp.me\/PdaBmi-7qS","jetpack_likes_enabled":true,"_links":{"self":[{"href":"https:\/\/www.claret.org\/pt-pt\/wp-json\/wp\/v2\/pages\/28574","targetHints":{"allow":["GET"]}}],"collection":[{"href":"https:\/\/www.claret.org\/pt-pt\/wp-json\/wp\/v2\/pages"}],"about":[{"href":"https:\/\/www.claret.org\/pt-pt\/wp-json\/wp\/v2\/types\/page"}],"author":[{"embeddable":true,"href":"https:\/\/www.claret.org\/pt-pt\/wp-json\/wp\/v2\/users\/69"}],"replies":[{"embeddable":true,"href":"https:\/\/www.claret.org\/pt-pt\/wp-json\/wp\/v2\/comments?post=28574"}],"version-history":[{"count":0,"href":"https:\/\/www.claret.org\/pt-pt\/wp-json\/wp\/v2\/pages\/28574\/revisions"}],"up":[{"embeddable":true,"href":"https:\/\/www.claret.org\/pt-pt\/wp-json\/wp\/v2\/pages\/33284"}],"wp:featuredmedia":[{"embeddable":true,"href":"https:\/\/www.claret.org\/pt-pt\/wp-json\/wp\/v2\/media\/28569"}],"wp:attachment":[{"href":"https:\/\/www.claret.org\/pt-pt\/wp-json\/wp\/v2\/media?parent=28574"}],"curies":[{"name":"wp","href":"https:\/\/api.w.org\/{rel}","templated":true}]}}