{"id":28592,"date":"2018-09-06T11:31:28","date_gmt":"2018-09-06T09:31:28","guid":{"rendered":"https:\/\/www.claret.org\/fecha-26-de-dezembro-santo-estevao-protomartir\/"},"modified":"2018-09-06T11:31:28","modified_gmt":"2018-09-06T09:31:28","slug":"fecha-26-de-dezembro-santo-estevao-protomartir","status":"publish","type":"page","link":"https:\/\/www.claret.org\/pt-pt\/efemerides\/fecha-26-de-dezembro-santo-estevao-protomartir\/","title":{"rendered":"Fecha: 26 de Dezembro &#8211; Santo Est\u00eav\u00e3o, protom\u00e1rtir"},"content":{"rendered":"<p style=\"text-align: justify;\">Est\u00eava\u00f5 era judeu de origem. O voc\u00e1bulo <em>esteb <\/em>significa <em>coroa<\/em>. Por isso seu nome significa <em>coroado<\/em>. Deus honra seu nome coroando sua vida com o mart\u00edrio. Chama-se <em>protom\u00e1rtir <\/em>porque teve a honra de ser o primeiro m\u00e1rtir que derramou seu sangue por proclamar sua f\u00e9 em Jesus Cristo.<\/p>\n<p style=\"text-align: justify;\"><img data-recalc-dims=\"1\" loading=\"lazy\" decoding=\"async\" class=\"alignleft\" title=\"\" src=\"https:\/\/i0.wp.com\/www2.claret.org\/sites\/default\/files\/imagenes\/espiritualidad\/calendario\/74-c-san_esteban.jpg?resize=235%2C315\" alt=\"\" width=\"235\" height=\"315\"><\/p>\n<p style=\"text-align: justify;\">A Sagrada Escritura se refere a ele por primeira vez nos Atos dos Ap\u00f3tolos, quando foi eleito como um dos sete Di\u00e1conos. As circunst\u00e2ncias do seu mart\u00edrio indicam que a lapida\u00e7\u00e3o de Santo Est\u00eav\u00e3o n\u00e3o foi um ato de viol\u00eancia da multid\u00e3o, mas uma execu\u00e7\u00e3o judicial.<\/p>\n<p style=\"text-align: justify;\">A festa de Santo Est\u00eav\u00e3o sempre foi celebrada imediatamente depois do Natal para que, sendo o protom\u00e1rtir, estivesse o mais perto poss\u00edvel do nascimento do Filho de Deus. Antigamente se celebrava uma segunda festa de Santo Est\u00eav\u00e3o no dia 3 de agosto, para comemorar o descobrimento das suas rel\u00edquias, mas por um <em>Motu Propio<\/em> de Jo\u00e3o XXIII, do dia 25 de juho de 1960, esta segunda festa foi suprimida do Calend\u00e1rio Romano.<\/p>\n<p style=\"text-align: justify;\">Santo Est\u00eav\u00e3o \u00e9 patrono de Sallent (Espanha). Na igreja paroquial de Salletn tinha uma capela construida em 1419. Claret nos conta em sua Autobiografia que o primeiro serm\u00e3o que fez, depois da sua ordena\u00e7\u00e3o sacerdotal, foi o paneg\u00edrico de Santo Est\u00eav\u00e3o, santo Patrono da cidade (Cf Aut 103). Parece que celebraram a\u00ed a festa de Santo Est\u00eav\u00e3o no dia 13 de setembrro de 1835.<\/p>\n<p style=\"text-align: justify;\">Santo Ant\u00f4nio Maria Claret menciona Santo Est\u00eav\u00e3o quando narra, na Autobiografia, sua experi\u00eancia de vit\u00f3ria sobre a tenta\u00e7\u00e3o contra a castidade. Depois, em sua ordena\u00e7\u00e3o de Di\u00e1cono, em 1834, entendeu aquela presen\u00e7a de Santo Est\u00eav\u00e3o, n\u00e3o s\u00f3 como patrono, mas como modelo de identifica\u00e7\u00e3o vocacional que lhe mostrava sua futura miss\u00e3o de vencedor sobre os poderes do mal. Mais ainda, Sant Est\u00eav\u00e3o lhe indicava que sua luta n\u00e3o seria s\u00f3 contra a carne, mas contra todo mal.<\/p>\n","protected":false},"excerpt":{"rendered":"<p>Est\u00eava\u00f5 era judeu de origem. O voc\u00e1bulo esteb significa coroa. Por isso seu nome significa coroado. Deus honra seu nome coroando sua vida com o mart\u00edrio. Chama-se protom\u00e1rtir porque teve a honra de ser o primeiro m\u00e1rtir que derramou seu sangue por proclamar sua f\u00e9 em Jesus Cristo. A Sagrada Escritura se refere a ele [&hellip;]<\/p>\n","protected":false},"author":69,"featured_media":28586,"parent":33284,"menu_order":0,"comment_status":"closed","ping_status":"closed","template":"","meta":{"_et_pb_use_builder":"","_et_pb_old_content":"","_et_gb_content_width":"","footnotes":""},"class_list":["post-28592","page","type-page","status-publish","has-post-thumbnail","hentry"],"jetpack_sharing_enabled":true,"jetpack_shortlink":"https:\/\/wp.me\/PdaBmi-7ra","jetpack_likes_enabled":true,"_links":{"self":[{"href":"https:\/\/www.claret.org\/pt-pt\/wp-json\/wp\/v2\/pages\/28592","targetHints":{"allow":["GET"]}}],"collection":[{"href":"https:\/\/www.claret.org\/pt-pt\/wp-json\/wp\/v2\/pages"}],"about":[{"href":"https:\/\/www.claret.org\/pt-pt\/wp-json\/wp\/v2\/types\/page"}],"author":[{"embeddable":true,"href":"https:\/\/www.claret.org\/pt-pt\/wp-json\/wp\/v2\/users\/69"}],"replies":[{"embeddable":true,"href":"https:\/\/www.claret.org\/pt-pt\/wp-json\/wp\/v2\/comments?post=28592"}],"version-history":[{"count":0,"href":"https:\/\/www.claret.org\/pt-pt\/wp-json\/wp\/v2\/pages\/28592\/revisions"}],"up":[{"embeddable":true,"href":"https:\/\/www.claret.org\/pt-pt\/wp-json\/wp\/v2\/pages\/33284"}],"wp:featuredmedia":[{"embeddable":true,"href":"https:\/\/www.claret.org\/pt-pt\/wp-json\/wp\/v2\/media\/28586"}],"wp:attachment":[{"href":"https:\/\/www.claret.org\/pt-pt\/wp-json\/wp\/v2\/media?parent=28592"}],"curies":[{"name":"wp","href":"https:\/\/api.w.org\/{rel}","templated":true}]}}