{"id":28614,"date":"2018-09-06T11:49:43","date_gmt":"2018-09-06T09:49:43","guid":{"rendered":"https:\/\/www.claret.org\/fecha-27-de-dezembro-sao-joao-apostolo-evangelista-e-compatrono\/"},"modified":"2018-09-06T11:49:43","modified_gmt":"2018-09-06T09:49:43","slug":"fecha-27-de-dezembro-sao-joao-apostolo-evangelista-e-compatrono","status":"publish","type":"page","link":"https:\/\/www.claret.org\/pt-pt\/efemerides\/fecha-27-de-dezembro-sao-joao-apostolo-evangelista-e-compatrono\/","title":{"rendered":"Fecha: 27 de Dezembro &#8211; S\u00e3o Jo\u00e3o, Ap\u00f3stolo, Evangelista e Compatrono"},"content":{"rendered":"<p style=\"text-align: justify;\">A ci\u00eancia b\u00edblica distingue tr\u00eas personagens sob o t\u00edtulo da festa de hoje: <em>Jo\u00e3o<\/em>, o irm\u00e3o de Tiago e filho de Zebedeu; o <em>Disc\u00edpulo Amado<\/em>, cujo nome n\u00e3o conhecemos, mas que n\u00e3o \u00e9 do grupo dos Doze; e o <em>redator do quarto Evangelho<\/em>, pr\u00f3ximo do Disc\u00edpulo Amado, mas distinto dele. A antiguidade unificou os tr\u00eas em uma mesma pessoa. Dado que para n\u00f3s o mais importante \u00e9 o Evangelho que se formou na comunidade do Desc\u00edpulo Amado, vamos a este personagem, se n\u00e3o redator, pelo menos garantia da reflex\u00e3o ali transmitida.<\/p>\n<p style=\"text-align: justify;\"><img data-recalc-dims=\"1\" loading=\"lazy\" decoding=\"async\" class=\"alignleft\" title=\"\" src=\"https:\/\/i0.wp.com\/www2.claret.org\/sites\/default\/files\/imagenes\/espiritualidad\/calendario\/75-san_juan_segovia.jpg?resize=177%2C302\" alt=\"\" width=\"177\" height=\"302\"><\/p>\n<p style=\"text-align: justify;\">Certamente o <em>Disc\u00edpulo Amado<\/em> foi um personagem real, mas nos chegou como algo idealizado, como o disc\u00edpulo perfeito, que tem uma intimidade com Jesus (cf Jo 13,23) semelhante \u00e0 que Jesus tem com o Pai (cf Jo 1,18). Sem d\u00favida o t\u00edtulo do Disc\u00edpulo Amado foi a comunidade que lhe deu.<\/p>\n<p style=\"text-align: justify;\">Se prescindirmos dos tra\u00e7os que idealizaram a figura do <em>Disc\u00edpulo Amado<\/em>, poderemos saber que pertenceu \u00e0 comunidade do Batista, foi seguidor de Jesus durante suas passagens pela Judeia e especialmente no tempo da paix\u00e3o. Depois da P\u00e1scoa se converteu em testemunha e lider indiscut\u00edvel para um dos v\u00e1rios grupos judeu-crist\u00e3os que nasceram.<\/p>\n<p style=\"text-align: justify;\">N\u00e3o se sabe quando e onde faleceu o <em>Disc\u00edpulo Amado<\/em>. O importante \u00e9 que ele e sua escola fizeram uma profund\u00edssima reflex\u00e3o sobre Cristo e sua obra. No fim do s\u00e9culo primeiro se fundiram com as comunidades crist\u00e3s surgidas do apostolado de Pedro e de Paulo. E com isso se fecundou vigorosamente o patrim\u00f4nio teol\u00f3gico e espiritual da Igreja.<\/p>\n<p style=\"text-align: justify;\">O Padre Fundador, continuando o que ent\u00e3o a ci\u00eancia b\u00edblica propunha, admirou o arrojo apost\u00f3lico dos filhos do trov\u00e3o, t\u00edtulo dado por Jesus aos Zebedeus, sua fidelidade e profundidade dos escritos atribuidos a Jo\u00e3o: &#8220;O mais iluminado dos evangelhos e o que deu ideias mais elevadas de Jesus Cristo. Luzes que lhe comunicou o Senhor quando se reclinou sobre seu peito&#8221;.<\/p>\n","protected":false},"excerpt":{"rendered":"<p>A ci\u00eancia b\u00edblica distingue tr\u00eas personagens sob o t\u00edtulo da festa de hoje: Jo\u00e3o, o irm\u00e3o de Tiago e filho de Zebedeu; o Disc\u00edpulo Amado, cujo nome n\u00e3o conhecemos, mas que n\u00e3o \u00e9 do grupo dos Doze; e o redator do quarto Evangelho, pr\u00f3ximo do Disc\u00edpulo Amado, mas distinto dele. A antiguidade unificou os tr\u00eas [&hellip;]<\/p>\n","protected":false},"author":69,"featured_media":28610,"parent":33284,"menu_order":0,"comment_status":"closed","ping_status":"closed","template":"","meta":{"_et_pb_use_builder":"","_et_pb_old_content":"","_et_gb_content_width":"","footnotes":""},"class_list":["post-28614","page","type-page","status-publish","has-post-thumbnail","hentry"],"jetpack_sharing_enabled":true,"jetpack_shortlink":"https:\/\/wp.me\/PdaBmi-7rw","jetpack_likes_enabled":true,"_links":{"self":[{"href":"https:\/\/www.claret.org\/pt-pt\/wp-json\/wp\/v2\/pages\/28614","targetHints":{"allow":["GET"]}}],"collection":[{"href":"https:\/\/www.claret.org\/pt-pt\/wp-json\/wp\/v2\/pages"}],"about":[{"href":"https:\/\/www.claret.org\/pt-pt\/wp-json\/wp\/v2\/types\/page"}],"author":[{"embeddable":true,"href":"https:\/\/www.claret.org\/pt-pt\/wp-json\/wp\/v2\/users\/69"}],"replies":[{"embeddable":true,"href":"https:\/\/www.claret.org\/pt-pt\/wp-json\/wp\/v2\/comments?post=28614"}],"version-history":[{"count":0,"href":"https:\/\/www.claret.org\/pt-pt\/wp-json\/wp\/v2\/pages\/28614\/revisions"}],"up":[{"embeddable":true,"href":"https:\/\/www.claret.org\/pt-pt\/wp-json\/wp\/v2\/pages\/33284"}],"wp:featuredmedia":[{"embeddable":true,"href":"https:\/\/www.claret.org\/pt-pt\/wp-json\/wp\/v2\/media\/28610"}],"wp:attachment":[{"href":"https:\/\/www.claret.org\/pt-pt\/wp-json\/wp\/v2\/media?parent=28614"}],"curies":[{"name":"wp","href":"https:\/\/api.w.org\/{rel}","templated":true}]}}