{"id":62946,"date":"2019-09-30T22:03:38","date_gmt":"2019-09-30T20:03:38","guid":{"rendered":"https:\/\/www.claret.org\/longa-metragem-sobre-santo-antonio-maria-claret\/"},"modified":"2019-09-30T22:03:38","modified_gmt":"2019-09-30T20:03:38","slug":"longa-metragem-sobre-santo-antonio-maria-claret","status":"publish","type":"page","link":"https:\/\/www.claret.org\/pt-pt\/longa-metragem-sobre-santo-antonio-maria-claret\/","title":{"rendered":"LONGA-METRAGEM SOBRE SANTO ANT\u00d4NIO MARIA CLARET"},"content":{"rendered":"<h2><img data-recalc-dims=\"1\" loading=\"lazy\" decoding=\"async\" class=\"alignnone size-full wp-image-62629\" src=\"https:\/\/i0.wp.com\/www.claret.org\/wp-content\/uploads\/2019\/09\/PeliClaret014.jpeg?resize=1080%2C810&#038;ssl=1\" alt=\"\" width=\"1080\" height=\"810\" title=\"\" srcset=\"https:\/\/i0.wp.com\/www.claret.org\/wp-content\/uploads\/2019\/09\/PeliClaret014.jpeg?w=1600&amp;ssl=1 1600w, https:\/\/i0.wp.com\/www.claret.org\/wp-content\/uploads\/2019\/09\/PeliClaret014.jpeg?resize=300%2C225&amp;ssl=1 300w, https:\/\/i0.wp.com\/www.claret.org\/wp-content\/uploads\/2019\/09\/PeliClaret014.jpeg?resize=768%2C576&amp;ssl=1 768w, https:\/\/i0.wp.com\/www.claret.org\/wp-content\/uploads\/2019\/09\/PeliClaret014.jpeg?resize=1024%2C768&amp;ssl=1 1024w, https:\/\/i0.wp.com\/www.claret.org\/wp-content\/uploads\/2019\/09\/PeliClaret014.jpeg?resize=1080%2C810&amp;ssl=1 1080w\" sizes=\"(max-width: 1080px) 100vw, 1080px\" \/><\/h2>\n<h3 style=\"text-align: center;\"><span style=\"color: #ff0000;\"><strong>CROWDFUNDING:<\/strong> <a style=\"color: #ff0000;\" href=\"https:\/\/www.okpal.com\/pelicula-claret\" target=\"_blank\" rel=\"noopener noreferrer nofollow\">https:\/\/www.okpal.com\/pelicula-claret<\/a><\/span><\/h3>\n<h1><\/h1>\n<h2>SOBRE O PROJETO<\/h2>\n<p><span style=\"font-size: 14pt;\">Ap\u00f3s o sucesso de <a href=\"https:\/\/es.wikipedia.org\/wiki\/Un_dios_prohibido\" target=\"_blank\" rel=\"nofollow noopener noreferrer\">\u201cUm Deus Proibido\u201d<\/a>, filme sobre os m\u00e1rtires claretianos de Barbastro, na guerra civil espanhola, a Contracorriente Producciones inicia um novo longa-metragem inspirado na vida do fundador dos Mission\u00e1rios Claretianos: Antonio Maria Claret.<\/span><\/p>\n<p><span style=\"font-size: 14pt;\">Ant\u00f4nio Maria Claret foi um mission\u00e1rio espanhol do s\u00e9culo XIX, que chegou a ser arcebispo de Cuba e confessor da Rainha Isabel II em um momento turbulento na hist\u00f3ria da Espanha.<\/span><\/p>\n<p><span style=\"font-size: 14pt;\">Animado por um forte esp\u00edrito mission\u00e1rio, percorreu toda a Catalunha, Ilhas Can\u00e1rias e outras partes da Espanha para ajudar os outros a experimentar o amor de Deus. Com uma forte sensibilidade para o que era mais urgente, oportuno e eficaz, e com uma escolha clara pelos pobres, Claret incentivou outras pessoas a se juntarem a ele para responder \u00e0s necessidades urgentes do mundo de seu tempo e escreveu e editou muitos livros religiosos, folhetos e outras publica\u00e7\u00f5es.<\/span><\/p>\n<p><span style=\"font-size: 14pt;\">O filme sobre Claret se concentra no per\u00edodo em que serviu como arcebispo em Cuba, onde promoveu melhorias espirituais e sociais, e no tempo em que foi confessor da rainha Isabel II, com quem permaneceu at\u00e9 um ano antes de sua morte, exilado em Fontfroide (Fran\u00e7a), em 1870, depois de ter sido v\u00edtima de acusa\u00e7\u00f5es p\u00fablicas difamat\u00f3rias.<\/span><\/p>\n<p><span style=\"font-size: 14pt;\">Foi declarado santo pela Igreja Cat\u00f3lica em 1950 pelo papa Pio XII.<\/span><\/p>\n<h2><\/h2>\n<h2><strong>PARA QUE \u00c9 O FINANCIAMENTO?<\/strong><\/h2>\n<p><span style=\"font-size: 14pt;\">O filme sobre Claret se enquadra no chamado cinema espiritual ou cinema transcendente, porque tem em mente a transcend\u00eancia da pessoa, sua dimens\u00e3o espiritual e todas as suas manifesta\u00e7\u00f5es na ternura, amor, perd\u00e3o, criatividade, compaix\u00e3o&#8230;<\/span><\/p>\n<p><span style=\"font-size: 14pt;\">Para que o cinema espiritual avance, deve ser um cinema de qualidade. N\u00e3o \u00e9 f\u00e1cil apostar em cinema espiritual de qualidade. A grande ind\u00fastria cinematogr\u00e1fica geralmente tem outras prefer\u00eancias. Alguns pequenos produtores independentes se atrevem a ir al\u00e9m do simples entretenimento. Mas, na medida em que os recursos s\u00e3o otimizados, o or\u00e7amento m\u00ednimo para um longa-metragem com filmagem ao ar livre ou ambienta\u00e7\u00e3o hist\u00f3rica \u00e9 elevado.<\/span><\/p>\n<p><span style=\"font-size: 14pt;\">Assim como eles fizeram em seu momento com &#8220;Um Deus Proibido&#8221;, os Mission\u00e1rios Claretianos coproduzir\u00e3o o filme sobre Claret e financiar\u00e3o o projeto inteiro, mas \u00e9 um grande esfor\u00e7o. Pensamos que entre a grande fam\u00edlia claretiana em todo o mundo, os seguidores da figura de Claret e, em geral, entre os amantes do bom cinema espiritual, pode haver muitas pessoas dispostas a comprometer-se com uma doa\u00e7\u00e3o que ajude este projeto para que chegue a bom porto.<\/span><\/p>\n<p><span style=\"font-size: 14pt;\">O or\u00e7amento do projeto \u00e9 de 500.000 euros. Nosso objetivo econ\u00f4mico \u00e9 chegar a financiar 10% do filme, ou seja, 50.000 euros. Mas o que mais nos move \u00e9 dar a muitas pessoas a oportunidade de fazer parte desse belo projeto e senti-lo como seu.<\/span><\/p>\n<p>&nbsp;<\/p>\n<h2><strong>QUEM EST\u00c1 POR TR\u00c1S DESTE PROJETO DE CROWDFUNDING?<\/strong><\/h2>\n<p><span style=\"font-size: 14pt;\">Por tr\u00e1s desse projeto de crowdfunding est\u00e1 a <a href=\"http:\/\/www.familiaclaretiana.org\" target=\"_blank\" rel=\"nofollow noopener noreferrer\"><strong>Familia Claretiana<\/strong><\/a>, composta por todas as institui\u00e7\u00f5es religiosas internacionais que, direta ou indiretamente, foram fundadas ou inspiradas por Antonio Maria Claret. Para obter informa\u00e7\u00f5es diretas sobre o projeto, entre em contato com Tino Rodr\u00edguez (tinoarrobaseglaresclaretianospontocom).<\/span><\/p>\n<p>&nbsp;<\/p>\n<h2><strong>SOBRE O DIRETOR<\/strong><\/h2>\n<p><img data-recalc-dims=\"1\" loading=\"lazy\" decoding=\"async\" class=\"alignnone size-full wp-image-62526\" src=\"https:\/\/i0.wp.com\/www.claret.org\/wp-content\/uploads\/2019\/09\/PeliClaret008.jpeg?resize=1080%2C720&#038;ssl=1\" alt=\"\" width=\"1080\" height=\"720\" title=\"\" srcset=\"https:\/\/i0.wp.com\/www.claret.org\/wp-content\/uploads\/2019\/09\/PeliClaret008.jpeg?w=1600&amp;ssl=1 1600w, https:\/\/i0.wp.com\/www.claret.org\/wp-content\/uploads\/2019\/09\/PeliClaret008.jpeg?resize=300%2C200&amp;ssl=1 300w, https:\/\/i0.wp.com\/www.claret.org\/wp-content\/uploads\/2019\/09\/PeliClaret008.jpeg?resize=768%2C512&amp;ssl=1 768w, https:\/\/i0.wp.com\/www.claret.org\/wp-content\/uploads\/2019\/09\/PeliClaret008.jpeg?resize=1024%2C682&amp;ssl=1 1024w, https:\/\/i0.wp.com\/www.claret.org\/wp-content\/uploads\/2019\/09\/PeliClaret008.jpeg?resize=1080%2C720&amp;ssl=1 1080w\" sizes=\"(max-width: 1080px) 100vw, 1080px\" \/><\/p>\n<p><span style=\"font-size: 14pt;\"><strong>Pablo Moreno Hern\u00e1ndez<\/strong>, 1983. Diploma em Ensino, Educa\u00e7\u00e3o Infantil e Bacharel em Comunica\u00e7\u00e3o Audiovisual pela Universidade de Salamanca. Diretor, produtor, roteirista. Fundador da empresa Contracorriente Producciones SLU em 2006, co-fundador da Associa\u00e7\u00e3o Cultural Kinema Siete em 2010. Gerente da Contracorriente Producciones de 2008 at\u00e9 o presente. Presidente de Kinema Siete desde 2010. Diretor do Festival Internacional de Cinema Educacional e Espiritual de Ciudad Rodrigo desde 2011. Respons\u00e1vel <em>in solidum<\/em> do Departamento de Evangeliza\u00e7\u00e3o e novas tecnologias da Diocese de Ciudad Rodrigo desde 2012. Diretor da Paix\u00e3o realizada pelo grupo teatral juvenil El Manantial 2009-2019. Diretor do grupo de teatro de Mulheres Amanecer desde 2010. Diretor da Conjura de Ciudad Rodrigo, do grupo Rodericus desde 2016. Professor Associado da Universidade de Salamanca desde 2018, nas \u00e1reas de Produ\u00e7\u00e3o e Fic\u00e7\u00e3o.<\/span><\/p>\n<h2><strong>FILMOGRAFIA<\/strong><\/h2>\n<h3>LONGA-METRAGENS:<\/h3>\n<p><span style=\"font-size: 14pt;\">Talit\u00e1 Kum (2008), Pablo de Tarso, el \u00faltimo viaje (2009), Un Dios prohibido (2012), Poveda (2015), Luz de Soledad (2016), Red de libertad (2017)<\/span><\/p>\n<h3>CURTA-METRAGENS:<\/h3>\n<p><span style=\"font-size: 14pt;\">Sacerdote, regalo de Dios para el mundo (2011), Alba (2012), La llamada (2013), Norte (2014), La Revoluci\u00f3n de Jeferson (2014), Gracias (2016), Sagrario, Hogar de abandonados (2016), Querida Alicia (2018), Alma (2018).<\/span><\/p>\n<p>&nbsp;<\/p>\n<h2><strong>SINOPSE<\/strong><\/h2>\n<p><em><span style=\"font-size: 14pt;\">No ano de 1930, o escritor Azor\u00edn descobre que a apar\u00eancia do arcebispo espanhol Claret, em sua obra The Will, escrita em 1904, est\u00e1 errada. Algu\u00e9m deturpou os acontecimentos e a imagem do arcebispo. Iniciar\u00e1 ent\u00e3o uma investiga\u00e7\u00e3o que o levar\u00e1 a seguir os passos de Antonio Claret, de sua Catalunha natal, atrav\u00e9s da Cuba colonial do s\u00e9culo XIX e seu confronto contra a escravid\u00e3o, at\u00e9 a corte do Rainha Isabel II. Claret: empres\u00e1rio t\u00eaxtil catal\u00e3o, sacerdote e mission\u00e1rio. Um homem que lutou a vida inteira contra a injusti\u00e7a e os poderes do mundo e levou o fogo da luz do Evangelho por todos os cantos do mundo.<\/span><\/em><\/p>\n<p><em> <\/em><\/p>\n<h2><strong>ELENCO<\/strong><\/h2>\n<p><img data-recalc-dims=\"1\" loading=\"lazy\" decoding=\"async\" class=\"alignnone size-full wp-image-62532\" src=\"https:\/\/i0.wp.com\/www.claret.org\/wp-content\/uploads\/2019\/09\/PeliClaret013.jpeg?resize=1080%2C810&#038;ssl=1\" alt=\"\" width=\"1080\" height=\"810\" title=\"\" srcset=\"https:\/\/i0.wp.com\/www.claret.org\/wp-content\/uploads\/2019\/09\/PeliClaret013.jpeg?w=1600&amp;ssl=1 1600w, https:\/\/i0.wp.com\/www.claret.org\/wp-content\/uploads\/2019\/09\/PeliClaret013.jpeg?resize=300%2C225&amp;ssl=1 300w, https:\/\/i0.wp.com\/www.claret.org\/wp-content\/uploads\/2019\/09\/PeliClaret013.jpeg?resize=768%2C576&amp;ssl=1 768w, https:\/\/i0.wp.com\/www.claret.org\/wp-content\/uploads\/2019\/09\/PeliClaret013.jpeg?resize=1024%2C768&amp;ssl=1 1024w, https:\/\/i0.wp.com\/www.claret.org\/wp-content\/uploads\/2019\/09\/PeliClaret013.jpeg?resize=1080%2C810&amp;ssl=1 1080w\" sizes=\"(max-width: 1080px) 100vw, 1080px\" \/><\/p>\n<p><span style=\"font-size: 14pt;\"><strong>Claret:<\/strong> Antonio Reyes. \u201cAlta mar\u201d Netflix 2019, \u201cBrigada del Sol\u201d 2019, \u201cSecretos de Estado\u201d 2019, \u201cPulsaciones\u201d 2017, \u201cEl ministerio del tiempo\u201d 2016, \u201cGran Hotel\u201d 2011-2013, \u201cF\u00edsica o Qu\u00edmica\u201d (2011) \u201cGran Reserva\u201d (2011)<\/span><\/p>\n<p>&nbsp;<\/p>\n<p><img data-recalc-dims=\"1\" loading=\"lazy\" decoding=\"async\" class=\"alignnone size-full wp-image-62538\" src=\"https:\/\/i0.wp.com\/www.claret.org\/wp-content\/uploads\/2019\/09\/PeliClaret011.jpeg?resize=1080%2C1267&#038;ssl=1\" alt=\"\" width=\"1080\" height=\"1267\" title=\"\" srcset=\"https:\/\/i0.wp.com\/www.claret.org\/wp-content\/uploads\/2019\/09\/PeliClaret011.jpeg?w=1228&amp;ssl=1 1228w, https:\/\/i0.wp.com\/www.claret.org\/wp-content\/uploads\/2019\/09\/PeliClaret011.jpeg?resize=256%2C300&amp;ssl=1 256w, https:\/\/i0.wp.com\/www.claret.org\/wp-content\/uploads\/2019\/09\/PeliClaret011.jpeg?resize=768%2C901&amp;ssl=1 768w, https:\/\/i0.wp.com\/www.claret.org\/wp-content\/uploads\/2019\/09\/PeliClaret011.jpeg?resize=873%2C1024&amp;ssl=1 873w, https:\/\/i0.wp.com\/www.claret.org\/wp-content\/uploads\/2019\/09\/PeliClaret011.jpeg?resize=1080%2C1267&amp;ssl=1 1080w\" sizes=\"(max-width: 1080px) 100vw, 1080px\" \/><\/p>\n<p><span style=\"font-size: 14pt;\"><strong>Isabel II:<\/strong> Alba Recondo. Cine \u201c18 Comidas\u201d 2008, \u201cLas brujas de E\u2019lente\u201d (2014), Teatro \u201cNocturnos\u201d 2017, \u201cYo soy Pepe Postigo\u201d 2017, \u201cKvetch\u201d 2017.<\/span><\/p>\n<p><span style=\"font-size: 14pt;\"><strong>Currius:<\/strong> Roberto Chapu. \u201cservir y Protejer\u201d 2018, \u201cMonteperdido\u201d (2019), \u201cLa Casa de Papel\u201d (2019).<\/span><\/p>\n<p><span style=\"font-size: 14pt;\"><strong>Dionisio Gonzalez:<\/strong> Xiqui Rodr\u00edguez. Dr\u00e1cula, Anatom\u00eda del Miedo, para Cuarteto Teatro. (2008), \u201cEl \u00daltimo Viaje\u201d de B\u00e9atrice Fulconis. (2009), \u201cPedro y el Capit\u00e1n\u201d (2010), \u201cYo era Hamlet\u201d de W. Shakespeare e H. M\u00fcller (2012), \u201cM\u00edrame\u201d de Ester P\u00e9rez Arribas (2011) e \u201cCartas al Emperador\u201d de Roberto Garc\u00eda Encinas (2017). Realiza trabalhos cinematogr\u00e1ficos como \u201cPoveda\u201d (2015) e \u201cSoledad\u201d (2016).<\/span><\/p>\n<p>&nbsp;<\/p>\n<p>&nbsp;<\/p>\n<p><img data-recalc-dims=\"1\" loading=\"lazy\" decoding=\"async\" class=\"alignnone size-full wp-image-62544\" src=\"https:\/\/i0.wp.com\/www.claret.org\/wp-content\/uploads\/2019\/09\/PeliClaret003.jpeg?resize=1080%2C810&#038;ssl=1\" alt=\"\" width=\"1080\" height=\"810\" title=\"\" srcset=\"https:\/\/i0.wp.com\/www.claret.org\/wp-content\/uploads\/2019\/09\/PeliClaret003.jpeg?w=1600&amp;ssl=1 1600w, https:\/\/i0.wp.com\/www.claret.org\/wp-content\/uploads\/2019\/09\/PeliClaret003.jpeg?resize=300%2C225&amp;ssl=1 300w, https:\/\/i0.wp.com\/www.claret.org\/wp-content\/uploads\/2019\/09\/PeliClaret003.jpeg?resize=768%2C576&amp;ssl=1 768w, https:\/\/i0.wp.com\/www.claret.org\/wp-content\/uploads\/2019\/09\/PeliClaret003.jpeg?resize=1024%2C768&amp;ssl=1 1024w, https:\/\/i0.wp.com\/www.claret.org\/wp-content\/uploads\/2019\/09\/PeliClaret003.jpeg?resize=1080%2C810&amp;ssl=1 1080w\" sizes=\"(max-width: 1080px) 100vw, 1080px\" \/><\/p>\n<p><span style=\"font-size: 14pt;\"><strong>Se\u00f1ora Sandovall:<\/strong> Assumpta Serna. \u201cEl crimen de Cuenca\u201d 1979, \u201cEl jard\u00edn secreto\u201d 1984, \u201cMatador\u201d 1986, Yo, la peor de todas (1992), \u201cEl maestro de esgrima\u201d (1992) \u201cjovenes y brujas (1996), \u201cRed de libertad\u201d (2017).<\/span><\/p>\n<p><span style=\"font-size: 14pt;\"><strong>O\u2019Donnel:<\/strong> Scott Cleverdon. \u201cEl mundo es suyo\u201d (2017) \u201cI\u2019ll Be Home for Christmas\u201d (2017) \u201cEL ministerio del tiempo\u201d (2017), \u201cBorgia\u201d (2011-2014) \u201clos fantasmas de Goya\u201d (2006) \u201cThe Amazing Grace\u201d (2006).<\/span><\/p>\n<p><span style=\"font-size: 14pt;\"><strong>Pai de Claret:<\/strong> Juan Lombardero. \u201cArde Madrid\u201d 2018, \u201cDe infiltrant\u201d  (2018) \u201cVelvet\u201d (2015), \u201cFrancisco, el Padre Jorge\u201d (2015) \u201cVictor Ros\u201d (2015), \u201cAmar es para siempre\u201d (2008-2009), \u201cLa Conjura del Escorial\u201d (2008), \u201cYo soy Bea\u201d (2006.2008).<\/span><\/p>\n<p><span style=\"font-size: 14pt;\"><strong>Arcebispo de Toledo:<\/strong> Pablo Pinedo. \u201cEl milagro de P. Tinto\u201d (1998), \u201cLa gran Aventura de Mortadelo y Filem\u00f3n\u201d (2003), \u201cSantos\u201d 2008, \u201cLa mula\u201d (2014).<\/span><\/p>\n<p><span style=\"font-size: 14pt;\"><strong>Carma:<\/strong> Laura Contreras. \u201cLuz de Soledad\u201d 2016, \u201cCentro m\u00e9dico\u201d 2016-2017, \u201cGrupo 2 homicidios\u201d 2017, \u201cEstoy vivo\u201d 2017.<\/span><\/p>\n<p><span style=\"font-size: 14pt;\"><strong>Alejo: Emilio Linder, <\/strong><a href=\"https:\/\/es.wikipedia.org\/wiki\/M%C3%A9dico_de_familia_(serie_de_TV)\" rel=\"nofollow noopener\" target=\"_blank\">M\u00e9dico de familia<\/a>, <a href=\"https:\/\/es.wikipedia.org\/wiki\/M%C3%A1s_que_amigos_(Espa%C3%B1a)\" rel=\"nofollow noopener\" target=\"_blank\">M\u00e1s que amigos<\/a>(<a href=\"https:\/\/es.wikipedia.org\/wiki\/1997\" rel=\"nofollow noopener\" target=\"_blank\">1997<\/a>), <a href=\"https:\/\/es.wikipedia.org\/wiki\/Al_salir_de_clase\" rel=\"nofollow noopener\" target=\"_blank\">Al salir de clase<\/a> (<a href=\"https:\/\/es.wikipedia.org\/wiki\/1999\" rel=\"nofollow noopener\" target=\"_blank\">1999<\/a>&#8211;<a href=\"https:\/\/es.wikipedia.org\/wiki\/2000\" rel=\"nofollow noopener\" target=\"_blank\">2000<\/a>), <a href=\"https:\/\/es.wikipedia.org\/wiki\/Tres_son_multitud_(serie_de_TV_de_Espa%C3%B1a)\" rel=\"nofollow noopener\" target=\"_blank\">Tres son multitud<\/a>(<a href=\"https:\/\/es.wikipedia.org\/wiki\/2003\" rel=\"nofollow noopener\" target=\"_blank\">2003<\/a>), <a href=\"https:\/\/es.wikipedia.org\/wiki\/Al_filo_de_la_ley\" rel=\"nofollow noopener\" target=\"_blank\">Al filo de la ley<\/a> (<a href=\"https:\/\/es.wikipedia.org\/wiki\/2004\" rel=\"nofollow noopener\" target=\"_blank\">2004<\/a>), <a href=\"https:\/\/es.wikipedia.org\/wiki\/Polic%C3%ADas_(serie_de_TV)\" rel=\"nofollow noopener\" target=\"_blank\">Polic\u00edas<\/a>, <a href=\"https:\/\/es.wikipedia.org\/wiki\/Periodistas_(serie_de_TV)\" rel=\"nofollow noopener\" target=\"_blank\">Periodistas<\/a>, <a href=\"https:\/\/es.wikipedia.org\/wiki\/Los_simuladores_(serie_de_TV_de_Espa%C3%B1a)\" rel=\"nofollow noopener\" target=\"_blank\">Los simuladores<\/a>, <a href=\"https:\/\/es.wikipedia.org\/wiki\/Hermanos_y_detectives_(serie_de_TV_de_Espa%C3%B1a)\" rel=\"nofollow noopener\" target=\"_blank\">Hermanos y detectives<\/a> y <a href=\"https:\/\/es.wikipedia.org\/wiki\/El_comisario\" rel=\"nofollow noopener\" target=\"_blank\">El comisario<\/a>, entre muchas otras y en las pel\u00edculas <a href=\"https:\/\/es.wikipedia.org\/wiki\/Los_fantasmas_de_Goya\" rel=\"nofollow noopener\" target=\"_blank\">Los fantasmas de Goya<\/a> (2006), de <a href=\"https:\/\/es.wikipedia.org\/wiki\/Milos_Forman\" rel=\"nofollow noopener\" target=\"_blank\">Milos Forman<\/a>,<a href=\"https:\/\/es.wikipedia.org\/wiki\/La_voz_dormida_(pel%C3%ADcula)\" rel=\"nofollow noopener\" target=\"_blank\">La voz dormida<\/a>, de <a href=\"https:\/\/es.wikipedia.org\/wiki\/Benito_Zambrano\" rel=\"nofollow noopener\" target=\"_blank\">Benito Zambrano<\/a> y <a href=\"https:\/\/es.wikipedia.org\/wiki\/Carmen_(pel%C3%ADcula_de_2003)\" rel=\"nofollow noopener\" target=\"_blank\">Carmen<\/a>, de <a href=\"https:\/\/es.wikipedia.org\/wiki\/Vicente_Aranda\" rel=\"nofollow noopener\" target=\"_blank\">Vicente Aranda<\/a>.<\/span><\/p>\n<p><span style=\"font-size: 14pt;\"><strong>Pio Baroja:<\/strong> <em>Pablo Vi\u00f1a,<\/em> &#8220;Ladies of the (h) Ampa&#8221; (2019), &#8220;Living without permission&#8221; (2018), &#8220;The Ministry of Time&#8221; (2017) &#8220;Sea of \u200b\u200bplastic&#8221; (2016), &#8220;Olmos and Robles&#8221; (2015) &#8220;Victor Ros&#8221; (2014), &#8220;The Secret of the Old Bridge&#8221; (2011).<\/span><\/p>\n<p><span style=\"font-size: 14pt;\"><strong>Azor\u00edn:<\/strong> <em>Carlos Ca\u00f1as,<\/em> &#8220;Costa del Sol Brigade&#8221; (2019) &#8220;The one that is coming&#8221; (2008-2019), &#8220;Luz de Soledad&#8221; (2016), &#8220;Red de libertad&#8221; 2017.<\/span><\/p>\n<h2><\/h2>\n<h2><strong>LOCALIZA\u00c7\u00d5ES<\/strong><\/h2>\n<p><span style=\"font-size: 14pt;\">O filme j\u00e1 est\u00e1 sendo rodado entre Ciudad Rodrigo, Viseu (Portugal), Santander, Burgos, Salamanca e Madri.<\/span><\/p>\n<h2><\/h2>\n<h2><strong>DATAS DE FILMAGENS E ESTREIA<\/strong><\/h2>\n<p><span style=\"font-size: 14pt;\">As datas aproximadas para a rodagem s\u00e3o do fim de setembro de 2019 a princ\u00edpios de novembro de 2019.<\/span><\/p>\n<p><span style=\"font-size: 14pt;\">A estreia est\u00e1 prevista para outubro de 2020<\/span><\/p>\n<h2><\/h2>\n<h2>WEBS RELACIONADAS COM O PROJETO<\/h2>\n<p><strong><a href=\"https:\/\/www.claret.org\" rel=\"nofollow\">www.claret.org<\/a><\/strong><\/p>\n<p><strong><a href=\"http:\/\/www.familiaclaretiana.org\" target=\"_blank\" rel=\"nofollow noopener noreferrer\">www.familiaclaretiana.org<\/a> <\/strong><\/p>\n<p><strong><a href=\"http:\/\/www.contracorrienteproducciones.es\" target=\"_blank\" rel=\"nofollow noopener noreferrer\">www.contracorrienteproducciones.es<\/a> <\/strong><\/p>\n<h2><\/h2>\n<h2>ALGUMAS IMAGENS DAS FILMAGENS<\/h2>\n<p>&nbsp;<\/p>\n<p>[envira-gallery id=&#8221;62550&#8243;]<\/p>\n<p>&nbsp;<\/p>\n<h3><strong>CROWDFUNDING:<\/strong> <a href=\"https:\/\/www.okpal.com\/feature-film-about-st-anthony-mary-claret\" target=\"_blank\" rel=\"noopener noreferrer nofollow\">https:\/\/www.okpal.com\/feature-film-about-st-anthony-mary-claret<\/a><\/h3>\n","protected":false},"excerpt":{"rendered":"<p>CROWDFUNDING: https:\/\/www.okpal.com\/pelicula-claret SOBRE O PROJETO Ap\u00f3s o sucesso de \u201cUm Deus Proibido\u201d, filme sobre os m\u00e1rtires claretianos de Barbastro, na guerra civil espanhola, a Contracorriente Producciones inicia um novo longa-metragem inspirado na vida do fundador dos Mission\u00e1rios Claretianos: Antonio Maria Claret. Ant\u00f4nio Maria Claret foi um mission\u00e1rio espanhol do s\u00e9culo XIX, que chegou a ser [&hellip;]<\/p>\n","protected":false},"author":2,"featured_media":62634,"parent":0,"menu_order":0,"comment_status":"closed","ping_status":"closed","template":"","meta":{"_et_pb_use_builder":"","_et_pb_old_content":"","_et_gb_content_width":"","footnotes":""},"class_list":["post-62946","page","type-page","status-publish","has-post-thumbnail","hentry"],"jetpack_sharing_enabled":true,"jetpack_shortlink":"https:\/\/wp.me\/PdaBmi-gng","jetpack_likes_enabled":true,"_links":{"self":[{"href":"https:\/\/www.claret.org\/pt-pt\/wp-json\/wp\/v2\/pages\/62946","targetHints":{"allow":["GET"]}}],"collection":[{"href":"https:\/\/www.claret.org\/pt-pt\/wp-json\/wp\/v2\/pages"}],"about":[{"href":"https:\/\/www.claret.org\/pt-pt\/wp-json\/wp\/v2\/types\/page"}],"author":[{"embeddable":true,"href":"https:\/\/www.claret.org\/pt-pt\/wp-json\/wp\/v2\/users\/2"}],"replies":[{"embeddable":true,"href":"https:\/\/www.claret.org\/pt-pt\/wp-json\/wp\/v2\/comments?post=62946"}],"version-history":[{"count":0,"href":"https:\/\/www.claret.org\/pt-pt\/wp-json\/wp\/v2\/pages\/62946\/revisions"}],"wp:featuredmedia":[{"embeddable":true,"href":"https:\/\/www.claret.org\/pt-pt\/wp-json\/wp\/v2\/media\/62634"}],"wp:attachment":[{"href":"https:\/\/www.claret.org\/pt-pt\/wp-json\/wp\/v2\/media?parent=62946"}],"curies":[{"name":"wp","href":"https:\/\/api.w.org\/{rel}","templated":true}]}}