{"id":63392,"date":"2019-10-07T12:02:23","date_gmt":"2019-10-07T10:02:23","guid":{"rendered":"https:\/\/www.claret.org\/a-missao-claretiana-2\/"},"modified":"2019-11-14T17:06:33","modified_gmt":"2019-11-14T16:06:33","slug":"a-missao-claretiana-2","status":"publish","type":"page","link":"https:\/\/www.claret.org\/pt-pt\/a-missao-claretiana-2\/","title":{"rendered":"A Miss\u00e3o Claretiana"},"content":{"rendered":"<p>[et_pb_section fb_built=&#8221;1&#8243; fullwidth=&#8221;on&#8221; _builder_version=&#8221;3.29.3&#8243; bottom_divider_style=&#8221;slant&#8221; bottom_divider_color=&#8221;#ef5821&#8243; bottom_divider_flip=&#8221;horizontal&#8221; fb_built=&#8221;1&#8243; _i=&#8221;0&#8243; _address=&#8221;0&#8243;][et_pb_fullwidth_slider admin_label=&#8221;TCM Slider&#8221; _builder_version=&#8221;3.29.3&#8243; box_shadow_style_image=&#8221;preset1&#8243; global_module=&#8221;63066&#8243; saved_tabs=&#8221;all&#8221; _i=&#8221;0&#8243; _address=&#8221;0.0&#8243;][et_pb_slide heading=&#8221;Miss\u00e3o Claretiana 2019&#8243; image=&#8221;https:\/\/www.claret.org\/wp-content\/uploads\/2019\/09\/TCM-2019.jpg&#8221; use_bg_overlay=&#8221;on&#8221; use_text_overlay=&#8221;on&#8221; text_overlay_color=&#8221;rgba(0,0,0,0.71)&#8221; _builder_version=&#8221;3.29.3&#8243; header_font=&#8221;|800||on|||||&#8221; background_image=&#8221;https:\/\/www.claret.org\/wp-content\/uploads\/2019\/09\/TCM-2019.jpg&#8221; background_enable_image=&#8221;on&#8221; background_position=&#8221;top_center&#8221; _i=&#8221;0&#8243; _address=&#8221;0.0.0&#8243;]<span class=\"tlid-translation translation\" lang=\"es\"><span class=\"\" title=\"\"><span class=\"tlid-translation translation\" lang=\"pt\">Esta edi\u00e7\u00e3o da Miss\u00e3o Claretiana \u00e9 dedicada ao idioma falado pelos mission\u00e1rios claretianos e muitas outras pessoas relacionadas a n\u00f3s. <span title=\"\">\u00c9 como um dicion\u00e1rio de palavras essenciais.<\/span> <span title=\"\">Mas por tr\u00e1s de cada palavra h\u00e1 belas hist\u00f3rias de miss\u00f5es claretianas em todo o mundo.<\/span><\/span><\/span><\/span>[\/et_pb_slide][\/et_pb_fullwidth_slider][\/et_pb_section][et_pb_section fb_built=&#8221;1&#8243; _builder_version=&#8221;3.29.3&#8243; background_color=&#8221;#e2531f&#8221; fb_built=&#8221;1&#8243; _i=&#8221;1&#8243; _address=&#8221;1&#8243;][et_pb_row _builder_version=&#8221;3.29.3&#8243; _i=&#8221;0&#8243; _address=&#8221;1.0&#8243;][et_pb_column type=&#8221;4_4&#8243; _builder_version=&#8221;3.29.3&#8243; _i=&#8221;0&#8243; _address=&#8221;1.0.0&#8243;][et_pb_text _builder_version=&#8221;3.29.3&#8243; global_module=&#8221;63349&#8243; saved_tabs=&#8221;all&#8221; _i=&#8221;0&#8243; _address=&#8221;1.0.0.0&#8243;]<\/p>\n<h2 style=\"text-align: center;\"><span class=\"tlid-translation translation\" lang=\"pt\"><span class=\"\" title=\"\">DOWNLOAD DA VERS\u00c3O PDF<\/span><\/span><\/h2>\n<p style=\"text-align: center;\"><\/p>\n<p>[\/et_pb_text][\/et_pb_column][\/et_pb_row][\/et_pb_section][et_pb_section fb_built=&#8221;1&#8243; _builder_version=&#8221;3.29.3&#8243; top_divider_style=&#8221;slant&#8221; top_divider_color=&#8221;#e2531f&#8221; top_divider_flip=&#8221;vertical&#8221; fb_built=&#8221;1&#8243; _i=&#8221;2&#8243; _address=&#8221;2&#8243; global_module=&#8221;63380&#8243; saved_tabs=&#8221;all&#8221;][et_pb_row column_structure=&#8221;1_4,1_4,1_4,1_4&#8243; _builder_version=&#8221;3.29.3&#8243; _i=&#8221;0&#8243; _address=&#8221;2.0&#8243;][et_pb_column type=&#8221;1_4&#8243; _builder_version=&#8221;3.29.3&#8243; _i=&#8221;0&#8243; _address=&#8221;2.0.0&#8243;][et_pb_blurb title=&#8221;Miss\u00e3o Claretiana 2019&#8243; image=&#8221;https:\/\/www.claret.org\/wp-content\/uploads\/2019\/09\/TCM-2019.jpg&#8221; _builder_version=&#8221;3.29.3&#8243; _dynamic_attributes=&#8221;link_option_url&#8221; header_text_align=&#8221;center&#8221; header_text_color=&#8221;#b21818&#8243; body_text_align=&#8221;center&#8221; body_text_color=&#8221;#000000&#8243; text_orientation=&#8221;center&#8221; custom_padding=&#8221;10px|10px|10px|10px|false|false&#8221; link_option_url=&#8221;@ET-DC@eyJkeW5hbWljIjp0cnVlLCJjb250ZW50IjoicG9zdF9saW5rX3VybF9wYWdlIiwic2V0dGluZ3MiOnsicG9zdF9pZCI6IjYzMDQ5In19@&#8221; border_color_all=&#8221;#b2850a&#8221; box_shadow_style=&#8221;preset3&#8243; box_shadow_style_image=&#8221;preset1&#8243; _i=&#8221;0&#8243; _address=&#8221;2.0.0.0&#8243;]<span class=\"tlid-translation translation\" lang=\"es\"><span class=\"\" title=\"\"><span class=\"tlid-translation translation\" lang=\"pt\">Um dicion\u00e1rio da l\u00edngua claretiana.<\/span><\/span><\/span>[\/et_pb_blurb][\/et_pb_column][et_pb_column type=&#8221;1_4&#8243; _builder_version=&#8221;3.29.3&#8243; _i=&#8221;1&#8243; _address=&#8221;2.0.1&#8243;][et_pb_blurb title=&#8221;Miss\u00e3o Claretiana 2018&#8243; image=&#8221;https:\/\/www.claret.org\/wp-content\/uploads\/2018\/06\/08.jpg&#8221; _builder_version=&#8221;3.29.3&#8243; header_text_align=&#8221;center&#8221; header_text_color=&#8221;#b21818&#8243; body_text_align=&#8221;center&#8221; body_text_color=&#8221;#000000&#8243; text_orientation=&#8221;center&#8221; custom_padding=&#8221;10px|10px|10px|10px|false|false&#8221; border_color_all=&#8221;#b2850a&#8221; box_shadow_style=&#8221;preset3&#8243; box_shadow_style_image=&#8221;preset1&#8243; _i=&#8221;0&#8243; _address=&#8221;2.0.1.0&#8243;]<span class=\"tlid-translation translation\" lang=\"es\"><span class=\"\" title=\"\"><span class=\"tlid-translation translation\" lang=\"pt\">Dedicado ao trabalho pastoral com jovens<\/span><\/span><\/span>[\/et_pb_blurb][\/et_pb_column][et_pb_column type=&#8221;1_4&#8243; _builder_version=&#8221;3.29.3&#8243; _i=&#8221;2&#8243; _address=&#8221;2.0.2&#8243;][et_pb_blurb title=&#8221;Miss\u00e3o Claretiana 2017&#8243; image=&#8221;https:\/\/www.claret.org\/wp-content\/uploads\/2019\/10\/TCM-2017.jpg&#8221; _builder_version=&#8221;3.29.3&#8243; header_text_align=&#8221;center&#8221; header_text_color=&#8221;#b21818&#8243; body_text_align=&#8221;center&#8221; body_text_color=&#8221;#000000&#8243; text_orientation=&#8221;center&#8221; custom_padding=&#8221;10px|10px|10px|10px|false|false&#8221; border_color_all=&#8221;#b2850a&#8221; box_shadow_style=&#8221;preset3&#8243; box_shadow_style_image=&#8221;preset1&#8243; _i=&#8221;0&#8243; _address=&#8221;2.0.2.0&#8243;]<span class=\"tlid-translation translation\" lang=\"es\"><span class=\"\" title=\"\"><span class=\"tlid-translation translation\" lang=\"pt\">Caracter\u00edsticas carism\u00e1ticas dos Mission\u00e1rios Claretianos<\/span><\/span><\/span>[\/et_pb_blurb][\/et_pb_column][et_pb_column type=&#8221;1_4&#8243; _builder_version=&#8221;3.29.3&#8243; _i=&#8221;3&#8243; _address=&#8221;2.0.3&#8243;][et_pb_blurb title=&#8221;Miss\u00e3o Claretiana 2016&#8243; image=&#8221;https:\/\/www.claret.org\/wp-content\/uploads\/2019\/10\/LMC-2016.jpg&#8221; _builder_version=&#8221;3.29.3&#8243; header_text_align=&#8221;center&#8221; header_text_color=&#8221;#b21818&#8243; body_text_align=&#8221;center&#8221; body_text_color=&#8221;#000000&#8243; text_orientation=&#8221;center&#8221; custom_padding=&#8221;10px|10px|10px|10px|false|false&#8221; border_color_all=&#8221;#b2850a&#8221; box_shadow_style=&#8221;preset3&#8243; box_shadow_style_image=&#8221;preset1&#8243; _i=&#8221;0&#8243; _address=&#8221;2.0.3.0&#8243;]<span class=\"tlid-translation translation\" lang=\"es\"><span class=\"\" title=\"\"><span class=\"tlid-translation translation\" lang=\"pt\">As obras corporais e espirituais da miseric\u00f3rdia<\/span><\/span><\/span>[\/et_pb_blurb][\/et_pb_column][\/et_pb_row][et_pb_row column_structure=&#8221;1_4,1_4,1_4,1_4&#8243; _builder_version=&#8221;3.29.3&#8243; _i=&#8221;1&#8243; _address=&#8221;2.1&#8243;][et_pb_column type=&#8221;1_4&#8243; _builder_version=&#8221;3.29.3&#8243; _i=&#8221;0&#8243; _address=&#8221;2.1.0&#8243;][et_pb_blurb title=&#8221;Miss\u00e3o Claretiana 2015&#8243; image=&#8221;https:\/\/www.claret.org\/wp-content\/uploads\/2019\/10\/TCM-2015.jpg&#8221; _builder_version=&#8221;3.29.3&#8243; header_text_align=&#8221;center&#8221; header_text_color=&#8221;#b21818&#8243; body_text_align=&#8221;center&#8221; body_text_color=&#8221;#000000&#8243; text_orientation=&#8221;center&#8221; custom_padding=&#8221;10px|10px|10px|10px|false|false&#8221; border_color_all=&#8221;#b2850a&#8221; box_shadow_style=&#8221;preset3&#8243; box_shadow_style_image=&#8221;preset1&#8243; _i=&#8221;0&#8243; _address=&#8221;2.1.0.0&#8243;]<span class=\"tlid-translation translation\" lang=\"es\"><span class=\"\" title=\"\"><span class=\"tlid-translation translation\" lang=\"pt\">Dedicado \u00e0 Educa\u00e7\u00e3o Pastoral<\/span><\/span><\/span>[\/et_pb_blurb][\/et_pb_column][et_pb_column type=&#8221;1_4&#8243; _builder_version=&#8221;3.29.3&#8243; _i=&#8221;1&#8243; _address=&#8221;2.1.1&#8243;][et_pb_blurb title=&#8221;Miss\u00e3o Claretiana 2014&#8243; image=&#8221;https:\/\/www.claret.org\/wp-content\/uploads\/2019\/10\/TCM-2014.jpg&#8221; _builder_version=&#8221;3.29.3&#8243; header_text_align=&#8221;center&#8221; header_text_color=&#8221;#b21818&#8243; body_text_align=&#8221;center&#8221; body_text_color=&#8221;#000000&#8243; text_orientation=&#8221;center&#8221; custom_padding=&#8221;10px|10px|10px|10px|false|false&#8221; border_color_all=&#8221;#b2850a&#8221; box_shadow_style=&#8221;preset3&#8243; box_shadow_style_image=&#8221;preset1&#8243; _i=&#8221;0&#8243; _address=&#8221;2.1.1.0&#8243;]<span class=\"tlid-translation translation\" lang=\"es\"><span class=\"\" title=\"\"><span class=\"tlid-translation translation\" lang=\"pt\">O estilo Mission\u00e1rio Claretiano<\/span><\/span><\/span>[\/et_pb_blurb][\/et_pb_column][et_pb_column type=&#8221;1_4&#8243; _builder_version=&#8221;3.29.3&#8243; _i=&#8221;2&#8243; _address=&#8221;2.1.2&#8243;][et_pb_blurb title=&#8221;Miss\u00e3o Claretiana 2013&#8243; image=&#8221;https:\/\/www.claret.org\/wp-content\/uploads\/2019\/10\/TCM-2013.jpg&#8221; _builder_version=&#8221;3.29.3&#8243; header_text_align=&#8221;center&#8221; header_text_color=&#8221;#b21818&#8243; body_text_align=&#8221;center&#8221; body_text_color=&#8221;#000000&#8243; text_orientation=&#8221;center&#8221; custom_padding=&#8221;10px|10px|10px|10px|false|false&#8221; border_color_all=&#8221;#b2850a&#8221; box_shadow_style=&#8221;preset3&#8243; box_shadow_style_image=&#8221;preset1&#8243; _i=&#8221;0&#8243; _address=&#8221;2.1.2.0&#8243;]<span class=\"tlid-translation translation\" lang=\"es\"><span class=\"alt-edited\" title=\"\"><span class=\"tlid-translation translation\" lang=\"pt\"><span class=\"\" title=\"\">Dedicado ao JPIC<\/span><\/span><\/span><\/span>[\/et_pb_blurb][\/et_pb_column][et_pb_column type=&#8221;1_4&#8243; _builder_version=&#8221;3.29.3&#8243; _i=&#8221;3&#8243; _address=&#8221;2.1.3&#8243;][et_pb_blurb title=&#8221;Miss\u00e3o Claretiana 2012&#8243; image=&#8221;https:\/\/www.claret.org\/wp-content\/uploads\/2019\/10\/TCM-2012.jpg&#8221; _builder_version=&#8221;3.29.3&#8243; header_text_align=&#8221;center&#8221; header_text_color=&#8221;#b21818&#8243; body_text_align=&#8221;center&#8221; body_text_color=&#8221;#000000&#8243; text_orientation=&#8221;center&#8221; custom_padding=&#8221;10px|10px|10px|10px|false|false&#8221; border_color_all=&#8221;#b2850a&#8221; box_shadow_style=&#8221;preset3&#8243; box_shadow_style_image=&#8221;preset1&#8243; _i=&#8221;0&#8243; _address=&#8221;2.1.3.0&#8243;]<span class=\"tlid-translation translation\" lang=\"es\"><span class=\"\" title=\"\"><span class=\"tlid-translation translation\" lang=\"pt\">Dedicado \u00e0 miss\u00e3o compartilhada<\/span><\/span><\/span>[\/et_pb_blurb][\/et_pb_column][\/et_pb_row][\/et_pb_section]<\/p>\n","protected":false},"excerpt":{"rendered":"<p>Esta edi\u00e7\u00e3o da Miss\u00e3o Claretiana \u00e9 dedicada ao idioma falado pelos mission\u00e1rios claretianos e muitas outras pessoas relacionadas a n\u00f3s. \u00c9 como um dicion\u00e1rio de palavras essenciais. Mas por tr\u00e1s de cada palavra h\u00e1 belas hist\u00f3rias de miss\u00f5es claretianas em todo o mundo.DOWNLOAD DA VERS\u00c3O PDF  Um dicion\u00e1rio da l\u00edngua claretiana.Dedicado ao trabalho [&hellip;]<\/p>\n","protected":false},"author":2,"featured_media":0,"parent":0,"menu_order":0,"comment_status":"closed","ping_status":"closed","template":"","meta":{"_et_pb_use_builder":"on","_et_pb_old_content":"","_et_gb_content_width":"","footnotes":""},"class_list":["post-63392","page","type-page","status-publish","hentry"],"jetpack_sharing_enabled":true,"jetpack_shortlink":"https:\/\/wp.me\/PdaBmi-gus","jetpack_likes_enabled":true,"_links":{"self":[{"href":"https:\/\/www.claret.org\/pt-pt\/wp-json\/wp\/v2\/pages\/63392","targetHints":{"allow":["GET"]}}],"collection":[{"href":"https:\/\/www.claret.org\/pt-pt\/wp-json\/wp\/v2\/pages"}],"about":[{"href":"https:\/\/www.claret.org\/pt-pt\/wp-json\/wp\/v2\/types\/page"}],"author":[{"embeddable":true,"href":"https:\/\/www.claret.org\/pt-pt\/wp-json\/wp\/v2\/users\/2"}],"replies":[{"embeddable":true,"href":"https:\/\/www.claret.org\/pt-pt\/wp-json\/wp\/v2\/comments?post=63392"}],"version-history":[{"count":0,"href":"https:\/\/www.claret.org\/pt-pt\/wp-json\/wp\/v2\/pages\/63392\/revisions"}],"wp:attachment":[{"href":"https:\/\/www.claret.org\/pt-pt\/wp-json\/wp\/v2\/media?parent=63392"}],"curies":[{"name":"wp","href":"https:\/\/api.w.org\/{rel}","templated":true}]}}